{"id":876,"date":"2017-12-07T12:50:13","date_gmt":"2017-12-07T10:50:13","guid":{"rendered":"http:\/\/spasturda.ro\/?page_id=876"},"modified":"2025-07-21T12:25:20","modified_gmt":"2025-07-21T09:25:20","slug":"sesizari-si-reclamatii","status":"publish","type":"page","link":"http:\/\/asistentasocialaturda.ro\/index.php\/sesizari-si-reclamatii\/","title":{"rendered":"Sesiz\u0103ri \u0219i reclama\u021bii"},"content":{"rendered":"<div>\n<p style=\"text-align: justify;\" align=\"justify\">Prin PETI\u0162IE se \u00een\u0163elege cererea, reclama\u0163ia, sesizarea sau propunerea formulat\u0103 \u00een scris ori prin post\u0103 electronic\u0103, pe care un cet\u0103\u0163ean sau o organiza\u0163ie legal constituit\u0103 o poate adresa autorit\u0103\u0163ilor \u015fi institu\u0163iilor publice centrale \u015fi locale, serviciilor publice descentralizate ale ministerelor \u015fi ale celorlalte organe centrale, companiilor \u015fi societ\u0103\u0163ilor na\u0163ionale, societ\u0103\u0163ilor comerciale de interes jude\u0163ean sau local, precum \u015fi regiilor autonome, denumite \u00een continuare autorit\u0103\u0163i si institu\u0163ii publice. (art. 2 din Ordonan\u0163a Guvernului nr. 27\/2002 privind reglementarea activit\u0103\u0163ii de solu\u0163ionare a peti\u0163iilor cu modific\u0103rile ulterioare).<\/p>\n<\/div>\n<div>\n<p style=\"text-align: justify;\">Pentru informa\u021bii referitoare la prelucrarea datelor cu caracter personal clic\u00a0<a href=\"https:\/\/asistentasocialaturda.ro\/index.php\/date-cu-caracter-personal\/\"><b>aici<\/b><\/a>.<\/p>\n<\/div>\n\n<div class=\"wpcf7 no-js\" id=\"wpcf7-f4105-o1\" lang=\"ro-RO\" dir=\"ltr\" data-wpcf7-id=\"4105\">\n<div class=\"screen-reader-response\"><p role=\"status\" aria-live=\"polite\" aria-atomic=\"true\"><\/p> <ul><\/ul><\/div>\n<form action=\"\/index.php\/wp-json\/wp\/v2\/pages\/876#wpcf7-f4105-o1\" method=\"post\" class=\"wpcf7-form init\" aria-label=\"Formular de contact\" enctype=\"multipart\/form-data\" novalidate=\"novalidate\" data-status=\"init\">\n<fieldset class=\"hidden-fields-container\"><input type=\"hidden\" name=\"_wpcf7\" value=\"4105\" \/><input type=\"hidden\" name=\"_wpcf7_version\" value=\"6.1.5\" \/><input type=\"hidden\" name=\"_wpcf7_locale\" value=\"ro_RO\" \/><input type=\"hidden\" name=\"_wpcf7_unit_tag\" value=\"wpcf7-f4105-o1\" \/><input type=\"hidden\" name=\"_wpcf7_container_post\" value=\"0\" \/><input type=\"hidden\" name=\"_wpcf7_posted_data_hash\" value=\"\" \/><input type=\"hidden\" name=\"_wpcf7_recaptcha_response\" value=\"\" \/>\n<\/fieldset>\n<p><label> Nume \u0219i prenume *<br \/>\n<span class=\"wpcf7-form-control-wrap\" data-name=\"your-name\"><input size=\"40\" maxlength=\"400\" class=\"wpcf7-form-control wpcf7-text wpcf7-validates-as-required\" autocomplete=\"name\" aria-required=\"true\" aria-invalid=\"false\" value=\"\" type=\"text\" name=\"your-name\" \/><\/span> <\/label>\n<\/p>\n<p><label> Adresa de email *<br \/>\n<span class=\"wpcf7-form-control-wrap\" data-name=\"your-email\"><input size=\"40\" maxlength=\"400\" class=\"wpcf7-form-control wpcf7-email wpcf7-validates-as-required wpcf7-text wpcf7-validates-as-email\" autocomplete=\"email\" aria-required=\"true\" aria-invalid=\"false\" value=\"\" type=\"email\" name=\"your-email\" \/><\/span> <\/label>\n<\/p>\n<p><label> Adresa de domiciliu (Jude\u021b, Localitate, strada, num\u0103rul, apartament)*<br \/>\n<span class=\"wpcf7-form-control-wrap\" data-name=\"text-629\"><input size=\"40\" maxlength=\"400\" class=\"wpcf7-form-control wpcf7-text wpcf7-validates-as-required\" aria-required=\"true\" aria-invalid=\"false\" value=\"\" type=\"text\" name=\"text-629\" \/><\/span> <\/label>\n<\/p>\n<p><label> Cod numeric personal *<br \/>\n<span class=\"wpcf7-form-control-wrap\" data-name=\"text-48\"><input size=\"40\" maxlength=\"13\" minlength=\"13\" class=\"wpcf7-form-control wpcf7-text wpcf7-validates-as-required\" aria-required=\"true\" aria-invalid=\"false\" value=\"\" type=\"text\" name=\"text-48\" \/><\/span> <\/label>\n<\/p>\n<p><label> Num\u0103rul de telefon *<br \/>\n<span class=\"wpcf7-form-control-wrap\" data-name=\"tel-784\"><input size=\"40\" maxlength=\"400\" class=\"wpcf7-form-control wpcf7-tel wpcf7-validates-as-required wpcf7-text wpcf7-validates-as-tel\" aria-required=\"true\" aria-invalid=\"false\" value=\"\" type=\"tel\" name=\"tel-784\" \/><\/span> <\/label>\n<\/p>\n<p><label> Subiect *<br \/>\n<span class=\"wpcf7-form-control-wrap\" data-name=\"your-subject\"><input size=\"40\" maxlength=\"400\" class=\"wpcf7-form-control wpcf7-text wpcf7-validates-as-required\" aria-required=\"true\" aria-invalid=\"false\" value=\"\" type=\"text\" name=\"your-subject\" \/><\/span> <\/label>\n<\/p>\n<p><label> Mesajul t\u0103u *<br \/>\n<span class=\"wpcf7-form-control-wrap\" data-name=\"your-message\"><textarea cols=\"40\" rows=\"10\" maxlength=\"2000\" class=\"wpcf7-form-control wpcf7-textarea\" aria-invalid=\"false\" name=\"your-message\"><\/textarea><\/span> <\/label>\n<\/p>\n<p><label> Ata\u0219eaz\u0103 document (maxim 20MB)<br \/>\n<span class=\"wpcf7-form-control-wrap\" data-name=\"file-83\"><input size=\"40\" class=\"wpcf7-form-control wpcf7-file\" accept=\".pdf,audio\/*,video\/*,image\/*\" aria-invalid=\"false\" type=\"file\" name=\"file-83\" \/><\/span><br \/>\n<span class=\"wpcf7-form-control-wrap\" data-name=\"checkbox-872\"><span class=\"wpcf7-form-control wpcf7-checkbox wpcf7-validates-as-required\"><span class=\"wpcf7-list-item first\"><label><input type=\"checkbox\" name=\"checkbox-872[]\" value=\"Sunt de acord cu termenii \u0219i condi\u021biile\" \/><span class=\"wpcf7-list-item-label\">Sunt de acord cu termenii \u0219i condi\u021biile<\/span><\/label><\/span><span class=\"wpcf7-list-item last\"><label><input type=\"checkbox\" name=\"checkbox-872[]\" value=\"Sunt de acord cu prelucrarea datelor cu caracter personal\" \/><span class=\"wpcf7-list-item-label\">Sunt de acord cu prelucrarea datelor cu caracter personal<\/span><\/label><\/span><\/span><\/span><br \/>\n<input class=\"wpcf7-form-control wpcf7-submit has-spinner\" type=\"submit\" value=\"Trimite\" \/><\/label>\n<\/p><div class=\"wpcf7-response-output\" aria-hidden=\"true\"><\/div>\n<\/form>\n<\/div>\n\n<p style=\"text-align: justify;\">C\u00e2mpurile marcate cu\u00a0<span class=\"asterisk-required\">*<\/span>\u00a0sunt obligatorii.<br \/>\nDatele furnizate vor fi folosite \u00een conformitate cu legile \u0219i regulamentele \u00een vigoare.<br \/>\nUtilizatorul i\u0219i asum\u0103 \u00eentreaga responsabilitate pentru datele furnizate.<br \/>\n\u00cen cazul \u00een care aceste date sunt gre\u0219ite\/false nu v\u0103 vom putea furniza informa\u021biile\/datele solicitate.<br \/>\nV\u0103 mul\u021bumim.<\/p>\n<hr \/>\n<div class=\"modal-header\">\n<div class=\"modal-header\">\n<h4 id=\"titlu\" class=\"modal-title text-info\" style=\"padding-left: 40px;\"><em><span style=\"font-size: 10pt; color: #000000;\">Termeni \u0219i condi\u021biile<\/span><\/em><\/h4>\n<p style=\"text-align: justify; padding-left: 40px;\"><em><span style=\"font-size: 10pt; color: #000000;\">Prin folosirea formularului, accepta\u021bi c\u0103 sunte\u021bi de acord cu Termenii \u0219i condi\u021biile de func\u021bionare a acesteia. Ace\u0219ti termeni pot fi modifica\u021bi de c\u0103tre unitatea administrativ teritorial\u0103, f\u0103r\u0103 notificare prealabil\u0103, pentru \u00eembun\u0103t\u0103\u021birea\/optimizarea platformei sau a serviciului.<\/span><\/em><br \/>\n<em><span style=\"font-size: 10pt; color: #000000;\">Responsabilitatea corectitudinii datelor \u00eenregistrate \u00een platform\u0103 apar\u021bine fiec\u0103rui utilizator \u00een parte.<\/span><\/em><br \/>\n<em><span style=\"font-size: 10pt; color: #000000;\">Cererile \u0219i orice documente \u00eenc\u0103rcate devin proprietatea unit\u0103\u021bii administrativ teritoriale \u0219i vor fi utilizate exclusiv pentru rezolvarea peti\u021bie depuse.<\/span><\/em><br \/>\n<em><span style=\"font-size: 10pt; color: #000000;\">Toate drepturile de proprietate intelectual\u0103 aferente sunt proprietatea DAS Turda.<\/span><\/em><\/p>\n<\/div>\n<h4 id=\"titlu\" class=\"modal-title text-info\" style=\"text-align: justify; padding-left: 40px;\"><em><span style=\"font-size: 10pt; color: #000000;\">Protec\u021bia datelor cu caracter personal<\/span><\/em><\/h4>\n<\/div>\n<div class=\"modal-body\" style=\"padding-left: 40px;\">\n<div style=\"text-align: justify; padding-left: 40px;\">\n<p><em><span style=\"font-size: 10pt; color: #000000;\">Stimate domn\/doamn\u0103,<\/span><\/em><\/p>\n<p><em><span style=\"font-size: 10pt; color: #000000;\">V\u0103 aducem la cunostin\u0163\u0103 faptul c\u0103 datele dumneavoastr\u0103 cu caracter personal sunt prelucrate de DAS Turda, cu respectarea tuturor prevederilor Regulamentului European nr. 679\/2016, \u00een scopul \u00eendeplinirii atribu\u0163iilor legale ale administra\u0163iei publice locale.<\/span><\/em><br \/>\n<em><span style=\"font-size: 10pt; color: #000000;\">Orice persoan\u0103 care viziteaz\u0103 site-ul institu\u021biei \u0219i transmite online o peti\u021bie, oferind date cu caracter personal \u00een mod voluntar institu\u021biei publice, \u00ee\u0219i manifest\u0103 acordul \u00een mod expres \u0219i neechivoc, pentru urm\u0103toarele.<\/span><\/em><br \/>\n<em><span style=\"font-size: 10pt; color: #000000;\">&#8211; S\u0103 primeasc\u0103 pe e-mail num\u0103r de \u00eenregistrare din registrul de eviden\u021b\u0103, pentru cererea depus\u0103 conform OG27\/2002, privind reglementarea activit\u0103\u021bii de solu\u021bionare a peti\u021biilor;<\/span><\/em><br \/>\n<em><span style=\"font-size: 10pt; color: #000000;\">&#8211; S\u0103 primeasc\u0103 r\u0103spuns din partea DAS Turda, pe e-mail;<\/span><\/em><br \/>\n<em><span style=\"font-size: 10pt; color: #000000;\">&#8211; Datele personale (e-mail-ul furnizat) s\u0103 poat\u0103 fi prelucrate de c\u0103tre DAS Turda \u00een scopuri statistice;<\/span><\/em><\/p>\n<p><em><span style=\"font-size: 10pt; color: #000000;\">Datele pot fi dezv\u0103luite unor ter\u0163i \u00een baza unui temei legal justificat. V\u0103 pute\u0163i exercita drepturile de acces, interven\u0163ie \u015fi de opozi\u0163ie \u00een condi\u0163iile prev\u0103zute de Regulamentul U.E. nr. 679\/2016, printr-o cerere scris\u0103, semnat\u0103 \u015fi datat\u0103, depus\u0103 la sediul institu\u0163iei.<\/span><\/em><\/p>\n<p><em><span style=\"font-size: 10pt; color: #000000;\">V\u0103 inform\u0103m c\u0103 peti\u021biile anonime sau cele \u00een care nu sunt trecute datele de identificare nu se iau \u00een considerare \u0219i se claseaz\u0103 conform art.7 din OG27\/2002, privind reglementarea activit\u0103\u021bii de solu\u021bionare a peti\u021biilor.<\/span><\/em><\/p>\n<\/div>\n<\/div>\n","protected":false},"excerpt":{"rendered":"<p>Prin PETI\u0162IE se \u00een\u0163elege cererea, reclama\u0163ia, sesizarea sau propunerea formulat\u0103 \u00een scris ori prin post\u0103 electronic\u0103, pe care un cet\u0103\u0163ean sau o organiza\u0163ie legal constituit\u0103 o poate adresa autorit\u0103\u0163ilor \u015fi institu\u0163iilor publice centrale \u015fi locale, serviciilor publice descentralizate ale ministerelor \u015fi ale celorlalte organe centrale, companiilor \u015fi societ\u0103\u0163ilor na\u0163ionale, societ\u0103\u0163ilor comerciale de interes jude\u0163ean sau local, precum \u015fi regiilor autonome, denumite \u00een continuare autorit\u0103\u0163i si institu\u0163ii publice. (art. 2 din Ordonan\u0163a Guvernului nr. 27\/2002 privind reglementarea activit\u0103\u0163ii de solu\u0163ionare a peti\u0163iilor cu modific\u0103rile ulterioare). Pentru informa\u021bii referitoare la prelucrarea datelor cu caracter personal clic\u00a0aici. C\u00e2mpurile marcate cu\u00a0*\u00a0sunt obligatorii. Datele furnizate vor fi folosite \u00een conformitate cu legile \u0219i regulamentele \u00een vigoare. Utilizatorul i\u0219i asum\u0103 \u00eentreaga responsabilitate pentru datele furnizate. \u00cen cazul \u00een care aceste date sunt gre\u0219ite\/false nu v\u0103 vom putea furniza informa\u021biile\/datele solicitate. V\u0103 mul\u021bumim. Termeni \u0219i condi\u021biile Prin folosirea formularului, accepta\u021bi c\u0103 sunte\u021bi de acord cu Termenii \u0219i condi\u021biile de func\u021bionare a acesteia. Ace\u0219ti termeni pot fi modifica\u021bi de c\u0103tre unitatea administrativ teritorial\u0103, f\u0103r\u0103 notificare prealabil\u0103, pentru \u00eembun\u0103t\u0103\u021birea\/optimizarea platformei sau a serviciului. Responsabilitatea corectitudinii datelor \u00eenregistrate \u00een platform\u0103 apar\u021bine fiec\u0103rui utilizator \u00een parte. Cererile \u0219i orice documente \u00eenc\u0103rcate devin proprietatea unit\u0103\u021bii administrativ teritoriale \u0219i vor fi utilizate exclusiv pentru rezolvarea peti\u021bie depuse. Toate drepturile de proprietate intelectual\u0103 aferente sunt proprietatea DAS Turda. Protec\u021bia datelor cu caracter personal Stimate domn\/doamn\u0103, V\u0103 aducem la cunostin\u0163\u0103 faptul c\u0103 datele dumneavoastr\u0103 cu caracter personal sunt prelucrate de DAS Turda, cu respectarea tuturor prevederilor Regulamentului European nr. 679\/2016, \u00een scopul \u00eendeplinirii atribu\u0163iilor legale ale administra\u0163iei publice locale. Orice persoan\u0103 care viziteaz\u0103 site-ul institu\u021biei \u0219i transmite online o peti\u021bie, oferind date cu caracter personal \u00een mod voluntar institu\u021biei publice, \u00ee\u0219i manifest\u0103 acordul \u00een mod expres \u0219i neechivoc, pentru urm\u0103toarele. &#8211; S\u0103 primeasc\u0103 pe e-mail num\u0103r de \u00eenregistrare din registrul de eviden\u021b\u0103, pentru cererea depus\u0103 conform OG27\/2002, privind reglementarea activit\u0103\u021bii de solu\u021bionare a peti\u021biilor; &#8211; S\u0103 primeasc\u0103 r\u0103spuns din partea DAS Turda, pe e-mail; &#8211; Datele personale (e-mail-ul furnizat) s\u0103 poat\u0103 fi prelucrate de c\u0103tre DAS Turda \u00een scopuri statistice; Datele pot fi dezv\u0103luite unor ter\u0163i \u00een baza unui temei legal justificat. V\u0103 pute\u0163i exercita drepturile de acces, interven\u0163ie \u015fi de opozi\u0163ie \u00een condi\u0163iile prev\u0103zute de Regulamentul U.E. nr. 679\/2016, printr-o cerere scris\u0103, semnat\u0103 \u015fi datat\u0103, depus\u0103 la sediul institu\u0163iei. V\u0103 inform\u0103m c\u0103 peti\u021biile anonime sau cele \u00een care nu sunt trecute datele de identificare nu se iau \u00een considerare \u0219i se claseaz\u0103 conform art.7 din OG27\/2002, privind reglementarea activit\u0103\u021bii de solu\u021bionare a peti\u021biilor.<\/p>\n","protected":false},"author":1,"featured_media":0,"parent":0,"menu_order":0,"comment_status":"closed","ping_status":"closed","template":"","meta":{"footnotes":""},"class_list":["post-876","page","type-page","status-publish","hentry"],"aioseo_notices":[],"_links":{"self":[{"href":"http:\/\/asistentasocialaturda.ro\/index.php\/wp-json\/wp\/v2\/pages\/876","targetHints":{"allow":["GET"]}}],"collection":[{"href":"http:\/\/asistentasocialaturda.ro\/index.php\/wp-json\/wp\/v2\/pages"}],"about":[{"href":"http:\/\/asistentasocialaturda.ro\/index.php\/wp-json\/wp\/v2\/types\/page"}],"author":[{"embeddable":true,"href":"http:\/\/asistentasocialaturda.ro\/index.php\/wp-json\/wp\/v2\/users\/1"}],"replies":[{"embeddable":true,"href":"http:\/\/asistentasocialaturda.ro\/index.php\/wp-json\/wp\/v2\/comments?post=876"}],"version-history":[{"count":4,"href":"http:\/\/asistentasocialaturda.ro\/index.php\/wp-json\/wp\/v2\/pages\/876\/revisions"}],"predecessor-version":[{"id":4271,"href":"http:\/\/asistentasocialaturda.ro\/index.php\/wp-json\/wp\/v2\/pages\/876\/revisions\/4271"}],"wp:attachment":[{"href":"http:\/\/asistentasocialaturda.ro\/index.php\/wp-json\/wp\/v2\/media?parent=876"}],"curies":[{"name":"wp","href":"https:\/\/api.w.org\/{rel}","templated":true}]}}