{"id":855,"date":"2017-12-07T10:56:32","date_gmt":"2017-12-07T08:56:32","guid":{"rendered":"http:\/\/spasturda.ro\/?page_id=855"},"modified":"2026-03-02T12:17:03","modified_gmt":"2026-03-02T10:17:03","slug":"structura-organizatorica","status":"publish","type":"page","link":"http:\/\/asistentasocialaturda.ro\/index.php\/structura-organizatorica\/","title":{"rendered":"Structura organizatoric\u0103"},"content":{"rendered":"<p><b>SERVICII \u0218I COMPARTIMENTE<\/b><\/p>\n<ul>\n<li><span style=\"color: #000000;\">Asisten\u021bi personali;<\/span><\/li>\n<li><span style=\"color: #000000;\">Serviciul eviden\u021b\u0103 \u0219i plat\u0103 beneficii de asisten\u021b\u0103 social\u0103;<\/span>\n<ul>\n<li><em>Str. Avram Iancu nr. 12, Turda, jud. Cluj<\/em><\/li>\n<li><em>Telefon registratur\u0103: 0738-772192<\/em><\/li>\n<li><em>Telefon VMI: 0730-533740<\/em><\/li>\n<li><em>E-Mail:<\/em>\n<ul>\n<li><em>asf@asistentasocialaturda.ro<\/em><\/li>\n<li><em><span style=\"float: none; background-color: #ffffff; color: #333333; cursor: text; font-family: 'Helvetica Neue', Helvetica, Arial, 'Nimbus Sans L', sans-serif; font-size: 15px; font-variant: normal; font-weight: 300; letter-spacing: normal; orphans: 2; text-align: left; text-decoration: none; text-indent: 0px; text-transform: none; -webkit-text-stroke-width: 0px; white-space: normal; word-spacing: 0px; display: inline !important;\">vmg@asistentasocialaturda.ro<\/span><\/em><\/li>\n<li><em>icc<span style=\"float: none; background-color: #ffffff; color: #333333; cursor: text; font-family: 'Helvetica Neue', Helvetica, Arial, 'Nimbus Sans L', sans-serif; font-size: 15px; font-variant: normal; font-weight: 300; letter-spacing: normal; orphans: 2; text-align: left; text-decoration: none; text-indent: 0px; text-transform: none; -webkit-text-stroke-width: 0px; white-space: normal; word-spacing: 0px; display: inline !important;\">@asistentasocialaturda.ro<\/span><\/em><\/li>\n<\/ul>\n<\/li>\n<\/ul>\n<\/li>\n<li><span style=\"color: #000000;\">Compartiment autoritate tutelar\u0103;<\/span>\n<ul>\n<li><em>Str. Avram Iancu nr. 12, Turda, jud. Cluj<\/em><\/li>\n<li><em>Telefon autoritate tutelar\u0103: 0754-478362, <\/em>E-Mail: autoritate-tutelara@asistentasocialaturda.ro<\/li>\n<\/ul>\n<\/li>\n<li>Compartiment juridic, achizi\u021bii publice\n<ul>\n<li><em>Str. Avram Iancu nr. 12, Turda, jud. Cluj<\/em><\/li>\n<li><em>Telefon oficiul juridic: 0738-772186, E-Mail: office@asistentasocialaturda.ro<\/em><\/li>\n<\/ul>\n<\/li>\n<li><span style=\"color: #000000;\">Serviciul economico-financiar \u0219i administrativ;<\/span>\n<ul>\n<li><em>Str. Avram Iancu nr. 12, Turda, jud. Cluj<\/em><\/li>\n<li><em>Telefon: 0738-772201<\/em><\/li>\n<\/ul>\n<\/li>\n<li><span style=\"color: #000000;\">Compartiment prevenire situa\u021bii de urgen\u021b\u0103 \u0219i marginalizare social\u0103;<\/span>\n<ul>\n<li><em>Str. Avram Iancu nr. 12, Turda, jud. Cluj<\/em><\/li>\n<\/ul>\n<\/li>\n<li><a href=\"http:\/\/asistentasocialaturda.ro\/index.php\/cantina-de-ajutor-social\/\">Cantina de Ajutor Social;<\/a><\/li>\n<li><a href=\"https:\/\/asistentasocialaturda.ro\/index.php\/centrul-comunitar-de-igiena-si-sanatate-servicii-de-asistenta-comunitara\/\">Centrul Comunitar de Igien\u0103 \u0219i S\u0103n\u0103tate (str. 22 Decembrie)<\/a><\/li>\n<li><a href=\"https:\/\/asistentasocialaturda.ro\/index.php\/centru-social-pentru-copii-aflati-in-situatie-de-risc-social\/\">Centru Social Pentru Copii Afla\u021bi \u00cen Situa\u021bie De Risc Social<\/a><\/li>\n<li><a href=\"http:\/\/asistentasocialaturda.ro\/index.php\/centrul-igiena\/\">Centrul Comunitar de Igien\u0103 \u0219i S\u0103n\u0103tate (Poiana);<\/a><\/li>\n<li><a href=\"http:\/\/asistentasocialaturda.ro\/index.php\/nu-violentei\/\">Centrul de Consiliere pentru femei \u0219i copii, victime ale violen\u021bei domestice;<\/a><\/li>\n<li><a href=\"http:\/\/asistentasocialaturda.ro\/index.php\/centru-de-zi-si-centrul-de-ingrijiri-la-domiciliu-pentru-persoane-varstnice\/\">Centrul de Zi \u0219i Centrul de \u00eengrijiri la domiciliu;<\/a><\/li>\n<li><a href=\"http:\/\/asistentasocialaturda.ro\/index.php\/centrul-de-urgenta\/\">Centrul Social de Urgen\u021b\u0103 pentru persoane f\u0103r\u0103 ad\u0103post \u201e\u0218ansa unei vie\u021bi decente\u201d Turda;<\/a><\/li>\n<li><a href=\"http:\/\/asistentasocialaturda.ro\/index.php\/locuinta-protejata-pentru-adultii-cu-probleme-de-sanatate-mintala\/\">Locuin\u021ba Maxim Protejat\u0103 Casa Armonia;<\/a><\/li>\n<li><a href=\"http:\/\/asistentasocialaturda.ro\/index.php\/locuinta-protejata\/\">Locuin\u021ba Maxim Protejat\u0103 Casa Phoenix;<\/a><\/li>\n<li><a href=\"http:\/\/asistentasocialaturda.ro\/index.php\/asistenta-medicala\/\">Serviciul de Asisten\u021b\u0103 Medical\u0103;<\/a><\/li>\n<li>Serviciul resurse umane, salarizare;\n<ul>\n<li><em>Str. Avram Iancu nr. 12, Turda, jud. Cluj<\/em><\/li>\n<li><em>Telefon: 0738-772188<\/em><\/li>\n<\/ul>\n<\/li>\n<li>Coordonator persoane apte de munc\u0103 beneficiare ale prevederii Legii 196\/2016\n<ul>\n<li><em>Mobil: 0738-978280<\/em><\/li>\n<\/ul>\n<\/li>\n<li>Cabinet stomatologic\n<ul>\n<li><em>Telefon: 0751-815514<\/em><\/li>\n<\/ul>\n<\/li>\n<li>Compartiment eviden\u021b\u0103 \u0219i plat\u0103 indemniza\u021bii lunare (handicap)\n<ul>\n<li><em>Str. Avram Iancu nr. 12, Turda, jud. Cluj<\/em><\/li>\n<li><em>Telefon: 0730-533740<\/em><\/li>\n<li><em>E-Mail: indemnizatii-handicap@asistentasocialaturda.ro<\/em><\/li>\n<\/ul>\n<\/li>\n<\/ul>\n<p><span style=\"color: #800080;\"><strong><a style=\"color: #800080;\" href=\"http:\/\/asistentasocialaturda.ro\/index.php\/sample-page\/\">Date de contact<\/a><\/strong><\/span><\/p>\n","protected":false},"excerpt":{"rendered":"<p>SERVICII \u0218I COMPARTIMENTE Asisten\u021bi personali; Serviciul eviden\u021b\u0103 \u0219i plat\u0103 beneficii de asisten\u021b\u0103 social\u0103; Str. Avram Iancu nr. 12, Turda, jud. Cluj Telefon registratur\u0103: 0738-772192 Telefon VMI: 0730-533740 E-Mail: asf@asistentasocialaturda.ro vmg@asistentasocialaturda.ro icc@asistentasocialaturda.ro Compartiment autoritate tutelar\u0103; Str. Avram Iancu nr. 12, Turda, jud. Cluj Telefon autoritate tutelar\u0103: 0754-478362, E-Mail: autoritate-tutelara@asistentasocialaturda.ro Compartiment juridic, achizi\u021bii publice Str. Avram Iancu nr. 12, Turda, jud. Cluj Telefon oficiul juridic: 0738-772186, E-Mail: office@asistentasocialaturda.ro Serviciul economico-financiar \u0219i administrativ; Str. Avram Iancu nr. 12, Turda, jud. Cluj Telefon: 0738-772201 Compartiment prevenire situa\u021bii de urgen\u021b\u0103 \u0219i marginalizare social\u0103; Str. Avram Iancu nr. 12, Turda, jud. Cluj Cantina de Ajutor Social; Centrul Comunitar de Igien\u0103 \u0219i S\u0103n\u0103tate (str. 22 Decembrie) Centru Social Pentru Copii Afla\u021bi \u00cen Situa\u021bie De Risc Social Centrul Comunitar de Igien\u0103 \u0219i S\u0103n\u0103tate (Poiana); Centrul de Consiliere pentru femei \u0219i copii, victime ale violen\u021bei domestice; Centrul de Zi \u0219i Centrul de \u00eengrijiri la domiciliu; Centrul Social de Urgen\u021b\u0103 pentru persoane f\u0103r\u0103 ad\u0103post \u201e\u0218ansa unei vie\u021bi decente\u201d Turda; Locuin\u021ba Maxim Protejat\u0103 Casa Armonia; Locuin\u021ba Maxim Protejat\u0103 Casa Phoenix; Serviciul de Asisten\u021b\u0103 Medical\u0103; Serviciul resurse umane, salarizare; Str. Avram Iancu nr. 12, Turda, jud. Cluj Telefon: 0738-772188 Coordonator persoane apte de munc\u0103 beneficiare ale prevederii Legii 196\/2016 Mobil: 0738-978280 Cabinet stomatologic Telefon: 0751-815514 Compartiment eviden\u021b\u0103 \u0219i plat\u0103 indemniza\u021bii lunare (handicap) Str. Avram Iancu nr. 12, Turda, jud. Cluj Telefon: 0730-533740 E-Mail: indemnizatii-handicap@asistentasocialaturda.ro Date de contact<\/p>\n","protected":false},"author":1,"featured_media":0,"parent":0,"menu_order":0,"comment_status":"closed","ping_status":"closed","template":"","meta":{"footnotes":""},"class_list":["post-855","page","type-page","status-publish","hentry"],"aioseo_notices":[],"_links":{"self":[{"href":"http:\/\/asistentasocialaturda.ro\/index.php\/wp-json\/wp\/v2\/pages\/855","targetHints":{"allow":["GET"]}}],"collection":[{"href":"http:\/\/asistentasocialaturda.ro\/index.php\/wp-json\/wp\/v2\/pages"}],"about":[{"href":"http:\/\/asistentasocialaturda.ro\/index.php\/wp-json\/wp\/v2\/types\/page"}],"author":[{"embeddable":true,"href":"http:\/\/asistentasocialaturda.ro\/index.php\/wp-json\/wp\/v2\/users\/1"}],"replies":[{"embeddable":true,"href":"http:\/\/asistentasocialaturda.ro\/index.php\/wp-json\/wp\/v2\/comments?post=855"}],"version-history":[{"count":15,"href":"http:\/\/asistentasocialaturda.ro\/index.php\/wp-json\/wp\/v2\/pages\/855\/revisions"}],"predecessor-version":[{"id":5030,"href":"http:\/\/asistentasocialaturda.ro\/index.php\/wp-json\/wp\/v2\/pages\/855\/revisions\/5030"}],"wp:attachment":[{"href":"http:\/\/asistentasocialaturda.ro\/index.php\/wp-json\/wp\/v2\/media?parent=855"}],"curies":[{"name":"wp","href":"https:\/\/api.w.org\/{rel}","templated":true}]}}