{"id":67,"date":"2016-11-17T13:15:00","date_gmt":"2016-11-17T11:15:00","guid":{"rendered":"http:\/\/spasturda.ro\/wordpress\/?page_id=67"},"modified":"2025-09-22T11:03:18","modified_gmt":"2025-09-22T08:03:18","slug":"nu-violentei","status":"publish","type":"page","link":"http:\/\/asistentasocialaturda.ro\/index.php\/nu-violentei\/","title":{"rendered":"Centru de Consiliere pentru femei \u0219i copii, victime ale violen\u021bei domestice"},"content":{"rendered":"<p><em>Str. Avram Iancu, nr. 12, Turda, jud. Cluj<\/em><\/p>\n<p style=\"text-align: justify;\">Proiectul \u201e<b>Nu <\/b><b>violen\u021bei\u201d<\/b>&#8211; Centru de Consiliere pentru femei \u0219i copii, victime ale violen\u021bei domestice, a fost implementat prin programul Phare 2004 &#8211; 2006.<\/p>\n<p style=\"padding-left: 60px;\">Valoarea total\u0103 a proiectului a fost de 992.725 lei din care:<\/p>\n<ul>\n<li>MMFES 638.715 lei;<\/li>\n<li style=\"text-align: justify;\">Bugetul local 354.000 lei (cofinan\u021bare conform proiectului din bugetul local 80.000 lei, cheltuieli de investi\u021bii 167.000 lei, TVA de recuperat 107.000 lei).<\/li>\n<\/ul>\n<p style=\"text-align: left;\"><b>GRUP \u021aINT\u0102<\/b><\/p>\n<p style=\"padding-left: 60px; text-align: justify;\">Grupul \u00a0\u021bint\u0103 este reprezentat de persoane adulte de sex feminin \u00a0\u00eempreun\u0103 cu copiii lor minori \u00een v\u00e2rst\u0103 de pana la 14 ani, victime directe sau colaterale ale violen\u021bei domestice, care domiciliaz\u0103 \u00een arealul Turda.<\/p>\n<p style=\"padding-left: 60px; text-align: justify;\">Aceste femei \u0219i copiii lor sunt victime ale violen\u021bei domestice \u0219i se afl\u0103 \u00een imposibilitatea de a mai locui \u00eempreun\u0103 cu agresorul.<\/p>\n<p style=\"text-align: justify;\"><b>Servicii<\/b><\/p>\n<ul>\n<li style=\"text-align: justify;\">Consiliere social\u0103 \u0219i familial\u0103;<\/li>\n<li style=\"text-align: justify;\">Consiliere psihologic\u0103;<\/li>\n<li style=\"text-align: justify;\">Consultan\u021b\u0103 \u0219i suport juridic;<\/li>\n<li style=\"text-align: justify;\">Servicii de ad\u0103post;<\/li>\n<li style=\"text-align: justify;\">Orientare \u0219i informare;<\/li>\n<\/ul>\n<p><img loading=\"lazy\" decoding=\"async\" class=\"alignnone\" src=\"http:\/\/asistentasocialaturda.ro\/wp-content\/uploads\/2016\/11\/violenta1.jpg\" alt=\"violenta1\" width=\"795\" height=\"615\" \/><\/p>\n<p><img loading=\"lazy\" decoding=\"async\" class=\"alignnone\" src=\"http:\/\/asistentasocialaturda.ro\/wp-content\/uploads\/2016\/11\/violenta3.jpg\" alt=\"violenta3\" width=\"275\" height=\"238\" \/><img loading=\"lazy\" decoding=\"async\" class=\"alignnone\" src=\"http:\/\/asistentasocialaturda.ro\/wp-content\/uploads\/2016\/11\/violenta4.jpg\" alt=\"violenta4\" width=\"275\" height=\"238\" \/> <img loading=\"lazy\" decoding=\"async\" class=\"alignnone\" src=\"http:\/\/asistentasocialaturda.ro\/wp-content\/uploads\/2016\/11\/violenta5.jpg\" alt=\"violenta5\" width=\"275\" height=\"238\" \/><img loading=\"lazy\" decoding=\"async\" class=\"alignnone\" src=\"http:\/\/asistentasocialaturda.ro\/wp-content\/uploads\/2016\/11\/violenta2.jpg\" alt=\"violenta2\" width=\"275\" height=\"238\" \/><\/p>\n<p style=\"text-align: justify;\"><b>2009<\/b> &#8211; Campania \u201eStop Violentei Domestice\u201d \u00een \u0219coli \u0219i licee din mun. Turda \u0219i 5 unit\u0103\u021bi.<\/p>\n<ul>\n<li>Campania de distribuire a materialelor promo\u021bionale.<\/li>\n<\/ul>\n<p style=\"text-align: justify;\"><img loading=\"lazy\" decoding=\"async\" class=\"size-thumbnail wp-image-261 alignleft\" src=\"http:\/\/asistentasocialaturda.ro\/wp-content\/uploads\/2016\/11\/2009-1-150x150.jpg\" alt=\"2009-1\" width=\"150\" height=\"150\" \/> <img loading=\"lazy\" decoding=\"async\" class=\"size-thumbnail wp-image-262 alignleft\" src=\"http:\/\/asistentasocialaturda.ro\/wp-content\/uploads\/2016\/11\/2009-2-150x150.jpg\" alt=\"2009-2\" width=\"150\" height=\"150\" \/> <img loading=\"lazy\" decoding=\"async\" class=\"size-thumbnail wp-image-263 alignnone\" src=\"http:\/\/asistentasocialaturda.ro\/wp-content\/uploads\/2016\/11\/2009-3-150x150.jpg\" alt=\"2009-3\" width=\"150\" height=\"150\" \/><\/p>\n<p>&nbsp;<\/p>\n<p style=\"text-align: justify;\"><b>2010<\/b> &#8211; Campanie de con\u0219tientizare \u0219i informare \u00een r\u00e2ndul elevilor din Mun. Turda \u0219i Campania Martorelor T\u0103cute.<\/p>\n<p style=\"text-align: justify;\"><img loading=\"lazy\" decoding=\"async\" class=\"alignnone wp-image-264\" src=\"http:\/\/asistentasocialaturda.ro\/wp-content\/uploads\/2016\/11\/2010-1-300x224.jpg\" alt=\"2010-1\" width=\"275\" height=\"206\" srcset=\"http:\/\/asistentasocialaturda.ro\/wp-content\/uploads\/2016\/11\/2010-1-300x224.jpg 300w, http:\/\/asistentasocialaturda.ro\/wp-content\/uploads\/2016\/11\/2010-1-401x300.jpg 401w, http:\/\/asistentasocialaturda.ro\/wp-content\/uploads\/2016\/11\/2010-1.jpg 416w\" sizes=\"auto, (max-width: 275px) 100vw, 275px\" \/> <img loading=\"lazy\" decoding=\"async\" class=\"alignnone wp-image-265\" src=\"http:\/\/asistentasocialaturda.ro\/wp-content\/uploads\/2016\/11\/2010-2-300x229.jpg\" alt=\"2010-2\" width=\"275\" height=\"210\" srcset=\"http:\/\/asistentasocialaturda.ro\/wp-content\/uploads\/2016\/11\/2010-2-300x229.jpg 300w, http:\/\/asistentasocialaturda.ro\/wp-content\/uploads\/2016\/11\/2010-2.jpg 386w\" sizes=\"auto, (max-width: 275px) 100vw, 275px\" \/> <img loading=\"lazy\" decoding=\"async\" class=\"alignnone wp-image-266\" src=\"http:\/\/asistentasocialaturda.ro\/wp-content\/uploads\/2016\/11\/2010-3-300x229.jpg\" alt=\"2010-3\" width=\"275\" height=\"210\" srcset=\"http:\/\/asistentasocialaturda.ro\/wp-content\/uploads\/2016\/11\/2010-3-300x229.jpg 300w, http:\/\/asistentasocialaturda.ro\/wp-content\/uploads\/2016\/11\/2010-3-393x300.jpg 393w, http:\/\/asistentasocialaturda.ro\/wp-content\/uploads\/2016\/11\/2010-3.jpg 402w\" sizes=\"auto, (max-width: 275px) 100vw, 275px\" \/> <img loading=\"lazy\" decoding=\"async\" class=\"alignnone wp-image-267\" src=\"http:\/\/asistentasocialaturda.ro\/wp-content\/uploads\/2016\/11\/2010-4-300x228.jpg\" alt=\"2010-4\" width=\"275\" height=\"209\" srcset=\"http:\/\/asistentasocialaturda.ro\/wp-content\/uploads\/2016\/11\/2010-4-300x228.jpg 300w, http:\/\/asistentasocialaturda.ro\/wp-content\/uploads\/2016\/11\/2010-4.jpg 395w\" sizes=\"auto, (max-width: 275px) 100vw, 275px\" \/><\/p>\n<p style=\"text-align: justify;\"><b>2011<\/b>\u00a0&#8211; Campanii de informare \u0219i con\u0219tientizare \u00een r\u00e2ndul elevilor din mun. Turda, Participare \u00een cadrul proiectului \u201e\u0218coala Altfel\u201d<\/p>\n<p style=\"text-align: justify;\"><img loading=\"lazy\" decoding=\"async\" class=\"size-thumbnail wp-image-268 alignleft\" src=\"http:\/\/asistentasocialaturda.ro\/wp-content\/uploads\/2016\/11\/2011-1-150x150.jpg\" alt=\"2011-1\" width=\"150\" height=\"150\" \/> <img loading=\"lazy\" decoding=\"async\" class=\"size-thumbnail wp-image-269 alignleft\" src=\"http:\/\/asistentasocialaturda.ro\/wp-content\/uploads\/2016\/11\/2011-2-150x150.jpg\" alt=\"2011-2\" width=\"150\" height=\"150\" \/> <img loading=\"lazy\" decoding=\"async\" class=\"alignnone size-thumbnail wp-image-270\" src=\"http:\/\/asistentasocialaturda.ro\/wp-content\/uploads\/2016\/11\/2011-3-150x150.jpg\" alt=\"2011-3\" width=\"150\" height=\"150\" \/><\/p>\n<p>&nbsp;<\/p>\n<p style=\"text-align: justify;\"><b>2012<\/b> &#8211;\u00a0Campanii de informare \u0219i con\u0219tientizare \u00een r\u00e2ndul elevilor din mun. Turda, Participare \u00een cadrul proiectului \u201e\u0218coala Altfel\u201d<\/p>\n<p style=\"text-align: justify;\"><img loading=\"lazy\" decoding=\"async\" class=\"size-full wp-image-271 aligncenter\" src=\"http:\/\/asistentasocialaturda.ro\/wp-content\/uploads\/2016\/11\/2012.jpg\" alt=\"2012\" width=\"390\" height=\"285\" srcset=\"http:\/\/asistentasocialaturda.ro\/wp-content\/uploads\/2016\/11\/2012.jpg 390w, http:\/\/asistentasocialaturda.ro\/wp-content\/uploads\/2016\/11\/2012-300x219.jpg 300w\" sizes=\"auto, (max-width: 390px) 100vw, 390px\" \/><\/p>\n<p style=\"text-align: justify;\"><b>2013<\/b> &#8211;\u00a0Campanii de informare \u0219i con\u0219tientizare \u00een r\u00e2ndul elevilor din mun. Turda, Concurs de desene desf\u0103\u0219urat \u00een \u0219coli pe tema violen\u021bei domestice<\/p>\n<p style=\"text-align: justify;\"><img loading=\"lazy\" decoding=\"async\" class=\"alignnone wp-image-272\" src=\"http:\/\/asistentasocialaturda.ro\/wp-content\/uploads\/2016\/11\/2013-1-300x224.jpg\" alt=\"2013-1\" width=\"275\" height=\"206\" srcset=\"http:\/\/asistentasocialaturda.ro\/wp-content\/uploads\/2016\/11\/2013-1-300x224.jpg 300w, http:\/\/asistentasocialaturda.ro\/wp-content\/uploads\/2016\/11\/2013-1.jpg 361w\" sizes=\"auto, (max-width: 275px) 100vw, 275px\" \/> <img loading=\"lazy\" decoding=\"async\" class=\"alignnone wp-image-273\" src=\"http:\/\/asistentasocialaturda.ro\/wp-content\/uploads\/2016\/11\/2013-2-300x229.jpg\" alt=\"2013-2\" width=\"275\" height=\"210\" srcset=\"http:\/\/asistentasocialaturda.ro\/wp-content\/uploads\/2016\/11\/2013-2-300x229.jpg 300w, http:\/\/asistentasocialaturda.ro\/wp-content\/uploads\/2016\/11\/2013-2.jpg 360w\" sizes=\"auto, (max-width: 275px) 100vw, 275px\" \/><\/p>\n<p style=\"text-align: justify;\"><b>SERB\u0102RI DE CR\u0102CIUN<\/b><\/p>\n<p style=\"text-align: justify;\"><img loading=\"lazy\" decoding=\"async\" class=\"alignnone wp-image-274\" src=\"http:\/\/asistentasocialaturda.ro\/wp-content\/uploads\/2016\/11\/cr-nu-1-300x225.jpg\" alt=\"cr-nu-1\" width=\"275\" height=\"207\" srcset=\"http:\/\/asistentasocialaturda.ro\/wp-content\/uploads\/2016\/11\/cr-nu-1-300x225.jpg 300w, http:\/\/asistentasocialaturda.ro\/wp-content\/uploads\/2016\/11\/cr-nu-1.jpg 390w\" sizes=\"auto, (max-width: 275px) 100vw, 275px\" \/> <img loading=\"lazy\" decoding=\"async\" class=\"alignnone wp-image-275\" src=\"http:\/\/asistentasocialaturda.ro\/wp-content\/uploads\/2016\/11\/cd-nu-2-300x247.jpg\" alt=\"cd-nu-2\" width=\"275\" height=\"226\" srcset=\"http:\/\/asistentasocialaturda.ro\/wp-content\/uploads\/2016\/11\/cd-nu-2-300x247.jpg 300w, http:\/\/asistentasocialaturda.ro\/wp-content\/uploads\/2016\/11\/cd-nu-2.jpg 360w\" sizes=\"auto, (max-width: 275px) 100vw, 275px\" \/><\/p>\n<p><a href=\"http:\/\/asistentasocialaturda.ro\/wp-content\/uploads\/2025\/07\/AFIS\u0326-A3-ANES-Nu-es\u0326ti-singura\u0306.pdf\">AFIS\u0326 A3 &#8211; ANES &#8211; Nu es\u0326ti singura\u0306!<\/a><\/p>\n<p><a href=\"http:\/\/asistentasocialaturda.ro\/wp-content\/uploads\/2025\/09\/CENTRUL-DE-CONSILIERE-PENTRU-FEMEI-SI-COPII-VICTIME-ALE-VIOLENTEI-DOMESTICE.pdf\">REGULAMENTUL DE ORGANIZARE \u0218I FUNC\u021aIONARE<\/a><\/p>\n","protected":false},"excerpt":{"rendered":"<p>Str. Avram Iancu, nr. 12, Turda, jud. Cluj Proiectul \u201eNu violen\u021bei\u201d&#8211; Centru de Consiliere pentru femei \u0219i copii, victime ale violen\u021bei domestice, a fost implementat prin programul Phare 2004 &#8211; 2006. Valoarea total\u0103 a proiectului a fost de 992.725 lei din care: MMFES 638.715 lei; Bugetul local 354.000 lei (cofinan\u021bare conform proiectului din bugetul local 80.000 lei, cheltuieli de investi\u021bii 167.000 lei, TVA de recuperat 107.000 lei). GRUP \u021aINT\u0102 Grupul \u00a0\u021bint\u0103 este reprezentat de persoane adulte de sex feminin \u00a0\u00eempreun\u0103 cu copiii lor minori \u00een v\u00e2rst\u0103 de pana la 14 ani, victime directe sau colaterale ale violen\u021bei domestice, care domiciliaz\u0103 \u00een arealul Turda. Aceste femei \u0219i copiii lor sunt victime ale violen\u021bei domestice \u0219i se afl\u0103 \u00een imposibilitatea de a mai locui \u00eempreun\u0103 cu agresorul. Servicii Consiliere social\u0103 \u0219i familial\u0103; Consiliere psihologic\u0103; Consultan\u021b\u0103 \u0219i suport juridic; Servicii de ad\u0103post; Orientare \u0219i informare; 2009 &#8211; Campania \u201eStop Violentei Domestice\u201d \u00een \u0219coli \u0219i licee din mun. Turda \u0219i 5 unit\u0103\u021bi. Campania de distribuire a materialelor promo\u021bionale. &nbsp; 2010 &#8211; Campanie de con\u0219tientizare \u0219i informare \u00een r\u00e2ndul elevilor din Mun. Turda \u0219i Campania Martorelor T\u0103cute. 2011\u00a0&#8211; Campanii de informare \u0219i con\u0219tientizare \u00een r\u00e2ndul elevilor din mun. Turda, Participare \u00een cadrul proiectului \u201e\u0218coala Altfel\u201d &nbsp; 2012 &#8211;\u00a0Campanii de informare \u0219i con\u0219tientizare \u00een r\u00e2ndul elevilor din mun. Turda, Participare \u00een cadrul proiectului \u201e\u0218coala Altfel\u201d 2013 &#8211;\u00a0Campanii de informare \u0219i con\u0219tientizare \u00een r\u00e2ndul elevilor din mun. Turda, Concurs de desene desf\u0103\u0219urat \u00een \u0219coli pe tema violen\u021bei domestice SERB\u0102RI DE CR\u0102CIUN AFIS\u0326 A3 &#8211; ANES &#8211; Nu es\u0326ti singura\u0306! REGULAMENTUL DE ORGANIZARE \u0218I FUNC\u021aIONARE<\/p>\n","protected":false},"author":1,"featured_media":330,"parent":0,"menu_order":7,"comment_status":"closed","ping_status":"closed","template":"","meta":{"footnotes":""},"class_list":["post-67","page","type-page","status-publish","has-post-thumbnail","hentry"],"aioseo_notices":[],"_links":{"self":[{"href":"http:\/\/asistentasocialaturda.ro\/index.php\/wp-json\/wp\/v2\/pages\/67","targetHints":{"allow":["GET"]}}],"collection":[{"href":"http:\/\/asistentasocialaturda.ro\/index.php\/wp-json\/wp\/v2\/pages"}],"about":[{"href":"http:\/\/asistentasocialaturda.ro\/index.php\/wp-json\/wp\/v2\/types\/page"}],"author":[{"embeddable":true,"href":"http:\/\/asistentasocialaturda.ro\/index.php\/wp-json\/wp\/v2\/users\/1"}],"replies":[{"embeddable":true,"href":"http:\/\/asistentasocialaturda.ro\/index.php\/wp-json\/wp\/v2\/comments?post=67"}],"version-history":[{"count":50,"href":"http:\/\/asistentasocialaturda.ro\/index.php\/wp-json\/wp\/v2\/pages\/67\/revisions"}],"predecessor-version":[{"id":4532,"href":"http:\/\/asistentasocialaturda.ro\/index.php\/wp-json\/wp\/v2\/pages\/67\/revisions\/4532"}],"wp:featuredmedia":[{"embeddable":true,"href":"http:\/\/asistentasocialaturda.ro\/index.php\/wp-json\/wp\/v2\/media\/330"}],"wp:attachment":[{"href":"http:\/\/asistentasocialaturda.ro\/index.php\/wp-json\/wp\/v2\/media?parent=67"}],"curies":[{"name":"wp","href":"https:\/\/api.w.org\/{rel}","templated":true}]}}