{"id":4971,"date":"2026-02-17T09:20:10","date_gmt":"2026-02-17T07:20:10","guid":{"rendered":"https:\/\/asistentasocialaturda.ro\/?page_id=4971"},"modified":"2026-02-17T09:29:37","modified_gmt":"2026-02-17T07:29:37","slug":"centru-social-pentru-copii-aflati-in-situatie-de-risc-social","status":"publish","type":"page","link":"http:\/\/asistentasocialaturda.ro\/index.php\/centru-social-pentru-copii-aflati-in-situatie-de-risc-social\/","title":{"rendered":"CENTRU SOCIAL PENTRU COPII AFLA\u021aI \u00ceN SITUA\u021aIE DE RISC SOCIAL"},"content":{"rendered":"<p style=\"text-align: justify;\">Str. 22 Decembrie 1989, nr 8B, Turda, jud Cluj<\/p>\n<p style=\"text-align: justify;\">Coordonator: B\u0103r\u0103ian Delia<\/p>\n<p style=\"text-align: justify;\">e-mail: <a href=\"mailto:ccrs@asistentasocialaturda.ro\">ccrs@asistentasocialaturda.ro<\/a><\/p>\n<p style=\"text-align: justify;\"><strong>Despre noi<\/strong><\/p>\n<p style=\"text-align: justify;\">Centru Social pentru Copii afla\u021bi in Situa\u021bie de Risc Social ofer\u0103 servicii sociale cu misiunea de a preveni abandonul \u0219colar, excluziunea social\u0103, separarea copilului de familie , prin oferirea de sprijin educa\u021bional, consiliere psihologic\u0103 si activit\u0103\u021bi de dezvoltare personal\u0103, \u00eentr-un mediu sigur si adecvat nevoilor beneficiarilor.<\/p>\n<p style=\"text-align: justify;\">Serviciile oferite urm\u0103resc\u00a0 s\u0103 r\u0103spund\u0103 nevoilor copiilor\u00a0 \u0219i familiilor acestora, care se afl\u0103 \u00een dificultate \u0219i de a contribui activ la protec\u021bia \u0219i dezvoltarea armonioas\u0103 a copiilor in comunitate.<\/p>\n<p style=\"text-align: justify;\"><strong>\u00a0Obiective<\/strong><\/p>\n<ul style=\"text-align: justify;\">\n<li>Prevenirea abandonului \u0219colar prin sprijin educa\u021bional si activit\u0103\u021bi de tip recreativ;<\/li>\n<li>Reducerea excluziunii sociale \u0219i integrarea copiilor in comunitate;<\/li>\n<li>Sus\u021binerea dezvolt\u0103rii emo\u021bionale \u0219i sociale a copiilor prin consiliere psihologic\u0103 si activit\u0103\u021bi de recreere si socializare;<\/li>\n<li>Oferirea unui mediu sigur si stabil pentru copii afla\u021bi in situa\u021bii de vulnerabilitate;<\/li>\n<li>Dezvoltarea abilita\u021bilor de via\u021b\u0103 independent\u0103 si a competen\u021belor personale;<\/li>\n<li>Sprijinirea familiilor \u00een \u00eengrijirea \u0219i educarea copiilor prin consiliere, informare \u0219i orientare c\u0103tre servicii sociale.<\/li>\n<\/ul>\n<p style=\"text-align: justify;\"><strong>Misiune<\/strong><\/p>\n<p style=\"text-align: justify;\">Misiunea centrului este de a preveni abandonul \u0219colar, excluziunea social\u0103 \u0219i separarea copilului de familie, oferind sprijin educa\u021bional, consiliere psihologic\u0103 \u0219i activit\u0103\u021bi de dezvoltare personal\u0103 \u00eentr-un mediu sigur \u0219i adaptat nevoilor copiilor.<\/p>\n<p style=\"text-align: justify;\"><strong>Scop<\/strong><\/p>\n<p style=\"text-align: justify;\">Scopul serviciului social este de a oferi servicii sociale cu misiunea de a preveni abandonul si institu\u021bionalizarea copiilor, prin asigurarea , pe timpul zilei, a unor activit\u0103\u021bi de \u00eengrijire, educa\u021bie, recreere-socializare ,consiliere, dezvoltare\u00a0 a deprinderilor de via\u021b\u0103 independent\u0103, orientare \u0219colar\u0103 \u0219i profesional\u0103, a unei mese calde pentru copii, c\u00e2t \u0219i a unor activit\u0103\u021bi de sprijin, informare, consiliere, educare pentru p\u0103rin\u021bi sau reprezentan\u021bi legali, precum \u0219i pentru alte persoane care au \u00een \u00eengrijire copii.<\/p>\n<p style=\"text-align: justify;\"><strong>Grup \u021bint\u0103<\/strong><\/p>\n<p style=\"text-align: justify;\">Grupul \u021bint\u0103 al centrului sunt copii cu v\u00e2rste cuprinse \u00eentre 5 \u0219i 15 ani, copii proveni\u021bi din familii aflate \u00een dificultate social\u0103 , copii afla\u021bi in risc de separare de p\u0103rin\u021bi, cu prec\u0103dere in zona industrial\u0103 (locuin\u021be de pe str\u0103zile 22 Decembrie 1989, Teclu, \u0218tefan cel Mare, Chimi\u0219tilor, Arie\u0219ului, Zidarilor, Intrarea armatei, Inrtarea depoului, Ceferistilor, Fabricii, Horticulturii, Negru Vod\u0103 precum \u0219i din comunit\u0103\u021bile din bloc ELTA, comunitatea de pe Calea Victoriei si Comunitatea Barbu L\u0103utaru.<\/p>\n<p style=\"text-align: justify;\"><strong>Nu pot beneficia de serviciile Centrului<\/strong>:<\/p>\n<ul style=\"text-align: justify;\">\n<li>Copii care nu se \u00eencadreaz\u0103 \u00een grupul \u021bint\u0103 (v\u00e2rst\u0103 sau condi\u021bii sociale);<\/li>\n<li>Copiii care necesit\u0103 asisten\u021b\u0103 medical\u0103 sau psihiatric\u0103 specializat\u0103 care nu poate fi oferit\u0103 \u00een cadrul centrului;<\/li>\n<li>Copiii care nu respect\u0103 regulile de convie\u021buire\u00a0 \u0219i siguran\u021b\u0103 ale centrului;<\/li>\n<li>Copii care sunt diagnostica\u021bi cu boli care pun in pericol s\u0103n\u0103tatea celorlal\u021bi din cadrul Centrului.<\/li>\n<\/ul>\n<p style=\"text-align: justify;\">\u00a0\u00a0\u00a0\u00a0\u00a0 <strong>\u00a0\u00a0Acte necesare pentru admiterea in Centru:<\/strong><\/p>\n<ul>\n<li style=\"text-align: justify;\">cerere de admitere , semnat\u0103 de unul dintre p\u0103rin\u021bii copilului \u00ee\u0219i aprobat\u0103 de conduc\u0103torul\u00a0 DAS sau documente prin care se eviden\u021biaz\u0103 referirea copilului c\u0103tre centru, in original;<\/li>\n<li style=\"text-align: justify;\">acte de\u00a0 stare civil\u0103, dup\u0103 caz :certificat de na\u0219tere al copilului,\u00a0 carte de identitate a copilului in original, carte de identitate\u00a0 a p\u0103rin\u021bilor \u00een copie;<\/li>\n<li style=\"text-align: justify;\">contractul de furnizare servicii, \u00een original;<\/li>\n<li style=\"text-align: justify;\">documente medicale relevante;<\/li>\n<li style=\"text-align: justify;\">adeverin\u021be \u0219colare;<\/li>\n<li style=\"text-align: justify;\">anchet\u0103 social\u0103.<\/li>\n<\/ul>\n<p style=\"text-align: justify;\"><strong>\u00a0\u00a0\u00a0\u00a0\u00a0\u00a0\u00a0 Servicii oferite:<\/strong><\/p>\n<ul style=\"text-align: justify;\">\n<li>sprijin educa\u021bional;<\/li>\n<li>consiliere psihologic\u0103 \u0219i suport emo\u021bional;<\/li>\n<li>activit\u0103\u021bi educative \u0219i recreative;<\/li>\n<li>dezvoltarea abilit\u0103\u021bilor de via\u021b\u0103 independent\u0103;<\/li>\n<li>mas\u0103 cald\u0103 tip catering;<\/li>\n<li>sprijin pentru familie.<\/li>\n<\/ul>\n<p style=\"text-align: justify;\"><strong>Condi\u021bii de \u00eencetare a serviciilor:<\/strong><\/p>\n<ul style=\"text-align: justify;\">\n<li>expirarea duratei pentru care a fost \u00eencheiat contractul;<\/li>\n<li>beneficiarul nu mai \u00eendepline\u0219te condi\u021biile de eligibilitate;<\/li>\n<li>de comun acord cu beneficiarul\/reprezentantul legal, prin realizarea obiectivelor propuse \u00een programul personalizat de interven\u021bie si contract;<\/li>\n<li>for\u021b\u0103 major\u0103, dac\u0103 este invocat\u0103;<\/li>\n<li>datorit\u0103 nerespect\u0103rii de c\u0103tre beneficiar a normelor \u0219i regulilor impuse de ROF. RI \u0219i contract.<\/li>\n<\/ul>\n<p style=\"text-align: justify;\"><strong>Program de func\u021bionare:<\/strong><\/p>\n<p style=\"text-align: justify;\">Luni- Vineri: 8:00-16:00<\/p>\n<p style=\"text-align: justify;\"><strong>Program de func\u021bionare cu beneficiarii:<\/strong><\/p>\n<p style=\"text-align: justify;\">Luni-Vineri: 12:00-16:00<\/p>\n<div class=\"wp-block-image\"><img loading=\"lazy\" decoding=\"async\" class=\"wpa-warning wpa-image-missing-alt size-full wp-image-4974 alignleft\" src=\"http:\/\/asistentasocialaturda.ro\/wp-content\/uploads\/2026\/02\/Clipboard_02-17-2026_07.jpg\" alt=\"\" width=\"320\" height=\"427\" data-warning=\"Missing alt text\" srcset=\"http:\/\/asistentasocialaturda.ro\/wp-content\/uploads\/2026\/02\/Clipboard_02-17-2026_07.jpg 320w, http:\/\/asistentasocialaturda.ro\/wp-content\/uploads\/2026\/02\/Clipboard_02-17-2026_07-225x300.jpg 225w\" sizes=\"auto, (max-width: 320px) 100vw, 320px\" \/><\/div>\n<div class=\"wp-block-image\"><img loading=\"lazy\" decoding=\"async\" class=\"wpa-warning wpa-image-missing-alt size-large wp-image-4975 alignleft\" src=\"http:\/\/asistentasocialaturda.ro\/wp-content\/uploads\/2026\/02\/Clipboard_02-17-2026_06.jpg\" alt=\"\" width=\"240\" height=\"427\" data-warning=\"Missing alt text\" srcset=\"http:\/\/asistentasocialaturda.ro\/wp-content\/uploads\/2026\/02\/Clipboard_02-17-2026_06.jpg 240w, http:\/\/asistentasocialaturda.ro\/wp-content\/uploads\/2026\/02\/Clipboard_02-17-2026_06-169x300.jpg 169w\" sizes=\"auto, (max-width: 240px) 100vw, 240px\" \/><\/div>\n<div class=\"wp-block-image\"><img loading=\"lazy\" decoding=\"async\" class=\"wpa-warning wpa-image-missing-alt size-large wp-image-4976 alignleft\" src=\"http:\/\/asistentasocialaturda.ro\/wp-content\/uploads\/2026\/02\/Clipboard_02-17-2026_05.jpg\" alt=\"\" width=\"240\" height=\"427\" data-warning=\"Missing alt text\" srcset=\"http:\/\/asistentasocialaturda.ro\/wp-content\/uploads\/2026\/02\/Clipboard_02-17-2026_05.jpg 240w, http:\/\/asistentasocialaturda.ro\/wp-content\/uploads\/2026\/02\/Clipboard_02-17-2026_05-169x300.jpg 169w\" sizes=\"auto, (max-width: 240px) 100vw, 240px\" \/><\/div>\n<div class=\"wp-block-image\"><img loading=\"lazy\" decoding=\"async\" class=\"wpa-warning wpa-image-missing-alt size-large wp-image-4977 alignleft\" src=\"http:\/\/asistentasocialaturda.ro\/wp-content\/uploads\/2026\/02\/Clipboard_02-17-2026_04.jpg\" alt=\"\" width=\"240\" height=\"427\" data-warning=\"Missing alt text\" srcset=\"http:\/\/asistentasocialaturda.ro\/wp-content\/uploads\/2026\/02\/Clipboard_02-17-2026_04.jpg 240w, http:\/\/asistentasocialaturda.ro\/wp-content\/uploads\/2026\/02\/Clipboard_02-17-2026_04-169x300.jpg 169w\" sizes=\"auto, (max-width: 240px) 100vw, 240px\" \/><\/div>\n<div class=\"wp-block-image\"><img loading=\"lazy\" decoding=\"async\" class=\"wpa-warning wpa-image-missing-alt size-large wp-image-4978 alignleft\" src=\"http:\/\/asistentasocialaturda.ro\/wp-content\/uploads\/2026\/02\/Clipboard_02-17-2026_03.jpg\" alt=\"\" width=\"240\" height=\"427\" data-warning=\"Missing alt text\" srcset=\"http:\/\/asistentasocialaturda.ro\/wp-content\/uploads\/2026\/02\/Clipboard_02-17-2026_03.jpg 240w, http:\/\/asistentasocialaturda.ro\/wp-content\/uploads\/2026\/02\/Clipboard_02-17-2026_03-169x300.jpg 169w\" sizes=\"auto, (max-width: 240px) 100vw, 240px\" \/><\/div>\n<div class=\"wp-block-image\"><img loading=\"lazy\" decoding=\"async\" class=\"wpa-warning wpa-image-missing-alt size-large wp-image-4979 alignleft\" src=\"http:\/\/asistentasocialaturda.ro\/wp-content\/uploads\/2026\/02\/Clipboard_02-17-2026_02.jpg\" alt=\"\" width=\"240\" height=\"427\" data-warning=\"Missing alt text\" srcset=\"http:\/\/asistentasocialaturda.ro\/wp-content\/uploads\/2026\/02\/Clipboard_02-17-2026_02.jpg 240w, http:\/\/asistentasocialaturda.ro\/wp-content\/uploads\/2026\/02\/Clipboard_02-17-2026_02-169x300.jpg 169w\" sizes=\"auto, (max-width: 240px) 100vw, 240px\" \/><\/div>\n<div class=\"wp-block-image\"><img loading=\"lazy\" decoding=\"async\" class=\"wpa-warning wpa-image-missing-alt size-large wp-image-4980 alignleft\" src=\"http:\/\/asistentasocialaturda.ro\/wp-content\/uploads\/2026\/02\/Clipboard_02-17-2026_01.jpg\" alt=\"\" width=\"240\" height=\"427\" data-warning=\"Missing alt text\" srcset=\"http:\/\/asistentasocialaturda.ro\/wp-content\/uploads\/2026\/02\/Clipboard_02-17-2026_01.jpg 240w, http:\/\/asistentasocialaturda.ro\/wp-content\/uploads\/2026\/02\/Clipboard_02-17-2026_01-169x300.jpg 169w\" sizes=\"auto, (max-width: 240px) 100vw, 240px\" \/><\/div>\n","protected":false},"excerpt":{"rendered":"<p>Str. 22 Decembrie 1989, nr 8B, Turda, jud Cluj Coordonator: B\u0103r\u0103ian Delia e-mail: ccrs@asistentasocialaturda.ro Despre noi Centru Social pentru Copii afla\u021bi in Situa\u021bie de Risc Social ofer\u0103 servicii sociale cu misiunea de a preveni abandonul \u0219colar, excluziunea social\u0103, separarea copilului de familie , prin oferirea de sprijin educa\u021bional, consiliere psihologic\u0103 si activit\u0103\u021bi de dezvoltare personal\u0103, \u00eentr-un mediu sigur si adecvat nevoilor beneficiarilor. Serviciile oferite urm\u0103resc\u00a0 s\u0103 r\u0103spund\u0103 nevoilor copiilor\u00a0 \u0219i familiilor acestora, care se afl\u0103 \u00een dificultate \u0219i de a contribui activ la protec\u021bia \u0219i dezvoltarea armonioas\u0103 a copiilor in comunitate. \u00a0Obiective Prevenirea abandonului \u0219colar prin sprijin educa\u021bional si activit\u0103\u021bi de tip recreativ; Reducerea excluziunii sociale \u0219i integrarea copiilor in comunitate; Sus\u021binerea dezvolt\u0103rii emo\u021bionale \u0219i sociale a copiilor prin consiliere psihologic\u0103 si activit\u0103\u021bi de recreere si socializare; Oferirea unui mediu sigur si stabil pentru copii afla\u021bi in situa\u021bii de vulnerabilitate; Dezvoltarea abilita\u021bilor de via\u021b\u0103 independent\u0103 si a competen\u021belor personale; Sprijinirea familiilor \u00een \u00eengrijirea \u0219i educarea copiilor prin consiliere, informare \u0219i orientare c\u0103tre servicii sociale. Misiune Misiunea centrului este de a preveni abandonul \u0219colar, excluziunea social\u0103 \u0219i separarea copilului de familie, oferind sprijin educa\u021bional, consiliere psihologic\u0103 \u0219i activit\u0103\u021bi de dezvoltare personal\u0103 \u00eentr-un mediu sigur \u0219i adaptat nevoilor copiilor. Scop Scopul serviciului social este de a oferi servicii sociale cu misiunea de a preveni abandonul si institu\u021bionalizarea copiilor, prin asigurarea , pe timpul zilei, a unor activit\u0103\u021bi de \u00eengrijire, educa\u021bie, recreere-socializare ,consiliere, dezvoltare\u00a0 a deprinderilor de via\u021b\u0103 independent\u0103, orientare \u0219colar\u0103 \u0219i profesional\u0103, a unei mese calde pentru copii, c\u00e2t \u0219i a unor activit\u0103\u021bi de sprijin, informare, consiliere, educare pentru p\u0103rin\u021bi sau reprezentan\u021bi legali, precum \u0219i pentru alte persoane care au \u00een \u00eengrijire copii. Grup \u021bint\u0103 Grupul \u021bint\u0103 al centrului sunt copii cu v\u00e2rste cuprinse \u00eentre 5 \u0219i 15 ani, copii proveni\u021bi din familii aflate \u00een dificultate social\u0103 , copii afla\u021bi in risc de separare de p\u0103rin\u021bi, cu prec\u0103dere in zona industrial\u0103 (locuin\u021be de pe str\u0103zile 22 Decembrie 1989, Teclu, \u0218tefan cel Mare, Chimi\u0219tilor, Arie\u0219ului, Zidarilor, Intrarea armatei, Inrtarea depoului, Ceferistilor, Fabricii, Horticulturii, Negru Vod\u0103 precum \u0219i din comunit\u0103\u021bile din bloc ELTA, comunitatea de pe Calea Victoriei si Comunitatea Barbu L\u0103utaru. Nu pot beneficia de serviciile Centrului: Copii care nu se \u00eencadreaz\u0103 \u00een grupul \u021bint\u0103 (v\u00e2rst\u0103 sau condi\u021bii sociale); Copiii care necesit\u0103 asisten\u021b\u0103 medical\u0103 sau psihiatric\u0103 specializat\u0103 care nu poate fi oferit\u0103 \u00een cadrul centrului; Copiii care nu respect\u0103 regulile de convie\u021buire\u00a0 \u0219i siguran\u021b\u0103 ale centrului; Copii care sunt diagnostica\u021bi cu boli care pun in pericol s\u0103n\u0103tatea celorlal\u021bi din cadrul Centrului. \u00a0\u00a0\u00a0\u00a0\u00a0 \u00a0\u00a0Acte necesare pentru admiterea in Centru: cerere de admitere , semnat\u0103 de unul dintre p\u0103rin\u021bii copilului \u00ee\u0219i aprobat\u0103 de conduc\u0103torul\u00a0 DAS sau documente prin care se eviden\u021biaz\u0103 referirea copilului c\u0103tre centru, in original; acte de\u00a0 stare civil\u0103, dup\u0103 caz :certificat de na\u0219tere al copilului,\u00a0 carte de identitate a copilului in original, carte de identitate\u00a0 a p\u0103rin\u021bilor \u00een copie; contractul de furnizare servicii, \u00een original; documente medicale relevante; adeverin\u021be \u0219colare; anchet\u0103 social\u0103. \u00a0\u00a0\u00a0\u00a0\u00a0\u00a0\u00a0 Servicii oferite: sprijin educa\u021bional; consiliere psihologic\u0103 \u0219i suport emo\u021bional; activit\u0103\u021bi educative \u0219i recreative; dezvoltarea abilit\u0103\u021bilor de via\u021b\u0103 independent\u0103; mas\u0103 cald\u0103 tip catering; sprijin pentru familie. Condi\u021bii de \u00eencetare a serviciilor: expirarea duratei pentru care a fost \u00eencheiat contractul; beneficiarul nu mai \u00eendepline\u0219te condi\u021biile de eligibilitate; de comun acord cu beneficiarul\/reprezentantul legal, prin realizarea obiectivelor propuse \u00een programul personalizat de interven\u021bie si contract; for\u021b\u0103 major\u0103, dac\u0103 este invocat\u0103; datorit\u0103 nerespect\u0103rii de c\u0103tre beneficiar a normelor \u0219i regulilor impuse de ROF. RI \u0219i contract. Program de func\u021bionare: Luni- Vineri: 8:00-16:00 Program de func\u021bionare cu beneficiarii: Luni-Vineri: 12:00-16:00<\/p>\n","protected":false},"author":1,"featured_media":0,"parent":0,"menu_order":0,"comment_status":"closed","ping_status":"closed","template":"","meta":{"footnotes":""},"class_list":["post-4971","page","type-page","status-publish","hentry"],"aioseo_notices":[],"_links":{"self":[{"href":"http:\/\/asistentasocialaturda.ro\/index.php\/wp-json\/wp\/v2\/pages\/4971","targetHints":{"allow":["GET"]}}],"collection":[{"href":"http:\/\/asistentasocialaturda.ro\/index.php\/wp-json\/wp\/v2\/pages"}],"about":[{"href":"http:\/\/asistentasocialaturda.ro\/index.php\/wp-json\/wp\/v2\/types\/page"}],"author":[{"embeddable":true,"href":"http:\/\/asistentasocialaturda.ro\/index.php\/wp-json\/wp\/v2\/users\/1"}],"replies":[{"embeddable":true,"href":"http:\/\/asistentasocialaturda.ro\/index.php\/wp-json\/wp\/v2\/comments?post=4971"}],"version-history":[{"count":4,"href":"http:\/\/asistentasocialaturda.ro\/index.php\/wp-json\/wp\/v2\/pages\/4971\/revisions"}],"predecessor-version":[{"id":4985,"href":"http:\/\/asistentasocialaturda.ro\/index.php\/wp-json\/wp\/v2\/pages\/4971\/revisions\/4985"}],"wp:attachment":[{"href":"http:\/\/asistentasocialaturda.ro\/index.php\/wp-json\/wp\/v2\/media?parent=4971"}],"curies":[{"name":"wp","href":"https:\/\/api.w.org\/{rel}","templated":true}]}}