{"id":4884,"date":"2025-12-11T10:53:02","date_gmt":"2025-12-11T08:53:02","guid":{"rendered":"https:\/\/asistentasocialaturda.ro\/?page_id=4884"},"modified":"2025-12-11T11:02:06","modified_gmt":"2025-12-11T09:02:06","slug":"centrul-comunitar-de-igiena-si-sanatate-servicii-de-asistenta-comunitara","status":"publish","type":"page","link":"http:\/\/asistentasocialaturda.ro\/index.php\/centrul-comunitar-de-igiena-si-sanatate-servicii-de-asistenta-comunitara\/","title":{"rendered":"CENTRUL COMUNITAR DE IGIEN\u0102 \u0218I S\u0102N\u0102TATE-SERVICII DE ASISTEN\u021a\u0102 COMUNITAR\u0102"},"content":{"rendered":"<p style=\"text-align: justify;\">Str. 22 Decembrie 1989, nr. 8B, mun. Turda, jud. Cluj<\/p>\n<p style=\"text-align: justify;\">Coordonator centru: Gheberta Elena<\/p>\n<p style=\"text-align: justify;\">email: <a href=\"mailto:centru.igiena.22@asistentasocialaturda.ro\">centru.igiena.22@asistentasocialaturda.ro<\/a><\/p>\n<p style=\"text-align: justify;\"><strong><u>Despre noi<\/u><\/strong><\/p>\n<p style=\"text-align: justify;\">Centrul Comunitar de Igien\u0103 \u0219i S\u0103n\u0103tate-Servicii de asisten\u021b\u0103 comunitar\u0103 \u00a0furnizeaz\u0103 de luni -vineri \u00a0servicii privind men\u021binerea st\u0103rii de igien\u0103 \u0219i s\u0103n\u0103tate, asisten\u021b\u0103 socio- medical\u0103 \u0219i \u00eendrumare specializat\u0103 pentru membrii comunit\u0103\u021bilor marginalizate din zona industrial\u0103, comunitatea din bloc ELTA, comunitatea de pe Calea Victoriei \u0219i comunitatea Barbu L\u0103utaru.<\/p>\n<p style=\"text-align: justify;\">Prin\u00a0 serviciile oferite se urm\u0103re\u0219te\u00a0 s\u0103 se r\u0103spund\u0103 nevoilor sociale, individuale, familiale sau de grup, \u00een vederea dep\u0103\u015firii situa\u0163iilor de dificultate, prevenirii \u015fi combaterii riscului de excluziune social\u0103, promov\u0103rii incluziunii sociale \u015fi cre\u015fterii calit\u0103\u0163ii vie\u0163ii.<\/p>\n<p style=\"text-align: justify;\"><strong><u>Obiective<\/u><\/strong><\/p>\n<ul style=\"text-align: justify;\">\n<li>Combaterea marginaliz\u0103rii \u0219i a excluziunii sociale a beneficiarilor;<\/li>\n<li>\u00cembun\u0103t\u0103\u021birea igienei \u0219i a st\u0103rii de s\u0103n\u0103tate prin punerea la dispozi\u021bie a unei sp\u0103l\u0103torii, du\u0219uri.<\/li>\n<li>Furnizarea de servicii sociale \u0219i medicale;<\/li>\n<li>Formarea de conduite \u0219i comportamente care s\u0103 conduc\u0103 la \u00eembun\u0103t\u0103\u021birea st\u0103rii de igien\u0103 \u0219i s\u0103n\u0103tate, prin participarea la campanii de informare pe diferite tematici;<\/li>\n<li>Cre\u0219terea gradului de confort la nivelul comunit\u0103\u021bilor;<\/li>\n<li>Cre\u0219terea frecven\u021bei vizitelor la medicul de familie a beneficiarilor.<\/li>\n<\/ul>\n<p style=\"text-align: justify;\"><strong><u>Misiune<\/u><\/strong><\/p>\n<p style=\"text-align: justify;\">Misiunea centrului este de a \u00eembun\u0103t\u0103\u021bii calitatea vie\u021bii persoanelor marginalizate, prin oferirea de servicii privind men\u021binerea st\u0103rii de igien\u0103 \u0219i s\u0103n\u0103tate \u0219i \u00eendrumare specializat\u0103 pentru dep\u0103\u0219irea situa\u021biilor de dificultate.<\/p>\n<p style=\"text-align: justify;\"><strong><u>Scop<\/u><\/strong><\/p>\n<p style=\"text-align: justify;\">Scopul serviciului social este de a furniza servicii socio-medicale \u0219i servicii privind men\u021binerea st\u0103rii de igien\u0103 \u0219i s\u0103n\u0103tate, pentru membrii comunit\u0103\u021bilor marginalizate.<\/p>\n<p style=\"text-align: justify;\">Prin campaniile de informare privind importanta igienei si influenta acesteia asupra s\u0103n\u0103t\u0103\u021bii se urm\u0103re\u0219te con\u0219tientizarea beneficiarilor cu privire la acest aspect, care \u00een final s\u0103 duc\u0103 la \u00eembun\u0103t\u0103\u021birea condi\u021biilor de trai.<\/p>\n<p style=\"text-align: justify;\"><strong><u>Grup \u021bint\u0103<\/u><\/strong><\/p>\n<p style=\"text-align: justify;\">Beneficiarii serviciilor sociale acordate \u00een &#8222;Centrul Comunitar de Igien\u0103 \u0219i S\u0103n\u0103tate-Servicii de asisten\u021b\u0103 comunitar\u0103&#8221;, sunt membrii din comunit\u0103\u021bile marginalizate, respectiv: comunitatea din zona industrial\u0103, comunitatea din bloc ELTA, comunitatea de pe Calea Victoriei \u0219i comunitatea Barbu L\u0103utaru.<\/p>\n<p style=\"text-align: justify;\"><strong><u>Nu pot beneficia de serviciile Centrului<\/u><\/strong>:<\/p>\n<ul style=\"text-align: justify;\">\n<li>persoanele care nu au domiciliul \u00een comunit\u0103\u021bile marginalizate;<\/li>\n<li>persoanele cu o situa\u021bie materiala bun\u0103 (de\u021bin la domiciliu ma\u0219in\u0103 de sp\u0103lat \u0219i baie proprie);<\/li>\n<li>persoanele cu boli infectocontagioase.<\/li>\n<\/ul>\n<p style=\"text-align: justify;\"><strong><u>Actele necesare de admitere \u00een centru sunt urm\u0103toarele<\/u><\/strong><strong>:<\/strong><\/p>\n<ul style=\"text-align: justify;\">\n<li>cererea de admitere, semnat\u0103 de beneficiar \u015fi aprobat\u0103 de conduc\u0103torul DAS Turda;<\/li>\n<li>\u00a0acte de identitate;<\/li>\n<li>documente medicale relevante;<\/li>\n<li>anchet\u0103 social\u0103.<\/li>\n<\/ul>\n<p style=\"text-align: justify;\"><strong><u>Servicii oferite<\/u><\/strong><\/p>\n<ul style=\"text-align: justify;\">\n<li>Servicii de \u00eengrijire \u0219i men\u021binere a s\u0103n\u0103t\u0103\u021bii prin punerea la dispozi\u021bia beneficiarilor a unei sp\u0103l\u0103torii \u0219i b\u0103i publice;<\/li>\n<li>Servicii sociale;<\/li>\n<li>Servicii medicale;<\/li>\n<li>Servicii de informare \u0219i educa\u021bie sanitar\u0103, prin derularea de campanii tematice.<\/li>\n<\/ul>\n<p style=\"text-align: justify;\"><strong><u>Condi\u021bii de \u00eencetare a serviciilor<\/u><\/strong><strong>:<\/strong><\/p>\n<ul style=\"text-align: justify;\">\n<li>beneficiarul nu mai \u00eendepline\u0219te condi\u021biile de eligibilitate;<\/li>\n<li>de comun acord cu beneficiarul, prin realizarea obiectivelor propuse \u00een planul individualizat de servicii;<\/li>\n<li>datorita nerespect\u0103rii de c\u0103tre beneficiar a normelor \u0219i regulilor impuse de <a href=\"http:\/\/asistentasocialaturda.ro\/wp-content\/uploads\/2025\/12\/ROF-CCIS.pdf\">ROF<\/a>, RI.<\/li>\n<\/ul>\n<p style=\"text-align: justify;\"><strong><u>Program de func\u021bionare<\/u><\/strong>:<\/p>\n<p style=\"text-align: justify;\">Luni-Vineri: 8:00-16:00<\/p>\n<p style=\"text-align: justify;\"><strong>Program de func\u021bionare cu beneficiarii:<\/strong><\/p>\n<p style=\"text-align: justify;\">Luni-joi: 8:30-14:30<\/p>\n<p style=\"text-align: justify;\">Vineri: 8:30-13:00<\/p>\n<div class=\"wp-block-image\"><img loading=\"lazy\" decoding=\"async\" class=\"wpa-warning wpa-image-missing-alt aligncenter size-large wp-image-4890\" src=\"http:\/\/asistentasocialaturda.ro\/wp-content\/uploads\/2025\/12\/IMG_20251210_1319352122-802x1024.jpg\" alt=\"\" width=\"802\" height=\"1024\" data-warning=\"Missing alt text\" srcset=\"http:\/\/asistentasocialaturda.ro\/wp-content\/uploads\/2025\/12\/IMG_20251210_1319352122-802x1024.jpg 802w, http:\/\/asistentasocialaturda.ro\/wp-content\/uploads\/2025\/12\/IMG_20251210_1319352122-235x300.jpg 235w, http:\/\/asistentasocialaturda.ro\/wp-content\/uploads\/2025\/12\/IMG_20251210_1319352122-768x980.jpg 768w, http:\/\/asistentasocialaturda.ro\/wp-content\/uploads\/2025\/12\/IMG_20251210_1319352122-1203x1536.jpg 1203w, http:\/\/asistentasocialaturda.ro\/wp-content\/uploads\/2025\/12\/IMG_20251210_1319352122-1605x2048.jpg 1605w, http:\/\/asistentasocialaturda.ro\/wp-content\/uploads\/2025\/12\/IMG_20251210_1319352122-1140x1455.jpg 1140w, http:\/\/asistentasocialaturda.ro\/wp-content\/uploads\/2025\/12\/IMG_20251210_1319352122-scaled.jpg 2006w\" sizes=\"auto, (max-width: 802px) 100vw, 802px\" \/><\/div>\n<div><\/div>\n<div>\n<div class=\"wp-block-image\"><img loading=\"lazy\" decoding=\"async\" class=\"wpa-warning wpa-image-missing-alt wp-image-4892 size-medium alignleft\" src=\"http:\/\/asistentasocialaturda.ro\/wp-content\/uploads\/2025\/12\/IMG_20251105_092100233_HDR2-300x273.jpg\" alt=\"\" width=\"300\" height=\"273\" data-warning=\"Missing alt text\" srcset=\"http:\/\/asistentasocialaturda.ro\/wp-content\/uploads\/2025\/12\/IMG_20251105_092100233_HDR2-300x273.jpg 300w, http:\/\/asistentasocialaturda.ro\/wp-content\/uploads\/2025\/12\/IMG_20251105_092100233_HDR2-1024x931.jpg 1024w, http:\/\/asistentasocialaturda.ro\/wp-content\/uploads\/2025\/12\/IMG_20251105_092100233_HDR2-768x698.jpg 768w, http:\/\/asistentasocialaturda.ro\/wp-content\/uploads\/2025\/12\/IMG_20251105_092100233_HDR2-1536x1396.jpg 1536w, http:\/\/asistentasocialaturda.ro\/wp-content\/uploads\/2025\/12\/IMG_20251105_092100233_HDR2-2048x1861.jpg 2048w, http:\/\/asistentasocialaturda.ro\/wp-content\/uploads\/2025\/12\/IMG_20251105_092100233_HDR2-1140x1036.jpg 1140w\" sizes=\"auto, (max-width: 300px) 100vw, 300px\" \/><\/div>\n<div class=\"wp-block-image\"><img loading=\"lazy\" decoding=\"async\" class=\"wpa-warning wpa-image-missing-alt wp-image-4893 size-medium alignleft\" src=\"http:\/\/asistentasocialaturda.ro\/wp-content\/uploads\/2025\/12\/IMG_20251208_135447451_HDR2-236x300.jpg\" alt=\"\" width=\"236\" height=\"300\" data-warning=\"Missing alt text\" srcset=\"http:\/\/asistentasocialaturda.ro\/wp-content\/uploads\/2025\/12\/IMG_20251208_135447451_HDR2-236x300.jpg 236w, http:\/\/asistentasocialaturda.ro\/wp-content\/uploads\/2025\/12\/IMG_20251208_135447451_HDR2-805x1024.jpg 805w, http:\/\/asistentasocialaturda.ro\/wp-content\/uploads\/2025\/12\/IMG_20251208_135447451_HDR2-768x977.jpg 768w, http:\/\/asistentasocialaturda.ro\/wp-content\/uploads\/2025\/12\/IMG_20251208_135447451_HDR2-1208x1536.jpg 1208w, http:\/\/asistentasocialaturda.ro\/wp-content\/uploads\/2025\/12\/IMG_20251208_135447451_HDR2-1611x2048.jpg 1611w, http:\/\/asistentasocialaturda.ro\/wp-content\/uploads\/2025\/12\/IMG_20251208_135447451_HDR2-1140x1449.jpg 1140w, http:\/\/asistentasocialaturda.ro\/wp-content\/uploads\/2025\/12\/IMG_20251208_135447451_HDR2-scaled.jpg 2013w\" sizes=\"auto, (max-width: 236px) 100vw, 236px\" \/><\/div>\n<div class=\"wp-block-image\"><img loading=\"lazy\" decoding=\"async\" class=\"wpa-warning wpa-image-missing-alt alignleft wp-image-4894 size-medium\" src=\"http:\/\/asistentasocialaturda.ro\/wp-content\/uploads\/2025\/12\/IMG_20251209_0956037832-230x300.jpg\" alt=\"\" width=\"230\" height=\"300\" data-warning=\"Missing alt text\" srcset=\"http:\/\/asistentasocialaturda.ro\/wp-content\/uploads\/2025\/12\/IMG_20251209_0956037832-230x300.jpg 230w, http:\/\/asistentasocialaturda.ro\/wp-content\/uploads\/2025\/12\/IMG_20251209_0956037832-786x1024.jpg 786w, http:\/\/asistentasocialaturda.ro\/wp-content\/uploads\/2025\/12\/IMG_20251209_0956037832-768x1001.jpg 768w, http:\/\/asistentasocialaturda.ro\/wp-content\/uploads\/2025\/12\/IMG_20251209_0956037832-1179x1536.jpg 1179w, http:\/\/asistentasocialaturda.ro\/wp-content\/uploads\/2025\/12\/IMG_20251209_0956037832-1572x2048.jpg 1572w, http:\/\/asistentasocialaturda.ro\/wp-content\/uploads\/2025\/12\/IMG_20251209_0956037832-1140x1485.jpg 1140w, http:\/\/asistentasocialaturda.ro\/wp-content\/uploads\/2025\/12\/IMG_20251209_0956037832-scaled.jpg 1965w\" sizes=\"auto, (max-width: 230px) 100vw, 230px\" \/><\/div>\n<div class=\"wp-block-image\"><img loading=\"lazy\" decoding=\"async\" class=\"wpa-warning wpa-image-missing-alt alignleft wp-image-4895 size-medium\" src=\"http:\/\/asistentasocialaturda.ro\/wp-content\/uploads\/2025\/12\/IMG_20251209_1020382172-232x300.jpg\" alt=\"\" width=\"232\" height=\"300\" data-warning=\"Missing alt text\" srcset=\"http:\/\/asistentasocialaturda.ro\/wp-content\/uploads\/2025\/12\/IMG_20251209_1020382172-232x300.jpg 232w, http:\/\/asistentasocialaturda.ro\/wp-content\/uploads\/2025\/12\/IMG_20251209_1020382172-794x1024.jpg 794w, http:\/\/asistentasocialaturda.ro\/wp-content\/uploads\/2025\/12\/IMG_20251209_1020382172-768x991.jpg 768w, http:\/\/asistentasocialaturda.ro\/wp-content\/uploads\/2025\/12\/IMG_20251209_1020382172-1190x1536.jpg 1190w, http:\/\/asistentasocialaturda.ro\/wp-content\/uploads\/2025\/12\/IMG_20251209_1020382172-1587x2048.jpg 1587w, http:\/\/asistentasocialaturda.ro\/wp-content\/uploads\/2025\/12\/IMG_20251209_1020382172-1140x1471.jpg 1140w, http:\/\/asistentasocialaturda.ro\/wp-content\/uploads\/2025\/12\/IMG_20251209_1020382172-scaled.jpg 1984w\" sizes=\"auto, (max-width: 232px) 100vw, 232px\" \/><\/div>\n<div class=\"wp-block-image\"><img loading=\"lazy\" decoding=\"async\" class=\"wpa-warning wpa-image-missing-alt alignleft wp-image-4896 size-medium\" src=\"http:\/\/asistentasocialaturda.ro\/wp-content\/uploads\/2025\/12\/IMG_20251209_102415963_HDR2-241x300.jpg\" alt=\"\" width=\"241\" height=\"300\" data-warning=\"Missing alt text\" srcset=\"http:\/\/asistentasocialaturda.ro\/wp-content\/uploads\/2025\/12\/IMG_20251209_102415963_HDR2-241x300.jpg 241w, http:\/\/asistentasocialaturda.ro\/wp-content\/uploads\/2025\/12\/IMG_20251209_102415963_HDR2-822x1024.jpg 822w, http:\/\/asistentasocialaturda.ro\/wp-content\/uploads\/2025\/12\/IMG_20251209_102415963_HDR2-768x956.jpg 768w, http:\/\/asistentasocialaturda.ro\/wp-content\/uploads\/2025\/12\/IMG_20251209_102415963_HDR2-1233x1536.jpg 1233w, http:\/\/asistentasocialaturda.ro\/wp-content\/uploads\/2025\/12\/IMG_20251209_102415963_HDR2-1645x2048.jpg 1645w, http:\/\/asistentasocialaturda.ro\/wp-content\/uploads\/2025\/12\/IMG_20251209_102415963_HDR2-1140x1420.jpg 1140w\" sizes=\"auto, (max-width: 241px) 100vw, 241px\" \/><\/div>\n<div class=\"wp-block-image\"><img loading=\"lazy\" decoding=\"async\" class=\"wpa-warning wpa-image-missing-alt alignleft wp-image-4897 size-medium\" src=\"http:\/\/asistentasocialaturda.ro\/wp-content\/uploads\/2025\/12\/IMG_20251209_1024485842-231x300.jpg\" alt=\"\" width=\"231\" height=\"300\" data-warning=\"Missing alt text\" srcset=\"http:\/\/asistentasocialaturda.ro\/wp-content\/uploads\/2025\/12\/IMG_20251209_1024485842-231x300.jpg 231w, http:\/\/asistentasocialaturda.ro\/wp-content\/uploads\/2025\/12\/IMG_20251209_1024485842-787x1024.jpg 787w, http:\/\/asistentasocialaturda.ro\/wp-content\/uploads\/2025\/12\/IMG_20251209_1024485842-768x1000.jpg 768w, http:\/\/asistentasocialaturda.ro\/wp-content\/uploads\/2025\/12\/IMG_20251209_1024485842-1180x1536.jpg 1180w, http:\/\/asistentasocialaturda.ro\/wp-content\/uploads\/2025\/12\/IMG_20251209_1024485842-1574x2048.jpg 1574w, http:\/\/asistentasocialaturda.ro\/wp-content\/uploads\/2025\/12\/IMG_20251209_1024485842-1140x1484.jpg 1140w, http:\/\/asistentasocialaturda.ro\/wp-content\/uploads\/2025\/12\/IMG_20251209_1024485842-scaled.jpg 1967w\" sizes=\"auto, (max-width: 231px) 100vw, 231px\" \/><\/div>\n<div class=\"wp-block-image\"><img loading=\"lazy\" decoding=\"async\" class=\"wpa-warning wpa-image-missing-alt alignleft wp-image-4898 size-medium\" src=\"http:\/\/asistentasocialaturda.ro\/wp-content\/uploads\/2025\/12\/IMG_20251209_1031081142-229x300.jpg\" alt=\"\" width=\"229\" height=\"300\" data-warning=\"Missing alt text\" srcset=\"http:\/\/asistentasocialaturda.ro\/wp-content\/uploads\/2025\/12\/IMG_20251209_1031081142-229x300.jpg 229w, http:\/\/asistentasocialaturda.ro\/wp-content\/uploads\/2025\/12\/IMG_20251209_1031081142-782x1024.jpg 782w, http:\/\/asistentasocialaturda.ro\/wp-content\/uploads\/2025\/12\/IMG_20251209_1031081142-768x1006.jpg 768w, http:\/\/asistentasocialaturda.ro\/wp-content\/uploads\/2025\/12\/IMG_20251209_1031081142-1173x1536.jpg 1173w, http:\/\/asistentasocialaturda.ro\/wp-content\/uploads\/2025\/12\/IMG_20251209_1031081142-1564x2048.jpg 1564w, http:\/\/asistentasocialaturda.ro\/wp-content\/uploads\/2025\/12\/IMG_20251209_1031081142-1140x1493.jpg 1140w, http:\/\/asistentasocialaturda.ro\/wp-content\/uploads\/2025\/12\/IMG_20251209_1031081142-scaled.jpg 1955w\" sizes=\"auto, (max-width: 229px) 100vw, 229px\" \/><\/div>\n<div class=\"wp-block-image\"><img loading=\"lazy\" decoding=\"async\" class=\"wpa-warning wpa-image-missing-alt alignleft wp-image-4899 size-medium\" src=\"http:\/\/asistentasocialaturda.ro\/wp-content\/uploads\/2025\/12\/IMG_20251209_103134896_HDR2-241x300.jpg\" alt=\"\" width=\"241\" height=\"300\" data-warning=\"Missing alt text\" srcset=\"http:\/\/asistentasocialaturda.ro\/wp-content\/uploads\/2025\/12\/IMG_20251209_103134896_HDR2-241x300.jpg 241w, http:\/\/asistentasocialaturda.ro\/wp-content\/uploads\/2025\/12\/IMG_20251209_103134896_HDR2-821x1024.jpg 821w, http:\/\/asistentasocialaturda.ro\/wp-content\/uploads\/2025\/12\/IMG_20251209_103134896_HDR2-768x958.jpg 768w, http:\/\/asistentasocialaturda.ro\/wp-content\/uploads\/2025\/12\/IMG_20251209_103134896_HDR2-1232x1536.jpg 1232w, http:\/\/asistentasocialaturda.ro\/wp-content\/uploads\/2025\/12\/IMG_20251209_103134896_HDR2-1642x2048.jpg 1642w, http:\/\/asistentasocialaturda.ro\/wp-content\/uploads\/2025\/12\/IMG_20251209_103134896_HDR2-1140x1422.jpg 1140w\" sizes=\"auto, (max-width: 241px) 100vw, 241px\" \/><\/div>\n<\/div>\n","protected":false},"excerpt":{"rendered":"<p>Str. 22 Decembrie 1989, nr. 8B, mun. Turda, jud. Cluj Coordonator centru: Gheberta Elena email: centru.igiena.22@asistentasocialaturda.ro Despre noi Centrul Comunitar de Igien\u0103 \u0219i S\u0103n\u0103tate-Servicii de asisten\u021b\u0103 comunitar\u0103 \u00a0furnizeaz\u0103 de luni -vineri \u00a0servicii privind men\u021binerea st\u0103rii de igien\u0103 \u0219i s\u0103n\u0103tate, asisten\u021b\u0103 socio- medical\u0103 \u0219i \u00eendrumare specializat\u0103 pentru membrii comunit\u0103\u021bilor marginalizate din zona industrial\u0103, comunitatea din bloc ELTA, comunitatea de pe Calea Victoriei \u0219i comunitatea Barbu L\u0103utaru. Prin\u00a0 serviciile oferite se urm\u0103re\u0219te\u00a0 s\u0103 se r\u0103spund\u0103 nevoilor sociale, individuale, familiale sau de grup, \u00een vederea dep\u0103\u015firii situa\u0163iilor de dificultate, prevenirii \u015fi combaterii riscului de excluziune social\u0103, promov\u0103rii incluziunii sociale \u015fi cre\u015fterii calit\u0103\u0163ii vie\u0163ii. Obiective Combaterea marginaliz\u0103rii \u0219i a excluziunii sociale a beneficiarilor; \u00cembun\u0103t\u0103\u021birea igienei \u0219i a st\u0103rii de s\u0103n\u0103tate prin punerea la dispozi\u021bie a unei sp\u0103l\u0103torii, du\u0219uri. Furnizarea de servicii sociale \u0219i medicale; Formarea de conduite \u0219i comportamente care s\u0103 conduc\u0103 la \u00eembun\u0103t\u0103\u021birea st\u0103rii de igien\u0103 \u0219i s\u0103n\u0103tate, prin participarea la campanii de informare pe diferite tematici; Cre\u0219terea gradului de confort la nivelul comunit\u0103\u021bilor; Cre\u0219terea frecven\u021bei vizitelor la medicul de familie a beneficiarilor. Misiune Misiunea centrului este de a \u00eembun\u0103t\u0103\u021bii calitatea vie\u021bii persoanelor marginalizate, prin oferirea de servicii privind men\u021binerea st\u0103rii de igien\u0103 \u0219i s\u0103n\u0103tate \u0219i \u00eendrumare specializat\u0103 pentru dep\u0103\u0219irea situa\u021biilor de dificultate. Scop Scopul serviciului social este de a furniza servicii socio-medicale \u0219i servicii privind men\u021binerea st\u0103rii de igien\u0103 \u0219i s\u0103n\u0103tate, pentru membrii comunit\u0103\u021bilor marginalizate. Prin campaniile de informare privind importanta igienei si influenta acesteia asupra s\u0103n\u0103t\u0103\u021bii se urm\u0103re\u0219te con\u0219tientizarea beneficiarilor cu privire la acest aspect, care \u00een final s\u0103 duc\u0103 la \u00eembun\u0103t\u0103\u021birea condi\u021biilor de trai. Grup \u021bint\u0103 Beneficiarii serviciilor sociale acordate \u00een &#8222;Centrul Comunitar de Igien\u0103 \u0219i S\u0103n\u0103tate-Servicii de asisten\u021b\u0103 comunitar\u0103&#8221;, sunt membrii din comunit\u0103\u021bile marginalizate, respectiv: comunitatea din zona industrial\u0103, comunitatea din bloc ELTA, comunitatea de pe Calea Victoriei \u0219i comunitatea Barbu L\u0103utaru. Nu pot beneficia de serviciile Centrului: persoanele care nu au domiciliul \u00een comunit\u0103\u021bile marginalizate; persoanele cu o situa\u021bie materiala bun\u0103 (de\u021bin la domiciliu ma\u0219in\u0103 de sp\u0103lat \u0219i baie proprie); persoanele cu boli infectocontagioase. Actele necesare de admitere \u00een centru sunt urm\u0103toarele: cererea de admitere, semnat\u0103 de beneficiar \u015fi aprobat\u0103 de conduc\u0103torul DAS Turda; \u00a0acte de identitate; documente medicale relevante; anchet\u0103 social\u0103. Servicii oferite Servicii de \u00eengrijire \u0219i men\u021binere a s\u0103n\u0103t\u0103\u021bii prin punerea la dispozi\u021bia beneficiarilor a unei sp\u0103l\u0103torii \u0219i b\u0103i publice; Servicii sociale; Servicii medicale; Servicii de informare \u0219i educa\u021bie sanitar\u0103, prin derularea de campanii tematice. Condi\u021bii de \u00eencetare a serviciilor: beneficiarul nu mai \u00eendepline\u0219te condi\u021biile de eligibilitate; de comun acord cu beneficiarul, prin realizarea obiectivelor propuse \u00een planul individualizat de servicii; datorita nerespect\u0103rii de c\u0103tre beneficiar a normelor \u0219i regulilor impuse de ROF, RI. Program de func\u021bionare: Luni-Vineri: 8:00-16:00 Program de func\u021bionare cu beneficiarii: Luni-joi: 8:30-14:30 Vineri: 8:30-13:00<\/p>\n","protected":false},"author":1,"featured_media":0,"parent":0,"menu_order":0,"comment_status":"closed","ping_status":"closed","template":"","meta":{"footnotes":""},"class_list":["post-4884","page","type-page","status-publish","hentry"],"aioseo_notices":[],"_links":{"self":[{"href":"http:\/\/asistentasocialaturda.ro\/index.php\/wp-json\/wp\/v2\/pages\/4884","targetHints":{"allow":["GET"]}}],"collection":[{"href":"http:\/\/asistentasocialaturda.ro\/index.php\/wp-json\/wp\/v2\/pages"}],"about":[{"href":"http:\/\/asistentasocialaturda.ro\/index.php\/wp-json\/wp\/v2\/types\/page"}],"author":[{"embeddable":true,"href":"http:\/\/asistentasocialaturda.ro\/index.php\/wp-json\/wp\/v2\/users\/1"}],"replies":[{"embeddable":true,"href":"http:\/\/asistentasocialaturda.ro\/index.php\/wp-json\/wp\/v2\/comments?post=4884"}],"version-history":[{"count":5,"href":"http:\/\/asistentasocialaturda.ro\/index.php\/wp-json\/wp\/v2\/pages\/4884\/revisions"}],"predecessor-version":[{"id":4901,"href":"http:\/\/asistentasocialaturda.ro\/index.php\/wp-json\/wp\/v2\/pages\/4884\/revisions\/4901"}],"wp:attachment":[{"href":"http:\/\/asistentasocialaturda.ro\/index.php\/wp-json\/wp\/v2\/media?parent=4884"}],"curies":[{"name":"wp","href":"https:\/\/api.w.org\/{rel}","templated":true}]}}