{"id":4454,"date":"2025-09-02T09:23:23","date_gmt":"2025-09-02T06:23:23","guid":{"rendered":"https:\/\/asistentasocialaturda.ro\/?page_id=4454"},"modified":"2025-09-02T09:23:23","modified_gmt":"2025-09-02T06:23:23","slug":"compartiment-situatii-de-urgenta-si-marginalizare-sociala","status":"publish","type":"page","link":"http:\/\/asistentasocialaturda.ro\/index.php\/compartiment-situatii-de-urgenta-si-marginalizare-sociala\/","title":{"rendered":"Compartiment Situa\u021bii de Urgen\u021b\u0103 \u0219i Marginalizare Social\u0103"},"content":{"rendered":"<p>\u00cen cadrul Compartimentului Situa\u021bii de Urgen\u021b\u0103 \u0219i Marginalizare Social\u0103 se desf\u0103\u0219oar\u0103 urm\u0103toarele activit\u0103\u021bi:<\/p>\n<ul>\n<li>Se realizeaz\u0103 Instructajele generale SSM \u0219i PSI noilor angaja\u021bi \u0219i instructajele periodice SSM \u0219i PSI personalului din cadrul DAS (\u00een fiecare trimestru);<\/li>\n<li>Se fac verific\u0103ri periodice \u00een centrele din subordinea DAS privind normele SSM \u0219i PSI \u0219i se actualizeaz\u0103 \u00a0documenta\u021bii SSM \u0219i PSI;<\/li>\n<li>Se organizeaz\u0103 de exerci\u021bii de evacuare \u00een caz de incendiu cu to\u021bi angaja\u021bii \u0219i beneficiarii DAS;<\/li>\n<li>Se organizeaz\u0103 verificarea, re\u00eenc\u0103rcarea \u0219i \u00eenlocuirea sting\u0103toarelor de incendiu din cadrul institu\u021biei;<\/li>\n<li>Se \u00eentocmesc Fise identificare factori risc pentru medicina muncii pentru noii angaja\u021bi, asisten\u021bi personali \u0219i beneficiari de VMI;<\/li>\n<li>Participarea la realizarea inventarului la nivelul DAS Turda \u0219i la efectuarea cas\u0103rilor la nivelul institu\u021biei (obiecte de inventar, mijloace fixe deteriorate);<\/li>\n<li>Efectuarea anchetelor sociale pe diferite activit\u0103\u021bi, burse \u0219colare, ajutoare urgen\u021b\u0103, judec\u0103torie, penitenciare, \u0219coli de \u0219oferi, acordare Venit Minim De Incluziune;<\/li>\n<li>Gestionarea, completarea \u0219i \u00eentocmirea documentelor necesare acord\u0103rii de ajutoare de urgen\u021b\u0103;<\/li>\n<li>Ob\u021binerea documentelor \u0219i organizarea \u00eenhum\u0103rii deceda\u021bilor f\u0103r\u0103 apar\u021bin\u0103tori;<\/li>\n<li>Gestionarea \u0219i completarea documentelor persoanelor care au \u00eemplinit 50 ani c\u0103s\u0103torie;<\/li>\n<li>\u00cenlocuirea, la nevoie, pe diferite perioade colegii din diferite compartimente (Conduc\u0103tor auto, distribuire alimente asista\u021bi social, marginalizare);<\/li>\n<li>Participarea la ac\u021biuni solicitate de c\u0103tre alte institu\u021bii (razii efectuate pe teritoriul municipiului, audieri de minori, etc.).<\/li>\n<\/ul>\n","protected":false},"excerpt":{"rendered":"<p>\u00cen cadrul Compartimentului Situa\u021bii de Urgen\u021b\u0103 \u0219i Marginalizare Social\u0103 se desf\u0103\u0219oar\u0103 urm\u0103toarele activit\u0103\u021bi: Se realizeaz\u0103 Instructajele generale SSM \u0219i PSI noilor angaja\u021bi \u0219i instructajele periodice SSM \u0219i PSI personalului din cadrul DAS (\u00een fiecare trimestru); Se fac verific\u0103ri periodice \u00een centrele din subordinea DAS privind normele SSM \u0219i PSI \u0219i se actualizeaz\u0103 \u00a0documenta\u021bii SSM \u0219i PSI; Se organizeaz\u0103 de exerci\u021bii de evacuare \u00een caz de incendiu cu to\u021bi angaja\u021bii \u0219i beneficiarii DAS; Se organizeaz\u0103 verificarea, re\u00eenc\u0103rcarea \u0219i \u00eenlocuirea sting\u0103toarelor de incendiu din cadrul institu\u021biei; Se \u00eentocmesc Fise identificare factori risc pentru medicina muncii pentru noii angaja\u021bi, asisten\u021bi personali \u0219i beneficiari de VMI; Participarea la realizarea inventarului la nivelul DAS Turda \u0219i la efectuarea cas\u0103rilor la nivelul institu\u021biei (obiecte de inventar, mijloace fixe deteriorate); Efectuarea anchetelor sociale pe diferite activit\u0103\u021bi, burse \u0219colare, ajutoare urgen\u021b\u0103, judec\u0103torie, penitenciare, \u0219coli de \u0219oferi, acordare Venit Minim De Incluziune; Gestionarea, completarea \u0219i \u00eentocmirea documentelor necesare acord\u0103rii de ajutoare de urgen\u021b\u0103; Ob\u021binerea documentelor \u0219i organizarea \u00eenhum\u0103rii deceda\u021bilor f\u0103r\u0103 apar\u021bin\u0103tori; Gestionarea \u0219i completarea documentelor persoanelor care au \u00eemplinit 50 ani c\u0103s\u0103torie; \u00cenlocuirea, la nevoie, pe diferite perioade colegii din diferite compartimente (Conduc\u0103tor auto, distribuire alimente asista\u021bi social, marginalizare); Participarea la ac\u021biuni solicitate de c\u0103tre alte institu\u021bii (razii efectuate pe teritoriul municipiului, audieri de minori, etc.).<\/p>\n","protected":false},"author":1,"featured_media":0,"parent":0,"menu_order":0,"comment_status":"closed","ping_status":"closed","template":"","meta":{"footnotes":""},"class_list":["post-4454","page","type-page","status-publish","hentry"],"aioseo_notices":[],"_links":{"self":[{"href":"http:\/\/asistentasocialaturda.ro\/index.php\/wp-json\/wp\/v2\/pages\/4454","targetHints":{"allow":["GET"]}}],"collection":[{"href":"http:\/\/asistentasocialaturda.ro\/index.php\/wp-json\/wp\/v2\/pages"}],"about":[{"href":"http:\/\/asistentasocialaturda.ro\/index.php\/wp-json\/wp\/v2\/types\/page"}],"author":[{"embeddable":true,"href":"http:\/\/asistentasocialaturda.ro\/index.php\/wp-json\/wp\/v2\/users\/1"}],"replies":[{"embeddable":true,"href":"http:\/\/asistentasocialaturda.ro\/index.php\/wp-json\/wp\/v2\/comments?post=4454"}],"version-history":[{"count":1,"href":"http:\/\/asistentasocialaturda.ro\/index.php\/wp-json\/wp\/v2\/pages\/4454\/revisions"}],"predecessor-version":[{"id":4455,"href":"http:\/\/asistentasocialaturda.ro\/index.php\/wp-json\/wp\/v2\/pages\/4454\/revisions\/4455"}],"wp:attachment":[{"href":"http:\/\/asistentasocialaturda.ro\/index.php\/wp-json\/wp\/v2\/media?parent=4454"}],"curies":[{"name":"wp","href":"https:\/\/api.w.org\/{rel}","templated":true}]}}