{"id":4417,"date":"2025-08-29T09:07:56","date_gmt":"2025-08-29T06:07:56","guid":{"rendered":"https:\/\/asistentasocialaturda.ro\/?page_id=4417"},"modified":"2025-08-29T09:07:56","modified_gmt":"2025-08-29T06:07:56","slug":"buletinul-informativ-legea-544-2001","status":"publish","type":"page","link":"http:\/\/asistentasocialaturda.ro\/index.php\/buletinul-informativ-legea-544-2001\/","title":{"rendered":"Buletinul informativ (Legea 544\/2001)"},"content":{"rendered":"<p style=\"text-align: justify;\">NOT\u0102:\u00a0\u00a0\u00a0 Fiecare categorie de informa\u0163ie va cuprinde o trimitere (un link) c\u0103tre pagina unde aceast\u0103 informa\u0163ie este afi\u015fat\u0103 pe site-ul autorit\u0103\u0163ii \u00een cauz\u0103.<\/p>\n<table width=\"614\">\n<tbody>\n<tr>\n<td width=\"257\">a)\u00a0actele normative\u00a0care reglementeaza organizarea si functionarea autoritatii sau institutiei publice;<\/td>\n<td width=\"352\"><a href=\"https:\/\/asistentasocialaturda.ro\/index.php\/legislatie\/\">https:\/\/asistentasocialaturda.ro\/index.php\/legislatie\/<\/a><\/p>\n<p>&nbsp;<\/td>\n<\/tr>\n<tr>\n<td width=\"257\">b)\u00a0 structura organizatorica, atribu\u021biile departamentelor, programul de functionare, programul de audiente al autoritatii sau institutiei publice;<\/td>\n<td width=\"352\"><a href=\"https:\/\/asistentasocialaturda.ro\/index.php\/structura-organizatorica\/\">https:\/\/asistentasocialaturda.ro\/index.php\/structura-organizatorica\/<\/a><\/p>\n<p><a href=\"https:\/\/asistentasocialaturda.ro\/index.php\/sample-page\/\">https:\/\/asistentasocialaturda.ro\/index.php\/sample-page\/<\/a><\/p>\n<p>&nbsp;<\/td>\n<\/tr>\n<tr>\n<td width=\"257\">c)\u00a0numele si prenumele persoanelor\u00a0din conducerea autoritatii sau a institutiei publice si ale functionarului responsabil cu difuzarea informatiilor publice;<\/td>\n<td width=\"352\"><a href=\"https:\/\/asistentasocialaturda.ro\/index.php\/sample-page\/\">https:\/\/asistentasocialaturda.ro\/index.php\/sample-page\/<\/a><\/p>\n<p><a href=\"https:\/\/asistentasocialaturda.ro\/index.php\/responsabil-cu-difuzarea-informatiilor-publice-relatia-cu-societatea-civila\/\">https:\/\/asistentasocialaturda.ro\/index.php\/responsabil-cu-difuzarea-informatiilor-publice-relatia-cu-societatea-civila\/<\/a><\/p>\n<p>&nbsp;<\/td>\n<\/tr>\n<tr>\n<td width=\"257\">d)\u00a0coordonatele de contact ale autoritatii sau institutiei publice, respectiv: denumirea, sediul, numerele de telefon, fax, adresa de e-mail si adresa paginii de Internet;<\/td>\n<td width=\"352\"><a href=\"https:\/\/asistentasocialaturda.ro\/index.php\/sample-page\/\">https:\/\/asistentasocialaturda.ro\/index.php\/sample-page\/<\/a><\/p>\n<p>&nbsp;<\/td>\n<\/tr>\n<tr>\n<td width=\"257\">e) audien\u021be<\/td>\n<td width=\"352\"><a href=\"https:\/\/asistentasocialaturda.ro\/index.php\/sample-page\/\">https:\/\/asistentasocialaturda.ro\/index.php\/sample-page\/<\/a><\/p>\n<p>&nbsp;<\/td>\n<\/tr>\n<tr>\n<td width=\"257\">f) sursele financiare, bugetul si bilantul contabil;<\/td>\n<td width=\"352\"><a href=\"https:\/\/asistentasocialaturda.ro\/index.php\/buget\/\">https:\/\/asistentasocialaturda.ro\/index.php\/buget\/<\/a><\/p>\n<p>&nbsp;<\/td>\n<\/tr>\n<tr>\n<td width=\"257\">g) programele si strategiile proprii;<\/td>\n<td width=\"352\">&#8211;<\/td>\n<\/tr>\n<tr>\n<td width=\"257\">h) lista\u00a0cuprinzand documentele de interes public produse si\/sau gestionate<\/td>\n<td width=\"352\"><a href=\"https:\/\/asistentasocialaturda.ro\/index.php\/lista-documentelor-de-interes-public-si-a-documentelor-produse-gestionate-de-das-conform-l544-2001\/\">https:\/\/asistentasocialaturda.ro\/index.php\/lista-documentelor-de-interes-public-si-a-documentelor-produse-gestionate-de-das-conform-l544-2001\/<\/a><\/p>\n<p>&nbsp;<\/td>\n<\/tr>\n<tr>\n<td>i) lista\u00a0cuprinzand documentele produse si\/sau gestionate<\/td>\n<td width=\"352\"><a href=\"https:\/\/asistentasocialaturda.ro\/index.php\/lista-documentelor-de-interes-public-si-a-documentelor-produse-gestionate-de-das-conform-l544-2001\/\">https:\/\/asistentasocialaturda.ro\/index.php\/lista-documentelor-de-interes-public-si-a-documentelor-produse-gestionate-de-das-conform-l544-2001\/<\/a><\/p>\n<p>&nbsp;<\/td>\n<\/tr>\n<tr>\n<td width=\"257\">j) modalitatile de contestare\u00a0a deciziei autoritatii sau a institutiei publice in situatia in care persoana se considera vatamata in privinta dreptului de acces la informatiile de interes public solicitate.<\/td>\n<td width=\"352\"><a href=\"https:\/\/asistentasocialaturda.ro\/index.php\/modalitate-de-contestare-a-deciziei-si-reclamatii-administrative\/\">https:\/\/asistentasocialaturda.ro\/index.php\/modalitate-de-contestare-a-deciziei-si-reclamatii-administrative\/<\/a><\/p>\n<p>&nbsp;<\/td>\n<\/tr>\n<\/tbody>\n<\/table>\n","protected":false},"excerpt":{"rendered":"<p>NOT\u0102:\u00a0\u00a0\u00a0 Fiecare categorie de informa\u0163ie va cuprinde o trimitere (un link) c\u0103tre pagina unde aceast\u0103 informa\u0163ie este afi\u015fat\u0103 pe site-ul autorit\u0103\u0163ii \u00een cauz\u0103. a)\u00a0actele normative\u00a0care reglementeaza organizarea si functionarea autoritatii sau institutiei publice; https:\/\/asistentasocialaturda.ro\/index.php\/legislatie\/ &nbsp; b)\u00a0 structura organizatorica, atribu\u021biile departamentelor, programul de functionare, programul de audiente al autoritatii sau institutiei publice; https:\/\/asistentasocialaturda.ro\/index.php\/structura-organizatorica\/ https:\/\/asistentasocialaturda.ro\/index.php\/sample-page\/ &nbsp; c)\u00a0numele si prenumele persoanelor\u00a0din conducerea autoritatii sau a institutiei publice si ale functionarului responsabil cu difuzarea informatiilor publice; https:\/\/asistentasocialaturda.ro\/index.php\/sample-page\/ https:\/\/asistentasocialaturda.ro\/index.php\/responsabil-cu-difuzarea-informatiilor-publice-relatia-cu-societatea-civila\/ &nbsp; d)\u00a0coordonatele de contact ale autoritatii sau institutiei publice, respectiv: denumirea, sediul, numerele de telefon, fax, adresa de e-mail si adresa paginii de Internet; https:\/\/asistentasocialaturda.ro\/index.php\/sample-page\/ &nbsp; e) audien\u021be https:\/\/asistentasocialaturda.ro\/index.php\/sample-page\/ &nbsp; f) sursele financiare, bugetul si bilantul contabil; https:\/\/asistentasocialaturda.ro\/index.php\/buget\/ &nbsp; g) programele si strategiile proprii; &#8211; h) lista\u00a0cuprinzand documentele de interes public produse si\/sau gestionate https:\/\/asistentasocialaturda.ro\/index.php\/lista-documentelor-de-interes-public-si-a-documentelor-produse-gestionate-de-das-conform-l544-2001\/ &nbsp; i) lista\u00a0cuprinzand documentele produse si\/sau gestionate https:\/\/asistentasocialaturda.ro\/index.php\/lista-documentelor-de-interes-public-si-a-documentelor-produse-gestionate-de-das-conform-l544-2001\/ &nbsp; j) modalitatile de contestare\u00a0a deciziei autoritatii sau a institutiei publice in situatia in care persoana se considera vatamata in privinta dreptului de acces la informatiile de interes public solicitate. https:\/\/asistentasocialaturda.ro\/index.php\/modalitate-de-contestare-a-deciziei-si-reclamatii-administrative\/ &nbsp;<\/p>\n","protected":false},"author":1,"featured_media":0,"parent":0,"menu_order":0,"comment_status":"closed","ping_status":"closed","template":"","meta":{"footnotes":""},"class_list":["post-4417","page","type-page","status-publish","hentry"],"aioseo_notices":[],"_links":{"self":[{"href":"http:\/\/asistentasocialaturda.ro\/index.php\/wp-json\/wp\/v2\/pages\/4417","targetHints":{"allow":["GET"]}}],"collection":[{"href":"http:\/\/asistentasocialaturda.ro\/index.php\/wp-json\/wp\/v2\/pages"}],"about":[{"href":"http:\/\/asistentasocialaturda.ro\/index.php\/wp-json\/wp\/v2\/types\/page"}],"author":[{"embeddable":true,"href":"http:\/\/asistentasocialaturda.ro\/index.php\/wp-json\/wp\/v2\/users\/1"}],"replies":[{"embeddable":true,"href":"http:\/\/asistentasocialaturda.ro\/index.php\/wp-json\/wp\/v2\/comments?post=4417"}],"version-history":[{"count":1,"href":"http:\/\/asistentasocialaturda.ro\/index.php\/wp-json\/wp\/v2\/pages\/4417\/revisions"}],"predecessor-version":[{"id":4418,"href":"http:\/\/asistentasocialaturda.ro\/index.php\/wp-json\/wp\/v2\/pages\/4417\/revisions\/4418"}],"wp:attachment":[{"href":"http:\/\/asistentasocialaturda.ro\/index.php\/wp-json\/wp\/v2\/media?parent=4417"}],"curies":[{"name":"wp","href":"https:\/\/api.w.org\/{rel}","templated":true}]}}