{"id":4123,"date":"2025-06-30T12:53:15","date_gmt":"2025-06-30T09:53:15","guid":{"rendered":"https:\/\/asistentasocialaturda.ro\/?page_id=4123"},"modified":"2025-06-30T12:54:50","modified_gmt":"2025-06-30T09:54:50","slug":"proiect-de-act-normativ-aflat-in-consultare-publica","status":"publish","type":"page","link":"http:\/\/asistentasocialaturda.ro\/index.php\/proiect-de-act-normativ-aflat-in-consultare-publica\/","title":{"rendered":"Proiect de act normativ aflat \u00een dezbatere public\u0103"},"content":{"rendered":"<p><a href=\"http:\/\/asistentasocialaturda.ro\/wp-content\/uploads\/2025\/06\/proiect-35-din-17.04.2025.pdf\">Proiect de hot\u0103r\u00e2re &#8211; strategia de dezvoltare a serviciilor sociale \u00een municipiul Turda pe perioada 2025 &#8211; 2035<\/a><\/p>\n<p><a href=\"http:\/\/asistentasocialaturda.ro\/wp-content\/uploads\/2025\/06\/anunt-consultare-publica-proiect-nr.-35-din-17.04.2025.pdf\">Anun\u021b dezbatere public\u0103 Strategie<\/a><\/p>\n<blockquote class=\"wp-embedded-content\" data-secret=\"NWvtOHTqEV\"><p><a href=\"https:\/\/primariaturda.ro\/proiect-de-hotarare-nr-35-17-04-2025-privind-aprobarea-strategiei-locale-de-dezvoltare-a-serviciilor-sociale-in-municipiul-turda-pentru-perioada-2025-2034\/\">Proiect de hot\u0103r\u00e2re nr.  35\/17.04.2025  privind aprobarea Strategiei locale de dezvoltare a serviciilor sociale \u00een Municipiul Turda pentru perioada 2025-2034<\/a><\/p><\/blockquote>\n<p><iframe loading=\"lazy\" class=\"wp-embedded-content\" sandbox=\"allow-scripts\" security=\"restricted\" style=\"position: absolute; visibility: hidden;\" title=\"&#8222;Proiect de hot\u0103r\u00e2re nr.  35\/17.04.2025  privind aprobarea Strategiei locale de dezvoltare a serviciilor sociale \u00een Municipiul Turda pentru perioada 2025-2034&#8221; &#8212; Prim\u0103ria Municipiului Turda\" src=\"https:\/\/primariaturda.ro\/proiect-de-hotarare-nr-35-17-04-2025-privind-aprobarea-strategiei-locale-de-dezvoltare-a-serviciilor-sociale-in-municipiul-turda-pentru-perioada-2025-2034\/embed\/#?secret=oZL6w4DBCu#?secret=NWvtOHTqEV\" data-secret=\"NWvtOHTqEV\" width=\"600\" height=\"338\" frameborder=\"0\" marginwidth=\"0\" marginheight=\"0\" scrolling=\"no\"><\/iframe><\/p>\n","protected":false},"excerpt":{"rendered":"<p>Proiect de hot\u0103r\u00e2re &#8211; strategia de dezvoltare a serviciilor sociale \u00een municipiul Turda pe perioada 2025 &#8211; 2035 Anun\u021b dezbatere public\u0103 Strategie Proiect de hot\u0103r\u00e2re nr. 35\/17.04.2025 privind aprobarea Strategiei locale de dezvoltare a serviciilor sociale \u00een Municipiul Turda pentru perioada 2025-2034<\/p>\n","protected":false},"author":1,"featured_media":0,"parent":0,"menu_order":0,"comment_status":"closed","ping_status":"closed","template":"","meta":{"footnotes":""},"class_list":["post-4123","page","type-page","status-publish","hentry"],"aioseo_notices":[],"_links":{"self":[{"href":"http:\/\/asistentasocialaturda.ro\/index.php\/wp-json\/wp\/v2\/pages\/4123","targetHints":{"allow":["GET"]}}],"collection":[{"href":"http:\/\/asistentasocialaturda.ro\/index.php\/wp-json\/wp\/v2\/pages"}],"about":[{"href":"http:\/\/asistentasocialaturda.ro\/index.php\/wp-json\/wp\/v2\/types\/page"}],"author":[{"embeddable":true,"href":"http:\/\/asistentasocialaturda.ro\/index.php\/wp-json\/wp\/v2\/users\/1"}],"replies":[{"embeddable":true,"href":"http:\/\/asistentasocialaturda.ro\/index.php\/wp-json\/wp\/v2\/comments?post=4123"}],"version-history":[{"count":4,"href":"http:\/\/asistentasocialaturda.ro\/index.php\/wp-json\/wp\/v2\/pages\/4123\/revisions"}],"predecessor-version":[{"id":4129,"href":"http:\/\/asistentasocialaturda.ro\/index.php\/wp-json\/wp\/v2\/pages\/4123\/revisions\/4129"}],"wp:attachment":[{"href":"http:\/\/asistentasocialaturda.ro\/index.php\/wp-json\/wp\/v2\/media?parent=4123"}],"curies":[{"name":"wp","href":"https:\/\/api.w.org\/{rel}","templated":true}]}}