{"id":4095,"date":"2025-06-30T10:04:41","date_gmt":"2025-06-30T07:04:41","guid":{"rendered":"https:\/\/asistentasocialaturda.ro\/?page_id=4095"},"modified":"2025-07-01T15:08:26","modified_gmt":"2025-07-01T12:08:26","slug":"avertizorul-de-integritate","status":"publish","type":"page","link":"http:\/\/asistentasocialaturda.ro\/index.php\/avertizorul-de-integritate\/","title":{"rendered":"Avertizorul de integritate"},"content":{"rendered":"<p>\u00cen sensul\u00a0<a href=\"https:\/\/legislatie.just.ro\/Public\/DetaliiDocument\/262872\">Legii nr. 361\/2022<\/a> privind protec\u0163ia avertizorilor \u00een interes public se intelege\u00a0 \u00a0persoana fizic\u0103, care efectueaz\u0103 o raportare sau divulg\u0103 public informa\u0163ii referitoare la \u00eenc\u0103lc\u0103ri ale legii, ob\u0163inute \u00een context profesional.<\/p>\n<p><strong>Legisla\u021bia incident\u0103:<\/strong><\/p>\n<ol>\n<li>Legea nr. 361\/2022 privind protec\u0163ia avertizorilor \u00een interes public, cu modific\u0103rile ulterioare;<\/li>\n<li>Legea nr. 78\/2000 pentru prevenirea, descoperirea \u015fi sanc\u0163ionarea faptelor de corup\u0163ie, cu modific\u0103rile \u015fi complet\u0103rile ulterioare;<\/li>\n<li>Legea nr. 161\/2003 privind unele m\u0103suri pentru asigurarea transparen\u0163ei \u00een exercitarea demnit\u0103\u0163ilor publice, a func\u0163iilor publice \u015fi \u00een mediul de afaceri \u015fi prevenirea corup\u0163iei, cu modific\u0103rile \u015fi complet\u0103rile ulterioare;<\/li>\n<li>Legea nr. 176\/2010 privind integritatea \u00een exercitarea func\u0163iilor \u015fi demnit\u0103\u0163ilor publice, pentru modificarea \u015fi completarea Legii nr. 144\/2007 privind \u00eenfiin\u0163area, organizarea \u015fi func\u0163ionarea Agen\u0163iei Na\u0163ionale de Integritate, precum \u015fi pentru modificarea \u015fi completarea altor acte normative, cu modific\u0103rile ulterioare;<\/li>\n<li>Legea nr. 251\/2004 privind unele m\u0103suri referitoare la bunurile primite cu titlu gratuit cu prilejul unor ac\u0163iuni de protocol \u00een exercitarea mandatului sau a func\u0163iei;<\/li>\n<li>Directiva (UE) 2019\/1937 a Parlamentului European \u0219i a Consiliului din 23 octombrie 2019 privind protec\u021bia persoanelor care raporteaz\u0103 \u00eenc\u0103lc\u0103ri ale dreptului Uniunii;<\/li>\n<li>Regulamentul (UE) 2016\/679 al Parlamentului European \u0219i al Consiliului din 27 aprilie 2016 privind protec\u021bia persoanelor fizice \u00een ceea ce prive\u0219te prelucrarea datelor cu caracter personal \u0219i privind libera circula\u021bie a acestor date \u0219i de abrogare a Directivei 95\/46\/CE (Regulamentul general privind protec\u021bia datelor).<\/li>\n<\/ol>\n<h3>Cum se utilizeaz\u0103 instrumentul avertizorului de integritate<\/h3>\n<p>Avertizorul de integritate este persoana care sesizeaz\u0103 cu bun\u0103-credin\u021b\u0103 \u00eenc\u0103lc\u0103ri ale legii, ale deontologiei profesionale sau ale principiilor bunei administr\u0103ri, eficien\u021bei, eficacit\u0103\u021bii, economicit\u0103\u021bii \u0219i transparen\u021bei, \u0219i care este \u00eencadrat\u0103 \u00een autorit\u0103\u021bi publice, institu\u021bii publice, companii na\u021bionale, regii autonome de interes na\u021bional \u0219i local, ori \u00een societ\u0103\u021bile na\u021bionale cu capital de stat.<\/p>\n<h4><em><strong>Cine este avertizorul de integritate?<\/strong><\/em><\/h4>\n<p>Avertizorul de integritate este persoana care sesizeaz\u0103 cu bun\u0103-credin\u021b\u0103 \u00eenc\u0103lc\u0103ri ale legii, \u0219i care poate fi:<br \/>\n\u2013 func\u021bionar public \u2013 persoana \u00eenvestit\u0103, prin numire \u00eentr-o func\u021bie public\u0103 din structura unei autorit\u0103\u021bi sau institu\u021bii publice, cu prerogative \u00een realizarea competen\u021bei acestora, \u00een regim de putere public\u0103, av\u00e2nd ca scop realizarea unui interes public;<br \/>\n\u2013 personal contractual, conform Codului Muncii;<br \/>\n\u2013 personal care \u00ee\u0219i desf\u0103\u0219oar\u0103 activitatea \u00een baza unor statute speciale, medicii, profesorii, politistii, grefierii instan\u021belor, preo\u021bii etc.<\/p>\n<h4><em>Ce fapte sesizeaz\u0103 avertizorul de integritate?<\/em><\/h4>\n<p>Faptele care pot constitui subiectul unei avertiz\u0103ri de integritate sunt:<br \/>\n\u2013 infrac\u021biuni de corup\u021bie, infrac\u021biuni asimilate infrac\u021biunilor de corup\u021bie, infrac\u021biuni \u00een leg\u0103tur\u0103 direct\u0103 cu infrac\u021biunile de corup\u021bie, infrac\u021biunile de fals \u0219i infrac\u021biunile de serviciu sau \u00een leg\u0103tur\u0103 cu serviciul;<br \/>\n\u2013 infrac\u021biuni \u00eempotriva intereselor financiare ale Comunit\u0103\u021bilor Europene;<br \/>\n\u2013 practici sau tratamente preferen\u021biale ori discriminatorii \u00een exercitarea atribu\u021biilor autorit\u0103\u021bilor publice, institutiilor publice, companiilor na\u021bionale, regiilor autonome de interes na\u021bional \u0219i local, ori a societ\u0103\u021bilor na\u021bionale cu capital de stat;<br \/>\n\u2013 \u00eenc\u0103lcarea prevederilor privind incompatibilit\u0103\u021bile \u0219i conflictele de interese;<br \/>\n\u2013 folosirea abuziv\u0103 a resurselor materiale sau umane;<br \/>\n\u2013 partizanatul politic \u00een exercitarea prerogativelor postului, cu excep\u021bia persoanelor alese sau numite politic;<br \/>\n\u2013 \u00eenc\u0103lc\u0103ri ale legii \u00een privin\u021ba accesului la informa\u021bii \u0219i a transparen\u021bei decizionale;<br \/>\n\u2013 \u00eenc\u0103lcarea prevederilor legale privind achizi\u021biile publice \u0219i finan\u021b\u0103rile nerambursabile;<br \/>\n\u2013 incompeten\u021ba sau neglijen\u021ba \u00een serviciu;<br \/>\n\u2013 evalu\u0103ri neobiective ale personalului \u00een procesul de recrutare, selectare, promovare, retrogradare \u0219i eliberare din func\u021bie;<br \/>\n\u2013 \u00eenc\u0103lc\u0103ri ale procedurilor administrative sau stabilirea unor proceduri interne cu nerespectarea legii;<br \/>\n\u2013 emiterea de acte administrative sau de alt\u0103 natur\u0103, care servesc interese de grup sau clientelare;<br \/>\n\u2013 administrarea defectuoas\u0103 sau frauduloas\u0103 a patrimoniului public \u0219i privat al autorit\u0103\u021bilor publice, institu\u021biilor publice, companiilor nationale, regiilor autonome de interes national si local, ori a societatilor nationale cu capital de stat;<br \/>\n\u2013 \u00eenc\u0103lcarea altor dispozi\u021bii legale, care impun respectarea principiului bunei administr\u0103ri \u0219i cel al ocrotirii interesului public.<\/p>\n<h4><em>Cum sunt proteja\u021bi avertizorii de integritate?<\/em><\/h4>\n<p>Potrivit procedurii opera\u021bionale privind avertizorii de integritate, adoptate de Agen\u021bia Na\u021bional\u0103 de Integritate, persoanele care semnaleaz\u0103 faptele de corup\u021bie mai sus-men\u021bionate beneficiaz\u0103 de protec\u0163ie, dup\u0103 cum urmeaz\u0103:<br \/>\n\u2013 avertizorii \u00een interes public, care au f\u0103cut o sesizare convin\u0219i fiind de realitatea st\u0103rii de fapt sau c\u0103 fapta constituie o \u00eenc\u0103lcare a legii, beneficiaz\u0103 de prezum\u0163ia de bun\u0103-credin\u0163\u0103, p\u00e2n\u0103 la proba contrar\u0103;<br \/>\n\u2013 la cererea avertizorului cercetat disciplinar ca urmare a unui act de avertizare, comisiile de disciplin\u0103 sau alte organisme similare din cadrul autorit\u0103\u0163ilor publice, institu\u0163iilor publice, companiilor na\u021bionale, regiilor autonome de interes na\u021bional \u0219i local, ori a societ\u0103\u021bilor na\u021bionale cu capital de stat, au obliga\u0163ia de a invita presa \u015fi un reprezentant al sindicatului sau al asocia\u0163iei profesionale. Anun\u0163ul se face prin comunicat pe pagina de Internet a autorit\u0103\u0163ii publice, institu\u0163iei publice sau a unit\u0103\u0163ii bugetare, cu cel pu\u0163in 3 zile lucr\u0103toare \u00eenaintea \u015fedin\u0163ei, sub sanc\u0163iunea nulit\u0103\u0163ii raportului \u015fi a sanc\u0163iunii disciplinare aplicate;<br \/>\n\u2013 \u00een situa\u0163ia \u00een care cel reclamat prin avertizarea \u00een interes public este \u015fef ierarhic, direct sau indirect, ori are atribu\u0163ii de control, inspec\u0163ie \u015fi evaluare a avertizorului, comisia de disciplin\u0103 sau alt organism similar va asigura protec\u0163ia avertizorului, ascunz\u00e2ndu-i identitatea;<br \/>\n\u2013 \u00een cazul avertiz\u0103rilor \u00een interes public, prev\u0103zute la art. 5 lit. a) \u015fi b) din Legea nr.571\/2004 privind protec\u0163ia personalului din autorit\u0103\u0163ile publice, institu\u0163iile publice \u015fi din alte unit\u0103\u0163i care semnaleaz\u0103 \u00eenc\u0103lc\u0103ri ale legii, se vor aplica din oficiu prevederile art. 12 alin. (2) lit. a) din Legea nr. 682\/2002 privind protec\u0163ia martorilor.<\/p>\n<p>&nbsp;<\/p>\n<p>&nbsp;<\/p>\n<ul>\n<li style=\"text-align: justify;\"><\/li>\n<\/ul>\n","protected":false},"excerpt":{"rendered":"<p>\u00cen sensul\u00a0Legii nr. 361\/2022 privind protec\u0163ia avertizorilor \u00een interes public se intelege\u00a0 \u00a0persoana fizic\u0103, care efectueaz\u0103 o raportare sau divulg\u0103 public informa\u0163ii referitoare la \u00eenc\u0103lc\u0103ri ale legii, ob\u0163inute \u00een context profesional. Legisla\u021bia incident\u0103: Legea nr. 361\/2022 privind protec\u0163ia avertizorilor \u00een interes public, cu modific\u0103rile ulterioare; Legea nr. 78\/2000 pentru prevenirea, descoperirea \u015fi sanc\u0163ionarea faptelor de corup\u0163ie, cu modific\u0103rile \u015fi complet\u0103rile ulterioare; Legea nr. 161\/2003 privind unele m\u0103suri pentru asigurarea transparen\u0163ei \u00een exercitarea demnit\u0103\u0163ilor publice, a func\u0163iilor publice \u015fi \u00een mediul de afaceri \u015fi prevenirea corup\u0163iei, cu modific\u0103rile \u015fi complet\u0103rile ulterioare; Legea nr. 176\/2010 privind integritatea \u00een exercitarea func\u0163iilor \u015fi demnit\u0103\u0163ilor publice, pentru modificarea \u015fi completarea Legii nr. 144\/2007 privind \u00eenfiin\u0163area, organizarea \u015fi func\u0163ionarea Agen\u0163iei Na\u0163ionale de Integritate, precum \u015fi pentru modificarea \u015fi completarea altor acte normative, cu modific\u0103rile ulterioare; Legea nr. 251\/2004 privind unele m\u0103suri referitoare la bunurile primite cu titlu gratuit cu prilejul unor ac\u0163iuni de protocol \u00een exercitarea mandatului sau a func\u0163iei; Directiva (UE) 2019\/1937 a Parlamentului European \u0219i a Consiliului din 23 octombrie 2019 privind protec\u021bia persoanelor care raporteaz\u0103 \u00eenc\u0103lc\u0103ri ale dreptului Uniunii; Regulamentul (UE) 2016\/679 al Parlamentului European \u0219i al Consiliului din 27 aprilie 2016 privind protec\u021bia persoanelor fizice \u00een ceea ce prive\u0219te prelucrarea datelor cu caracter personal \u0219i privind libera circula\u021bie a acestor date \u0219i de abrogare a Directivei 95\/46\/CE (Regulamentul general privind protec\u021bia datelor). Cum se utilizeaz\u0103 instrumentul avertizorului de integritate Avertizorul de integritate este persoana care sesizeaz\u0103 cu bun\u0103-credin\u021b\u0103 \u00eenc\u0103lc\u0103ri ale legii, ale deontologiei profesionale sau ale principiilor bunei administr\u0103ri, eficien\u021bei, eficacit\u0103\u021bii, economicit\u0103\u021bii \u0219i transparen\u021bei, \u0219i care este \u00eencadrat\u0103 \u00een autorit\u0103\u021bi publice, institu\u021bii publice, companii na\u021bionale, regii autonome de interes na\u021bional \u0219i local, ori \u00een societ\u0103\u021bile na\u021bionale cu capital de stat. Cine este avertizorul de integritate? Avertizorul de integritate este persoana care sesizeaz\u0103 cu bun\u0103-credin\u021b\u0103 \u00eenc\u0103lc\u0103ri ale legii, \u0219i care poate fi: \u2013 func\u021bionar public \u2013 persoana \u00eenvestit\u0103, prin numire \u00eentr-o func\u021bie public\u0103 din structura unei autorit\u0103\u021bi sau institu\u021bii publice, cu prerogative \u00een realizarea competen\u021bei acestora, \u00een regim de putere public\u0103, av\u00e2nd ca scop realizarea unui interes public; \u2013 personal contractual, conform Codului Muncii; \u2013 personal care \u00ee\u0219i desf\u0103\u0219oar\u0103 activitatea \u00een baza unor statute speciale, medicii, profesorii, politistii, grefierii instan\u021belor, preo\u021bii etc. Ce fapte sesizeaz\u0103 avertizorul de integritate? Faptele care pot constitui subiectul unei avertiz\u0103ri de integritate sunt: \u2013 infrac\u021biuni de corup\u021bie, infrac\u021biuni asimilate infrac\u021biunilor de corup\u021bie, infrac\u021biuni \u00een leg\u0103tur\u0103 direct\u0103 cu infrac\u021biunile de corup\u021bie, infrac\u021biunile de fals \u0219i infrac\u021biunile de serviciu sau \u00een leg\u0103tur\u0103 cu serviciul; \u2013 infrac\u021biuni \u00eempotriva intereselor financiare ale Comunit\u0103\u021bilor Europene; \u2013 practici sau tratamente preferen\u021biale ori discriminatorii \u00een exercitarea atribu\u021biilor autorit\u0103\u021bilor publice, institutiilor publice, companiilor na\u021bionale, regiilor autonome de interes na\u021bional \u0219i local, ori a societ\u0103\u021bilor na\u021bionale cu capital de stat; \u2013 \u00eenc\u0103lcarea prevederilor privind incompatibilit\u0103\u021bile \u0219i conflictele de interese; \u2013 folosirea abuziv\u0103 a resurselor materiale sau umane; \u2013 partizanatul politic \u00een exercitarea prerogativelor postului, cu excep\u021bia persoanelor alese sau numite politic; \u2013 \u00eenc\u0103lc\u0103ri ale legii \u00een privin\u021ba accesului la informa\u021bii \u0219i a transparen\u021bei decizionale; \u2013 \u00eenc\u0103lcarea prevederilor legale privind achizi\u021biile publice \u0219i finan\u021b\u0103rile nerambursabile; \u2013 incompeten\u021ba sau neglijen\u021ba \u00een serviciu; \u2013 evalu\u0103ri neobiective ale personalului \u00een procesul de recrutare, selectare, promovare, retrogradare \u0219i eliberare din func\u021bie; \u2013 \u00eenc\u0103lc\u0103ri ale procedurilor administrative sau stabilirea unor proceduri interne cu nerespectarea legii; \u2013 emiterea de acte administrative sau de alt\u0103 natur\u0103, care servesc interese de grup sau clientelare; \u2013 administrarea defectuoas\u0103 sau frauduloas\u0103 a patrimoniului public \u0219i privat al autorit\u0103\u021bilor publice, institu\u021biilor publice, companiilor nationale, regiilor autonome de interes national si local, ori a societatilor nationale cu capital de stat; \u2013 \u00eenc\u0103lcarea altor dispozi\u021bii legale, care impun respectarea principiului bunei administr\u0103ri \u0219i cel al ocrotirii interesului public. Cum sunt proteja\u021bi avertizorii de integritate? Potrivit procedurii opera\u021bionale privind avertizorii de integritate, adoptate de Agen\u021bia Na\u021bional\u0103 de Integritate, persoanele care semnaleaz\u0103 faptele de corup\u021bie mai sus-men\u021bionate beneficiaz\u0103 de protec\u0163ie, dup\u0103 cum urmeaz\u0103: \u2013 avertizorii \u00een interes public, care au f\u0103cut o sesizare convin\u0219i fiind de realitatea st\u0103rii de fapt sau c\u0103 fapta constituie o \u00eenc\u0103lcare a legii, beneficiaz\u0103 de prezum\u0163ia de bun\u0103-credin\u0163\u0103, p\u00e2n\u0103 la proba contrar\u0103; \u2013 la cererea avertizorului cercetat disciplinar ca urmare a unui act de avertizare, comisiile de disciplin\u0103 sau alte organisme similare din cadrul autorit\u0103\u0163ilor publice, institu\u0163iilor publice, companiilor na\u021bionale, regiilor autonome de interes na\u021bional \u0219i local, ori a societ\u0103\u021bilor na\u021bionale cu capital de stat, au obliga\u0163ia de a invita presa \u015fi un reprezentant al sindicatului sau al asocia\u0163iei profesionale. Anun\u0163ul se face prin comunicat pe pagina de Internet a autorit\u0103\u0163ii publice, institu\u0163iei publice sau a unit\u0103\u0163ii bugetare, cu cel pu\u0163in 3 zile lucr\u0103toare \u00eenaintea \u015fedin\u0163ei, sub sanc\u0163iunea nulit\u0103\u0163ii raportului \u015fi a sanc\u0163iunii disciplinare aplicate; \u2013 \u00een situa\u0163ia \u00een care cel reclamat prin avertizarea \u00een interes public este \u015fef ierarhic, direct sau indirect, ori are atribu\u0163ii de control, inspec\u0163ie \u015fi evaluare a avertizorului, comisia de disciplin\u0103 sau alt organism similar va asigura protec\u0163ia avertizorului, ascunz\u00e2ndu-i identitatea; \u2013 \u00een cazul avertiz\u0103rilor \u00een interes public, prev\u0103zute la art. 5 lit. a) \u015fi b) din Legea nr.571\/2004 privind protec\u0163ia personalului din autorit\u0103\u0163ile publice, institu\u0163iile publice \u015fi din alte unit\u0103\u0163i care semnaleaz\u0103 \u00eenc\u0103lc\u0103ri ale legii, se vor aplica din oficiu prevederile art. 12 alin. (2) lit. a) din Legea nr. 682\/2002 privind protec\u0163ia martorilor. &nbsp; &nbsp;<\/p>\n","protected":false},"author":1,"featured_media":0,"parent":0,"menu_order":0,"comment_status":"closed","ping_status":"closed","template":"","meta":{"footnotes":""},"class_list":["post-4095","page","type-page","status-publish","hentry"],"aioseo_notices":[],"_links":{"self":[{"href":"http:\/\/asistentasocialaturda.ro\/index.php\/wp-json\/wp\/v2\/pages\/4095","targetHints":{"allow":["GET"]}}],"collection":[{"href":"http:\/\/asistentasocialaturda.ro\/index.php\/wp-json\/wp\/v2\/pages"}],"about":[{"href":"http:\/\/asistentasocialaturda.ro\/index.php\/wp-json\/wp\/v2\/types\/page"}],"author":[{"embeddable":true,"href":"http:\/\/asistentasocialaturda.ro\/index.php\/wp-json\/wp\/v2\/users\/1"}],"replies":[{"embeddable":true,"href":"http:\/\/asistentasocialaturda.ro\/index.php\/wp-json\/wp\/v2\/comments?post=4095"}],"version-history":[{"count":4,"href":"http:\/\/asistentasocialaturda.ro\/index.php\/wp-json\/wp\/v2\/pages\/4095\/revisions"}],"predecessor-version":[{"id":4245,"href":"http:\/\/asistentasocialaturda.ro\/index.php\/wp-json\/wp\/v2\/pages\/4095\/revisions\/4245"}],"wp:attachment":[{"href":"http:\/\/asistentasocialaturda.ro\/index.php\/wp-json\/wp\/v2\/media?parent=4095"}],"curies":[{"name":"wp","href":"https:\/\/api.w.org\/{rel}","templated":true}]}}