{"id":4075,"date":"2025-06-30T09:23:52","date_gmt":"2025-06-30T06:23:52","guid":{"rendered":"https:\/\/asistentasocialaturda.ro\/?page_id=4075"},"modified":"2025-06-30T09:23:52","modified_gmt":"2025-06-30T06:23:52","slug":"modalitate-de-contestare-a-deciziei-si-reclamatii-administrative","status":"publish","type":"page","link":"http:\/\/asistentasocialaturda.ro\/index.php\/modalitate-de-contestare-a-deciziei-si-reclamatii-administrative\/","title":{"rendered":"Modalitate de contestare a deciziei \u0219i reclama\u021bii administrative"},"content":{"rendered":"<p style=\"text-align: center;\"><strong>Modalit\u0103\u021bile de contestare a deciziei autorit\u0103\u0163ii sau a institu\u0163iei publice \u00een situa\u0163ia \u00een care persoana se consider\u0103 v\u0103t\u0103mat\u0103 \u00een privin\u0163a dreptului de acces la informa\u0163iile de interes public solicitate.<\/strong><\/p>\n<p style=\"text-align: justify;\">\u00cempotriva refuzului explicit sau tacit al angajatului desemnat al unei autorit\u0103\u0163i ori institu\u0163ii publice pentru aplicarea prevederilor Legii nr. 544 din 12 octombrie 2001 privind liberul acces la informa\u0163iile de interes public se poate depune reclama\u0163ie la conduc\u0103torul autorit\u0103\u0163ii sau al institu\u0163iei publice respective \u00een termen de 30 de zile de la luarea la cuno\u015ftin\u0163\u0103 de c\u0103tre persoana lezat\u0103.<\/p>\n<p style=\"text-align: justify;\">Pentru analiza reclamatiilor administrative ale persoanelor, viz\u00e2nd nerespectarea prevederilor Legii nr. 544\/2001 si ale normelor metodologice de aplicare ale Legii nr. 544\/2001, la nivelul fiecarei autoritati sau institutii publice se constituie o comisie de analiza privind \u00eencalcarea dreptului de acces la informatiile de interes public.<\/p>\n<p style=\"text-align: justify;\">Comisia de analiza privind \u00eencalcarea dreptului de acces la informatiile de interes public va avea urmatoarele responsabilitati:<\/p>\n<p style=\"text-align: justify;\">a) primeste si analizeaza reclamatiile persoanelor;<\/p>\n<p style=\"text-align: justify;\">b) efectueaza cercetarea administrativa;<\/p>\n<p style=\"text-align: justify;\">c) stabileste daca reclamatia persoanei privind \u00eencalcarea dreptului de acces la informatiile de interes public este \u00eentemeiata sau nu;<\/p>\n<p style=\"text-align: justify;\">d) \u00een cazul \u00een care reclamatia este \u00eentemeiata, propune aplicarea unei sanctiuni disciplinare pentru personalul responsabil si comunicarea informatiilor de interes public solicitate. \u00cen cazul functionarilor publici culpabili comisia de analiza va informa despre rezultatul cercetarii administrative comisia de disciplina a autoritatii sau institutiei publice, care va propune aplicarea unei sanctiuni corespunzatoare, potrivit legii;<\/p>\n<p style=\"text-align: justify;\">e) redacteaza si trimite raspunsul solicitantului.<\/p>\n<p style=\"text-align: justify;\">Dac\u0103 dup\u0103 cercetarea administrativ\u0103 reclama\u0163ia se dovede\u015fte \u00eentemeiat\u0103, r\u0103spunsul se transmite persoanei lezate \u00een termen de 15 zile de la depunerea reclama\u0163iei \u015fi va con\u0163ine at\u00e2t informa\u0163iile de interes public solicitate ini\u0163ial, c\u00e2t \u015fi men\u0163ionarea sanc\u0163iunilor disciplinare luate \u00eempotriva celui vinovat.<\/p>\n<p style=\"text-align: justify;\">\u00cen cazul \u00een care o persoan\u0103 se consider\u0103 v\u0103t\u0103mat\u0103 \u00een drepturile sale, prev\u0103zute \u00een prezenta lege, aceasta poate face pl\u00e2ngere la sec\u0163ia de contencios administrativ a tribunalului \u00een a c\u0103rei raz\u0103 teritorial\u0103 domiciliaz\u0103 sau \u00een a c\u0103rei raz\u0103 teritorial\u0103 se afl\u0103 sediul autorit\u0103\u0163ii ori al institu\u0163iei publice. Pl\u00e2ngerea se face \u00een termen de 30 de zile de la data expir\u0103rii termenului prev\u0103zut la art. 7 din lege.<\/p>\n<p style=\"text-align: justify;\">Instan\u0163a poate obliga autoritatea sau institu\u0163ia public\u0103 s\u0103 furnizeze informa\u0163iile de interes public solicitate \u015fi s\u0103 pl\u0103teasc\u0103 daune morale \u015fi\/sau patrimoniale.<\/p>\n<p style=\"text-align: justify;\">Hot\u0103r\u00e2rea tribunalului este supus\u0103 recursului.<\/p>\n<p style=\"text-align: justify;\">Decizia Cur\u0163ii de Apel este definitiv\u0103 \u015fi irevocabil\u0103.<\/p>\n<p style=\"text-align: justify;\">At\u00e2t pl\u00e2ngerea, c\u00e2t \u015fi recursul se judec\u0103 \u00een instan\u0163\u0103 \u00een procedur\u0103 de urgen\u0163\u0103 \u015fi sunt scutite de tax\u0103 de timbru.<\/p>\n","protected":false},"excerpt":{"rendered":"<p>Modalit\u0103\u021bile de contestare a deciziei autorit\u0103\u0163ii sau a institu\u0163iei publice \u00een situa\u0163ia \u00een care persoana se consider\u0103 v\u0103t\u0103mat\u0103 \u00een privin\u0163a dreptului de acces la informa\u0163iile de interes public solicitate. \u00cempotriva refuzului explicit sau tacit al angajatului desemnat al unei autorit\u0103\u0163i ori institu\u0163ii publice pentru aplicarea prevederilor Legii nr. 544 din 12 octombrie 2001 privind liberul acces la informa\u0163iile de interes public se poate depune reclama\u0163ie la conduc\u0103torul autorit\u0103\u0163ii sau al institu\u0163iei publice respective \u00een termen de 30 de zile de la luarea la cuno\u015ftin\u0163\u0103 de c\u0103tre persoana lezat\u0103. Pentru analiza reclamatiilor administrative ale persoanelor, viz\u00e2nd nerespectarea prevederilor Legii nr. 544\/2001 si ale normelor metodologice de aplicare ale Legii nr. 544\/2001, la nivelul fiecarei autoritati sau institutii publice se constituie o comisie de analiza privind \u00eencalcarea dreptului de acces la informatiile de interes public. Comisia de analiza privind \u00eencalcarea dreptului de acces la informatiile de interes public va avea urmatoarele responsabilitati: a) primeste si analizeaza reclamatiile persoanelor; b) efectueaza cercetarea administrativa; c) stabileste daca reclamatia persoanei privind \u00eencalcarea dreptului de acces la informatiile de interes public este \u00eentemeiata sau nu; d) \u00een cazul \u00een care reclamatia este \u00eentemeiata, propune aplicarea unei sanctiuni disciplinare pentru personalul responsabil si comunicarea informatiilor de interes public solicitate. \u00cen cazul functionarilor publici culpabili comisia de analiza va informa despre rezultatul cercetarii administrative comisia de disciplina a autoritatii sau institutiei publice, care va propune aplicarea unei sanctiuni corespunzatoare, potrivit legii; e) redacteaza si trimite raspunsul solicitantului. Dac\u0103 dup\u0103 cercetarea administrativ\u0103 reclama\u0163ia se dovede\u015fte \u00eentemeiat\u0103, r\u0103spunsul se transmite persoanei lezate \u00een termen de 15 zile de la depunerea reclama\u0163iei \u015fi va con\u0163ine at\u00e2t informa\u0163iile de interes public solicitate ini\u0163ial, c\u00e2t \u015fi men\u0163ionarea sanc\u0163iunilor disciplinare luate \u00eempotriva celui vinovat. \u00cen cazul \u00een care o persoan\u0103 se consider\u0103 v\u0103t\u0103mat\u0103 \u00een drepturile sale, prev\u0103zute \u00een prezenta lege, aceasta poate face pl\u00e2ngere la sec\u0163ia de contencios administrativ a tribunalului \u00een a c\u0103rei raz\u0103 teritorial\u0103 domiciliaz\u0103 sau \u00een a c\u0103rei raz\u0103 teritorial\u0103 se afl\u0103 sediul autorit\u0103\u0163ii ori al institu\u0163iei publice. Pl\u00e2ngerea se face \u00een termen de 30 de zile de la data expir\u0103rii termenului prev\u0103zut la art. 7 din lege. Instan\u0163a poate obliga autoritatea sau institu\u0163ia public\u0103 s\u0103 furnizeze informa\u0163iile de interes public solicitate \u015fi s\u0103 pl\u0103teasc\u0103 daune morale \u015fi\/sau patrimoniale. Hot\u0103r\u00e2rea tribunalului este supus\u0103 recursului. Decizia Cur\u0163ii de Apel este definitiv\u0103 \u015fi irevocabil\u0103. At\u00e2t pl\u00e2ngerea, c\u00e2t \u015fi recursul se judec\u0103 \u00een instan\u0163\u0103 \u00een procedur\u0103 de urgen\u0163\u0103 \u015fi sunt scutite de tax\u0103 de timbru.<\/p>\n","protected":false},"author":1,"featured_media":0,"parent":0,"menu_order":0,"comment_status":"closed","ping_status":"closed","template":"","meta":{"footnotes":""},"class_list":["post-4075","page","type-page","status-publish","hentry"],"aioseo_notices":[],"_links":{"self":[{"href":"http:\/\/asistentasocialaturda.ro\/index.php\/wp-json\/wp\/v2\/pages\/4075","targetHints":{"allow":["GET"]}}],"collection":[{"href":"http:\/\/asistentasocialaturda.ro\/index.php\/wp-json\/wp\/v2\/pages"}],"about":[{"href":"http:\/\/asistentasocialaturda.ro\/index.php\/wp-json\/wp\/v2\/types\/page"}],"author":[{"embeddable":true,"href":"http:\/\/asistentasocialaturda.ro\/index.php\/wp-json\/wp\/v2\/users\/1"}],"replies":[{"embeddable":true,"href":"http:\/\/asistentasocialaturda.ro\/index.php\/wp-json\/wp\/v2\/comments?post=4075"}],"version-history":[{"count":1,"href":"http:\/\/asistentasocialaturda.ro\/index.php\/wp-json\/wp\/v2\/pages\/4075\/revisions"}],"predecessor-version":[{"id":4076,"href":"http:\/\/asistentasocialaturda.ro\/index.php\/wp-json\/wp\/v2\/pages\/4075\/revisions\/4076"}],"wp:attachment":[{"href":"http:\/\/asistentasocialaturda.ro\/index.php\/wp-json\/wp\/v2\/media?parent=4075"}],"curies":[{"name":"wp","href":"https:\/\/api.w.org\/{rel}","templated":true}]}}