{"id":4070,"date":"2025-06-30T09:19:27","date_gmt":"2025-06-30T06:19:27","guid":{"rendered":"https:\/\/asistentasocialaturda.ro\/?page_id=4070"},"modified":"2025-06-30T09:19:27","modified_gmt":"2025-06-30T06:19:27","slug":"lista-documentelor-de-interes-public-si-a-documentelor-produse-gestionate-de-das-conform-l544-2001","status":"publish","type":"page","link":"http:\/\/asistentasocialaturda.ro\/index.php\/lista-documentelor-de-interes-public-si-a-documentelor-produse-gestionate-de-das-conform-l544-2001\/","title":{"rendered":"Lista documentelor de interes public \u0219i a documentelor produse gestionate de DAS conform L544\/2001"},"content":{"rendered":"<p style=\"text-align: center;\"><strong>Lista informa\u0163iilor de interes public comunicate din oficiu,\u00a0 lista cu documente produse\/gestionate de institu\u021bie conform Art. 5 al Legii Nr. 544\/2001 privind liberul acces la informa\u0163iile de interes public \u0219i cele exceptate conform art. 12 al Legii 544\/2001<\/strong><\/p>\n<ul>\n<li style=\"text-align: justify;\">Coordonatele de contact ale institu\u021biei publice, respectiv: denumirea, adresa, nr. de telefon, nr. de fax, adresa de e-mail, adresa paginii de internet;<\/li>\n<li style=\"text-align: justify;\">Numele \u0219i prenumele persoanelor din conducerea DAS Turda, precum si programul de audiente al acestora.<\/li>\n<li style=\"text-align: justify;\">Acte normative ce reglementeaz\u0103 organizarea si func\u021bionarea institu\u021biei;<\/li>\n<li style=\"text-align: justify;\">Actul normativ de \u00eenfiin\u0163are<\/li>\n<li style=\"text-align: justify;\">Formulare-tip<\/li>\n<li style=\"text-align: justify;\">Proiecte ale actelor normative ( Hot\u0103r\u00e2ri ale Consiliului Local);<\/li>\n<li style=\"text-align: justify;\">Hot\u0103r\u00e2rile cu caracter normativ ale Consiliului Local al municipiului Turda;<\/li>\n<li style=\"text-align: justify;\">Rapoarte anuale de activitate<\/li>\n<li style=\"text-align: justify;\">Actele normative care reglementeaz\u0103 amortizarea capitalului imobilizat in active corporale si necorporale;<\/li>\n<li style=\"text-align: justify;\">Organigrama \u0219i stat de func\u021bii;<\/li>\n<li style=\"text-align: justify;\">Regulamentul de organizare si func\u021bionare al DAS Turda<\/li>\n<li style=\"text-align: justify;\">Programul de func\u021bionare;<\/li>\n<li style=\"text-align: justify;\">Anun\u021buri privind organizarea concursurilor pentru ocuparea posturilor vacante con\u021bin\u00e2nd datele si documentele necesare desf\u0103\u0219ur\u0103rii concursurilor;<\/li>\n<li style=\"text-align: justify;\">Planul anual de ac\u021biune privind serviciile sociale<\/li>\n<li style=\"text-align: justify;\">Actele normative care reglementeaz\u0103 controlul financiar preventiv;<\/li>\n<li style=\"text-align: justify;\">Actele necesare \u00een vederea asistarii persoanei v\u00e2rstnice la \u00eencheierea unui act juridic de \u00eenstr\u0103inare \u00een scopul \u00eentre\u021binerii \u0219i \u00eengrijirii sale;<\/li>\n<li style=\"text-align: justify;\">Structura organizatoric\u0103 a institu\u021biei \u0219i a serviciilor subordonate, atribu\u021biile birourilor, serviciilor, compartimentelor, programul de func\u021bionare , programul de audien\u021be;<\/li>\n<li style=\"text-align: justify;\">Strategia de dezvoltare a serviciilor sociale 2025-2035<\/li>\n<li style=\"text-align: justify;\">Materiale de promovarea DAS Turda \u0219i a serviciilor subordonate;<\/li>\n<li style=\"text-align: justify;\">Materiale informative pentru cet\u0103\u021beni;<\/li>\n<li style=\"text-align: justify;\">Raportul anual privind accesul la informa\u021biile de interes public, conform Legii nr. 544 \/2001;<\/li>\n<li style=\"text-align: justify;\">Modalit\u0103\u021bi de contestare, \u00een situa\u021bia \u00een care o persoan\u0103 se consider\u0103 v\u0103t\u0103mat\u0103 \u00een privin\u021ba dreptului de acces la informa\u021biile de interes public solicitate;<\/li>\n<li style=\"text-align: justify;\">Programul anual al achizi\u021biilor publice;<\/li>\n<li style=\"text-align: justify;\">Deciziile CNSC sau a instan\u021belor judec\u0103tore\u0219ti cu privire la solu\u021bionarea contesta\u021biilor;<\/li>\n<li style=\"text-align: justify;\">Contesta\u021biile depuse de c\u0103tre operatorii economici in cadrul procedurilor;<\/li>\n<li style=\"text-align: justify;\">Sursele financiare: &#8211;Bugetul Local si venituri extrabugetare (donatii, sponsorizari, fonduri nerambursabile externe)<\/li>\n<li style=\"text-align: justify;\">Buletinul informativ<\/li>\n<\/ul>\n<p style=\"text-align: justify;\"><strong>Lista informa\u021biilor exceptate de la comunicare, pentru respectarea principiului confiden\u021bialit\u0103\u021bii\u00a0\u00a0\u00a0<\/strong><\/p>\n<p style=\"text-align: justify;\">1.Coresponden\u021ba cu alte institu\u021biile publice<\/p>\n<p style=\"text-align: justify;\">2.Notele de serviciu cu caracter intern<\/p>\n<p style=\"text-align: justify;\">3.Sesiz\u0103rile \u0219i documentele privind cercetarea disciplinar\u0103<\/p>\n<p style=\"text-align: justify;\">4.Numerele de telefon ale angaja\u021bilor din cadrul autorit\u0103\u021bii, precum \u0219i informa\u021biile privind activit\u0103\u021bile extraprofesionale ale acestora<\/p>\n<p style=\"text-align: justify;\">5.Sesiz\u0103rile, cererile \u0219i pl\u00e2ngerile persoanelor vizate, precum \u0219i ale altor persoane interesate<\/p>\n<p style=\"text-align: justify;\">6.Registrul general de intrare-ie\u0219ire a coresponden\u021bei<\/p>\n<p style=\"text-align: justify;\">7.Registrul pentru \u00eenregistrarea cererilor \u0219i r\u0103spunsurilor privind accesul la informa\u021biile de interes public<\/p>\n<p style=\"text-align: justify;\">8.Statele de salarii<\/p>\n<p style=\"text-align: justify;\">9.Registrul de dosare (cereri, pl\u00e2ngeri sau sesiz\u0103ri)<\/p>\n<p style=\"text-align: justify;\">10.Registrul de eviden\u021b\u0103 a deciziilor, avizelor \u0219i recomand\u0103rilor emise de conduc\u0103torul institu\u021biei<\/p>\n<p style=\"text-align: justify;\">11.Registrul de inventariere a bunurilor<\/p>\n<p style=\"text-align: justify;\">12.Registrul special de coresponden\u021b\u0103 secret\u0103 \u0219i confiden\u021bial\u0103<\/p>\n<p style=\"text-align: justify;\">13.Registrul de arhiv\u0103.<\/p>\n<p style=\"text-align: justify;\">Modalit\u0103\u021bi de contestare a deciziei autorit\u0103\u021bii sau a institu\u021biei publice, \u00een situa\u021bia \u00een care persoana se consider\u0103 v\u0103t\u0103mat\u0103 \u00een privin\u021ba dreptului de acces la informa\u021biile de interes public solicitate<\/p>\n<ul style=\"text-align: justify;\">\n<li>Dac\u0103 nu a\u021bi primit r\u0103spuns la solicitare \u00een maximum 30 de zile de la data \u00eenregistr\u0103rii cererii, pute\u021bi adresa institu\u021biei o reclama\u021bie administrativ\u0103. Reclama\u021bie administrativ\u0103 este prevazuta \u00een Anexa nr. 2b din Normele metodologice de aplicare a Legii 544\/2001 privind liberul acces la informa\u021biile de interes public)<\/li>\n<\/ul>\n<p style=\"text-align: justify;\">Impotriva r\u0103spunsului sau refuzului explicit\/tacit al salariatului desemnat pentru difuzarea informa\u0163iilor publice se poate depune reclama\u0163ie la conduc\u0103torul institu\u0163iei \u00een termen de 30 de zile de la luarea la cuno\u015ftin\u0163\u0103 de c\u0103tre persoana lezat\u0103. \u00cen cazul \u00een care o persoan\u0103 se consider\u0103 v\u0103t\u0103mat\u0103 \u00een drepturile sale prev\u0103zute de Legea nr. 544\/2001, cu modific\u0103rile \u015fi complet\u0103rile ulterioare, aceasta poate formula pl\u00e2ngere la sec\u021bia de contencios administrativ a tribunalului \u00een a c\u0103rui raz\u0103 teritorial\u0103 domiciliaz\u0103 sau \u00een a c\u0103rui raz\u0103 teritorial\u0103 se afl\u0103 sediul institu\u021biei. Pl\u00e2ngerea se face \u00een termen de 30 de zile de la data expir\u0103rii termenului prev\u0103zut la art. 7 din actul normativ sus-men\u021bionat.<\/p>\n","protected":false},"excerpt":{"rendered":"<p>Lista informa\u0163iilor de interes public comunicate din oficiu,\u00a0 lista cu documente produse\/gestionate de institu\u021bie conform Art. 5 al Legii Nr. 544\/2001 privind liberul acces la informa\u0163iile de interes public \u0219i cele exceptate conform art. 12 al Legii 544\/2001 Coordonatele de contact ale institu\u021biei publice, respectiv: denumirea, adresa, nr. de telefon, nr. de fax, adresa de e-mail, adresa paginii de internet; Numele \u0219i prenumele persoanelor din conducerea DAS Turda, precum si programul de audiente al acestora. Acte normative ce reglementeaz\u0103 organizarea si func\u021bionarea institu\u021biei; Actul normativ de \u00eenfiin\u0163are Formulare-tip Proiecte ale actelor normative ( Hot\u0103r\u00e2ri ale Consiliului Local); Hot\u0103r\u00e2rile cu caracter normativ ale Consiliului Local al municipiului Turda; Rapoarte anuale de activitate Actele normative care reglementeaz\u0103 amortizarea capitalului imobilizat in active corporale si necorporale; Organigrama \u0219i stat de func\u021bii; Regulamentul de organizare si func\u021bionare al DAS Turda Programul de func\u021bionare; Anun\u021buri privind organizarea concursurilor pentru ocuparea posturilor vacante con\u021bin\u00e2nd datele si documentele necesare desf\u0103\u0219ur\u0103rii concursurilor; Planul anual de ac\u021biune privind serviciile sociale Actele normative care reglementeaz\u0103 controlul financiar preventiv; Actele necesare \u00een vederea asistarii persoanei v\u00e2rstnice la \u00eencheierea unui act juridic de \u00eenstr\u0103inare \u00een scopul \u00eentre\u021binerii \u0219i \u00eengrijirii sale; Structura organizatoric\u0103 a institu\u021biei \u0219i a serviciilor subordonate, atribu\u021biile birourilor, serviciilor, compartimentelor, programul de func\u021bionare , programul de audien\u021be; Strategia de dezvoltare a serviciilor sociale 2025-2035 Materiale de promovarea DAS Turda \u0219i a serviciilor subordonate; Materiale informative pentru cet\u0103\u021beni; Raportul anual privind accesul la informa\u021biile de interes public, conform Legii nr. 544 \/2001; Modalit\u0103\u021bi de contestare, \u00een situa\u021bia \u00een care o persoan\u0103 se consider\u0103 v\u0103t\u0103mat\u0103 \u00een privin\u021ba dreptului de acces la informa\u021biile de interes public solicitate; Programul anual al achizi\u021biilor publice; Deciziile CNSC sau a instan\u021belor judec\u0103tore\u0219ti cu privire la solu\u021bionarea contesta\u021biilor; Contesta\u021biile depuse de c\u0103tre operatorii economici in cadrul procedurilor; Sursele financiare: &#8211;Bugetul Local si venituri extrabugetare (donatii, sponsorizari, fonduri nerambursabile externe) Buletinul informativ Lista informa\u021biilor exceptate de la comunicare, pentru respectarea principiului confiden\u021bialit\u0103\u021bii\u00a0\u00a0\u00a0 1.Coresponden\u021ba cu alte institu\u021biile publice 2.Notele de serviciu cu caracter intern 3.Sesiz\u0103rile \u0219i documentele privind cercetarea disciplinar\u0103 4.Numerele de telefon ale angaja\u021bilor din cadrul autorit\u0103\u021bii, precum \u0219i informa\u021biile privind activit\u0103\u021bile extraprofesionale ale acestora 5.Sesiz\u0103rile, cererile \u0219i pl\u00e2ngerile persoanelor vizate, precum \u0219i ale altor persoane interesate 6.Registrul general de intrare-ie\u0219ire a coresponden\u021bei 7.Registrul pentru \u00eenregistrarea cererilor \u0219i r\u0103spunsurilor privind accesul la informa\u021biile de interes public 8.Statele de salarii 9.Registrul de dosare (cereri, pl\u00e2ngeri sau sesiz\u0103ri) 10.Registrul de eviden\u021b\u0103 a deciziilor, avizelor \u0219i recomand\u0103rilor emise de conduc\u0103torul institu\u021biei 11.Registrul de inventariere a bunurilor 12.Registrul special de coresponden\u021b\u0103 secret\u0103 \u0219i confiden\u021bial\u0103 13.Registrul de arhiv\u0103. Modalit\u0103\u021bi de contestare a deciziei autorit\u0103\u021bii sau a institu\u021biei publice, \u00een situa\u021bia \u00een care persoana se consider\u0103 v\u0103t\u0103mat\u0103 \u00een privin\u021ba dreptului de acces la informa\u021biile de interes public solicitate Dac\u0103 nu a\u021bi primit r\u0103spuns la solicitare \u00een maximum 30 de zile de la data \u00eenregistr\u0103rii cererii, pute\u021bi adresa institu\u021biei o reclama\u021bie administrativ\u0103. Reclama\u021bie administrativ\u0103 este prevazuta \u00een Anexa nr. 2b din Normele metodologice de aplicare a Legii 544\/2001 privind liberul acces la informa\u021biile de interes public) Impotriva r\u0103spunsului sau refuzului explicit\/tacit al salariatului desemnat pentru difuzarea informa\u0163iilor publice se poate depune reclama\u0163ie la conduc\u0103torul institu\u0163iei \u00een termen de 30 de zile de la luarea la cuno\u015ftin\u0163\u0103 de c\u0103tre persoana lezat\u0103. \u00cen cazul \u00een care o persoan\u0103 se consider\u0103 v\u0103t\u0103mat\u0103 \u00een drepturile sale prev\u0103zute de Legea nr. 544\/2001, cu modific\u0103rile \u015fi complet\u0103rile ulterioare, aceasta poate formula pl\u00e2ngere la sec\u021bia de contencios administrativ a tribunalului \u00een a c\u0103rui raz\u0103 teritorial\u0103 domiciliaz\u0103 sau \u00een a c\u0103rui raz\u0103 teritorial\u0103 se afl\u0103 sediul institu\u021biei. Pl\u00e2ngerea se face \u00een termen de 30 de zile de la data expir\u0103rii termenului prev\u0103zut la art. 7 din actul normativ sus-men\u021bionat.<\/p>\n","protected":false},"author":1,"featured_media":0,"parent":0,"menu_order":0,"comment_status":"closed","ping_status":"closed","template":"","meta":{"footnotes":""},"class_list":["post-4070","page","type-page","status-publish","hentry"],"aioseo_notices":[],"_links":{"self":[{"href":"http:\/\/asistentasocialaturda.ro\/index.php\/wp-json\/wp\/v2\/pages\/4070","targetHints":{"allow":["GET"]}}],"collection":[{"href":"http:\/\/asistentasocialaturda.ro\/index.php\/wp-json\/wp\/v2\/pages"}],"about":[{"href":"http:\/\/asistentasocialaturda.ro\/index.php\/wp-json\/wp\/v2\/types\/page"}],"author":[{"embeddable":true,"href":"http:\/\/asistentasocialaturda.ro\/index.php\/wp-json\/wp\/v2\/users\/1"}],"replies":[{"embeddable":true,"href":"http:\/\/asistentasocialaturda.ro\/index.php\/wp-json\/wp\/v2\/comments?post=4070"}],"version-history":[{"count":1,"href":"http:\/\/asistentasocialaturda.ro\/index.php\/wp-json\/wp\/v2\/pages\/4070\/revisions"}],"predecessor-version":[{"id":4071,"href":"http:\/\/asistentasocialaturda.ro\/index.php\/wp-json\/wp\/v2\/pages\/4070\/revisions\/4071"}],"wp:attachment":[{"href":"http:\/\/asistentasocialaturda.ro\/index.php\/wp-json\/wp\/v2\/media?parent=4070"}],"curies":[{"name":"wp","href":"https:\/\/api.w.org\/{rel}","templated":true}]}}