{"id":40,"date":"2016-11-17T11:39:29","date_gmt":"2016-11-17T09:39:29","guid":{"rendered":"http:\/\/spasturda.ro\/wordpress\/?page_id=40"},"modified":"2025-09-24T16:13:55","modified_gmt":"2025-09-24T13:13:55","slug":"spas-turda","status":"publish","type":"page","link":"http:\/\/asistentasocialaturda.ro\/","title":{"rendered":"Despre noi"},"content":{"rendered":"<p><strong>Direc\u021bia de Asisten\u021b\u0103 Social\u0103 Turda <\/strong>este<strong>\u00a0 <\/strong>structura specializat\u0103 \u00een administrarea \u0219i acordarea beneficiilor de asisten\u021b\u0103 social\u0103 \u0219i a serviciilor sociale, cu personalitate juridic\u0103, \u00eenfiin\u021bat\u0103 \u00een subordinea Consiliului local al municipiului Turda, cu scopul de a asigura aplicarea politicilor sociale \u00een domeniul protec\u021biei copilului, familiei, persoanelor v\u00e2rstnice, persoanelor cu dizabilit\u0103\u021bi, precum \u0219i altor persoane, grupuri sau comunit\u0103\u021bi aflate \u00een nevoie social\u0103.<\/p>\n<p>Direc\u021bia de Asisten\u021b\u0103 Social\u0103 Turda elaboreaz\u0103 politici \u0219i strategii, programe de dezvoltare, deruleaz\u0103 proiecte de dezvoltare comunitar\u0103 \u0219i de dezvoltare regional\u0103 \u00een vederea prevenirii situa\u021biilor de risc la care sunt expuse grupuri sau persoane din comunitate.<\/p>\n<p>Sediul administrativ al Direc\u021biei de Asisten\u021b\u0103 Social\u0103 Turda este \u00een municipiul Turda, str. Avram Iancu\u00a0 nr. 12. Direc\u021bia dispune de cod fiscal, conturi proprii, \u0219i \u0219tampil\u0103. Durata serviciului este nelimitat\u0103.<\/p>\n<p><strong>Conducerea Direc\u021biei se asigur\u0103 de c\u0103tre\u00a0 <\/strong>Directorul general si directorul general adjunct.<\/p>\n<p><strong>Cadrul legal de \u00eenfiin\u021bare, organizare \u0219i func\u021bionare<\/strong>:<\/p>\n<p>Serviciul public de asistenta sociala Turda a fost \u00eenfiin\u021bat \u00een baza H.C.L 39\/2005 a Consiliului Local Turda . Reorganizarea \u0219i func\u021bionarea acestuia ca \u00a0Direc\u021bie se face \u00een baza \u00a0HCL 247\/2018.<\/p>\n<p><strong>Obiectul de activitate<\/strong> <strong>al Direc\u021biei de Asisten\u021b\u0103 Social\u0103 Turda<\/strong> \u00eel constituie realizarea ansamblului de m\u0103suri, ac\u021biuni, activit\u0103\u021bi profesionale, servicii specializate, pentru a r\u0103spunde nevoilor sociale individuale, familiale sau de grup, \u00een vederea prevenirii \u0219i dep\u0103\u0219irii unor situa\u021bii de dificultate, vulnerabilitate sau dependen\u021b\u0103, pentru prevenirea marginaliz\u0103rii \u0219i excluziunii sociale \u0219i cre\u0219terii calit\u0103\u021bii vie\u021bii.<\/p>\n<p style=\"text-align: justify;\"><strong>SCOP\/MISIUNE<\/strong><\/p>\n<ul>\n<li style=\"text-align: justify;\">Direc\u021bia de Asisten\u021b\u0103 Social\u0103 Turda are rolul de aplicare a politicilor \u0219i strategiilor de asisten\u021b\u0103 social\u0103 \u00een domeniul protec\u021biei familiei, a persoanelor singure, a persoanelor v\u00e2rstnice, persoanelor cu handicap, precum \u0219i a oric\u0103ror persoane aflate \u00een nevoie.<\/li>\n<li style=\"text-align: justify;\">Prin Direc\u021bia de Asisten\u021b\u0103 Social\u0103 se vor asigura presta\u021biile sociale prev\u0103zute \u00een legisla\u021bie \u00een limitele legale \u0219i a bugetului repartizat anual at\u00e2t pentru ajutoare sociale, aloca\u021bii familiale c\u00e2t \u0219i persoanelor cu deficien\u021be fizice, senzoriale, psihice \u0219i persoanelor v\u00e2rstnice.<\/li>\n<li style=\"text-align: justify;\">Asisten\u021ba social\u0103, prin m\u0103surile \u0219i ac\u021biunile specifice, are drept scop dezvoltarea capacit\u0103\u021bilor individuale, de grup sau colective pentru asigurarea nevoilor sociale, cre\u0219terea calit\u0103\u021bii vie\u021bii \u0219i promovarea principiilor de coeziune \u0219i incluziune social\u0103 pentru locuitorii municipiului Turda.<\/li>\n<\/ul>\n<p><b><i>GRUP \u021aINT\u0102:<\/i><\/b><\/p>\n<ul>\n<li>Persoanele marginalizate;<\/li>\n<li>Persoanele f\u0103r\u0103 venituri;<\/li>\n<li>Persoanele f\u0103r\u0103 ad\u0103post;<\/li>\n<li>Persoanele supuse violen\u021bei domestice;<\/li>\n<li>Persoanele cu dizabilit\u0103\u021bi fizice \u0219i psihice;<\/li>\n<li>Copiii afla\u021bi \u00een situa\u021bii vulnerabile;<\/li>\n<li>Persoanele v\u00e2rstnice;<\/li>\n<\/ul>\n<p><b>SERVICII\/COMPARTIMENTE:<\/b><\/p>\n<ol>\n<li>Compartiment resurse umane;<\/li>\n<li>Compartiment Autoritate tutelar\u0103;<\/li>\n<li>Compartiment juridic, proiecte, achizi\u021bii publice;<\/li>\n<li>Centrul de zi \u0219i centrul de \u00eengrijiri la domiciliu;<\/li>\n<li>Cantina de ajutor social;<\/li>\n<li>Centrul social de urgen\u021b\u0103 pentru persoane f\u0103r\u0103 ad\u0103post;<\/li>\n<li>Centrul de consiliere pentru femei \u0219i copii victime ale violentei domestice;<\/li>\n<li>Centrul comunitar de igiena \u0219i s\u0103n\u0103tate (Poiana);<\/li>\n<li>Locuin\u021ba maxim protejata pentru adul\u021bi cu u\u0219oare probleme de s\u0103n\u0103tate mintal\u0103 6 locuri;<\/li>\n<li>Locuin\u021ba maxim protejata pentru adul\u021bi cu probleme de s\u0103n\u0103tate mintal\u0103 10 locuri;<\/li>\n<li>Centrul comunitar de igiena \u0219i s\u0103n\u0103tate (22 Decembrie);<\/li>\n<li>Centrul social pentru copii afla\u021bi \u00een situa\u021bie de risc social;<\/li>\n<li>Serviciul de asisten\u021b\u0103 medical\u0103;<\/li>\n<li>Asisten\u021bi personali;<\/li>\n<li>Serviciul economico-financiar \u0219i administrativ;<\/li>\n<li>Serviciul eviden\u021b\u0103 \u0219i plat\u0103 beneficii de asisten\u021b\u0103 social\u0103 -&gt; Compartiment prevenire situa\u021bii de urgen\u021b\u0103 \u0219i marginalizare social\u0103.<\/li>\n<\/ol>\n","protected":false},"excerpt":{"rendered":"<p>Direc\u021bia de Asisten\u021b\u0103 Social\u0103 Turda este\u00a0 structura specializat\u0103 \u00een administrarea \u0219i acordarea beneficiilor de asisten\u021b\u0103 social\u0103 \u0219i a serviciilor sociale, cu personalitate juridic\u0103, \u00eenfiin\u021bat\u0103 \u00een subordinea Consiliului local al municipiului Turda, cu scopul de a asigura aplicarea politicilor sociale \u00een domeniul protec\u021biei copilului, familiei, persoanelor v\u00e2rstnice, persoanelor cu dizabilit\u0103\u021bi, precum \u0219i altor persoane, grupuri sau comunit\u0103\u021bi aflate \u00een nevoie social\u0103. Direc\u021bia de Asisten\u021b\u0103 Social\u0103 Turda elaboreaz\u0103 politici \u0219i strategii, programe de dezvoltare, deruleaz\u0103 proiecte de dezvoltare comunitar\u0103 \u0219i de dezvoltare regional\u0103 \u00een vederea prevenirii situa\u021biilor de risc la care sunt expuse grupuri sau persoane din comunitate. Sediul administrativ al Direc\u021biei de Asisten\u021b\u0103 Social\u0103 Turda este \u00een municipiul Turda, str. Avram Iancu\u00a0 nr. 12. Direc\u021bia dispune de cod fiscal, conturi proprii, \u0219i \u0219tampil\u0103. Durata serviciului este nelimitat\u0103. Conducerea Direc\u021biei se asigur\u0103 de c\u0103tre\u00a0 Directorul general si directorul general adjunct. Cadrul legal de \u00eenfiin\u021bare, organizare \u0219i func\u021bionare: Serviciul public de asistenta sociala Turda a fost \u00eenfiin\u021bat \u00een baza H.C.L 39\/2005 a Consiliului Local Turda . Reorganizarea \u0219i func\u021bionarea acestuia ca \u00a0Direc\u021bie se face \u00een baza \u00a0HCL 247\/2018. Obiectul de activitate al Direc\u021biei de Asisten\u021b\u0103 Social\u0103 Turda \u00eel constituie realizarea ansamblului de m\u0103suri, ac\u021biuni, activit\u0103\u021bi profesionale, servicii specializate, pentru a r\u0103spunde nevoilor sociale individuale, familiale sau de grup, \u00een vederea prevenirii \u0219i dep\u0103\u0219irii unor situa\u021bii de dificultate, vulnerabilitate sau dependen\u021b\u0103, pentru prevenirea marginaliz\u0103rii \u0219i excluziunii sociale \u0219i cre\u0219terii calit\u0103\u021bii vie\u021bii. SCOP\/MISIUNE Direc\u021bia de Asisten\u021b\u0103 Social\u0103 Turda are rolul de aplicare a politicilor \u0219i strategiilor de asisten\u021b\u0103 social\u0103 \u00een domeniul protec\u021biei familiei, a persoanelor singure, a persoanelor v\u00e2rstnice, persoanelor cu handicap, precum \u0219i a oric\u0103ror persoane aflate \u00een nevoie. Prin Direc\u021bia de Asisten\u021b\u0103 Social\u0103 se vor asigura presta\u021biile sociale prev\u0103zute \u00een legisla\u021bie \u00een limitele legale \u0219i a bugetului repartizat anual at\u00e2t pentru ajutoare sociale, aloca\u021bii familiale c\u00e2t \u0219i persoanelor cu deficien\u021be fizice, senzoriale, psihice \u0219i persoanelor v\u00e2rstnice. Asisten\u021ba social\u0103, prin m\u0103surile \u0219i ac\u021biunile specifice, are drept scop dezvoltarea capacit\u0103\u021bilor individuale, de grup sau colective pentru asigurarea nevoilor sociale, cre\u0219terea calit\u0103\u021bii vie\u021bii \u0219i promovarea principiilor de coeziune \u0219i incluziune social\u0103 pentru locuitorii municipiului Turda. GRUP \u021aINT\u0102: Persoanele marginalizate; Persoanele f\u0103r\u0103 venituri; Persoanele f\u0103r\u0103 ad\u0103post; Persoanele supuse violen\u021bei domestice; Persoanele cu dizabilit\u0103\u021bi fizice \u0219i psihice; Copiii afla\u021bi \u00een situa\u021bii vulnerabile; Persoanele v\u00e2rstnice; SERVICII\/COMPARTIMENTE: Compartiment resurse umane; Compartiment Autoritate tutelar\u0103; Compartiment juridic, proiecte, achizi\u021bii publice; Centrul de zi \u0219i centrul de \u00eengrijiri la domiciliu; Cantina de ajutor social; Centrul social de urgen\u021b\u0103 pentru persoane f\u0103r\u0103 ad\u0103post; Centrul de consiliere pentru femei \u0219i copii victime ale violentei domestice; Centrul comunitar de igiena \u0219i s\u0103n\u0103tate (Poiana); Locuin\u021ba maxim protejata pentru adul\u021bi cu u\u0219oare probleme de s\u0103n\u0103tate mintal\u0103 6 locuri; Locuin\u021ba maxim protejata pentru adul\u021bi cu probleme de s\u0103n\u0103tate mintal\u0103 10 locuri; Centrul comunitar de igiena \u0219i s\u0103n\u0103tate (22 Decembrie); Centrul social pentru copii afla\u021bi \u00een situa\u021bie de risc social; Serviciul de asisten\u021b\u0103 medical\u0103; Asisten\u021bi personali; Serviciul economico-financiar \u0219i administrativ; Serviciul eviden\u021b\u0103 \u0219i plat\u0103 beneficii de asisten\u021b\u0103 social\u0103 -&gt; Compartiment prevenire situa\u021bii de urgen\u021b\u0103 \u0219i marginalizare social\u0103.<\/p>\n","protected":false},"author":1,"featured_media":0,"parent":0,"menu_order":1,"comment_status":"closed","ping_status":"closed","template":"","meta":{"footnotes":""},"class_list":["post-40","page","type-page","status-publish","hentry"],"aioseo_notices":[],"_links":{"self":[{"href":"http:\/\/asistentasocialaturda.ro\/index.php\/wp-json\/wp\/v2\/pages\/40","targetHints":{"allow":["GET"]}}],"collection":[{"href":"http:\/\/asistentasocialaturda.ro\/index.php\/wp-json\/wp\/v2\/pages"}],"about":[{"href":"http:\/\/asistentasocialaturda.ro\/index.php\/wp-json\/wp\/v2\/types\/page"}],"author":[{"embeddable":true,"href":"http:\/\/asistentasocialaturda.ro\/index.php\/wp-json\/wp\/v2\/users\/1"}],"replies":[{"embeddable":true,"href":"http:\/\/asistentasocialaturda.ro\/index.php\/wp-json\/wp\/v2\/comments?post=40"}],"version-history":[{"count":20,"href":"http:\/\/asistentasocialaturda.ro\/index.php\/wp-json\/wp\/v2\/pages\/40\/revisions"}],"predecessor-version":[{"id":4554,"href":"http:\/\/asistentasocialaturda.ro\/index.php\/wp-json\/wp\/v2\/pages\/40\/revisions\/4554"}],"wp:attachment":[{"href":"http:\/\/asistentasocialaturda.ro\/index.php\/wp-json\/wp\/v2\/media?parent=40"}],"curies":[{"name":"wp","href":"https:\/\/api.w.org\/{rel}","templated":true}]}}