{"id":325,"date":"2016-11-24T09:05:27","date_gmt":"2016-11-24T07:05:27","guid":{"rendered":"http:\/\/spasturda.ro\/?page_id=325"},"modified":"2025-07-01T10:05:55","modified_gmt":"2025-07-01T07:05:55","slug":"legislatie","status":"publish","type":"page","link":"http:\/\/asistentasocialaturda.ro\/index.php\/legislatie\/","title":{"rendered":"Legisla\u021bie DAS Turda"},"content":{"rendered":"<ul style=\"list-style-type: disc;\">\n<li style=\"text-align: justify;\">\n<p style=\"text-align: justify;\"><span style=\"font-family: 'times new roman', times, serif;\">Constitutia Romaniei, republicata, cu modificarile si completarile ulterioare (Legea de revizuire a Constitutiei Romaniei nr. 429\/2003);<\/span><\/p>\n<\/li>\n<li style=\"text-align: justify;\"><span style=\"font-family: 'times new roman', times, serif;\">Ordonanta de Urgenta a Guvernului nr. 57 din 3 iulie 2019 privind Codul administrativ, cu modificarile si completarile ulterioare;<\/span><\/li>\n<li><span style=\"font-family: 'times new roman', times, serif;\">OUG 121\/2023 pentru modificarea si completarea Ordonantei de urgenta a Guvernului nr. 57\/2019 privind Codul administrativ, precum si pentru modificarea art. III din Ordonanta de urgenta a Guvernului nr. 191\/2022 pentru modificarea si completarea Ordonantei de urgenta a Guvernului nr. 57\/2019 privind Codul administrativ;<\/span><\/li>\n<li style=\"text-align: justify;\"><span style=\"font-family: 'times new roman', times, serif;\">Codul Penal, capitolul VI &#8211; Infractiuni contra libertatii persoanei, articolul 208 \u2013 Hartuirea \u2013 specifica sanctiunile care se aplica in cazuri de hartuire;<\/span><\/li>\n<li><span style=\"font-family: 'times new roman', times, serif;\">Codul Civil al Romaniei\u00a0 si de procedura civila;<\/span><\/li>\n<li><span style=\"font-family: 'times new roman', times, serif;\">Hotararea Guvernului 1154\/2022 privind aprobarea Normelor metodologice de aplicarea a Legii 196\/2016 privind venitul minim de incluziune;<\/span><\/li>\n<li style=\"text-align: justify;\"><span style=\"font-family: 'times new roman', times, serif;\">Hotararea 797\/2017 pentru aprobarearea regulamentelor de organizare si functionare ale serviciilor\u00a0 publice de asistenta sociala\u00a0 si a structurii orientative de personal cu modificarile si completarile ulterioare;<\/span><\/li>\n<li><span style=\"font-family: 'times new roman', times, serif;\">HG 867\/2015 privind aprobarea Nomenclatorului serviciilor sociale cu complet\u0103rile \u0219i modific\u0103rile ulterioare, precum \u0219i a regulamentelor-cadru de organizare \u0219i func\u021bionare a serviciilor sociale;<\/span><\/li>\n<li><span style=\"font-family: 'times new roman', times, serif;\">Hotararea\u00a0 Nr. 426\/2020 din 27 mai 2020 privind aprobarea standardelor de cost pentru\u00a0\u00a0\u00a0 serviciile sociale;<\/span><\/li>\n<li style=\"text-align: justify;\"><span style=\"font-family: 'times new roman', times, serif;\">Hotarare\u00a0 Nr. 302\/2022 din 2 martie 2022 pentru aprobarea normelor privind modul de constituire, organizare si functionare a comisiilor paritare, componenta, atributiile si procedura de lucru ale acestora, precum si a normelor privind incheierea si monitorizarea aplicarii acordurilor colective;<\/span><\/li>\n<li style=\"text-align: justify;\"><span style=\"font-family: 'times new roman', times, serif;\">Hotarare\u00a0 nr. 1336\/2022 din 28 octombrie 2022 pentru aprobarea regulamentului-cadru privind organizarea si dezvoltarea carierei personalului contractual din sectorul bugetar platit din fonduri publice;<\/span><\/li>\n<li style=\"text-align: justify;\"><span style=\"font-family: 'times new roman', times, serif;\">Hotararea nr. 970 din 12 octombrie 2023 Metodologie privind prevenirea si combaterea hartuirii pe criteriul de sex, precum si a hartuirii morale la locul de munca;<\/span><\/li>\n<li style=\"text-align: justify;\"><span style=\"font-family: 'times new roman', times, serif;\">Hotararea Guvernului nr. 1344\/2007 privind normele de organizare si functionare a comisiilor de disciplina, actualizata, cu completarile si modificarile ulterioare;<\/span><\/li>\n<li><span style=\"font-family: 'times new roman', times, serif;\">Hotararea 295\/2025\u00a0 privind registrul general de evidenta a salariatilor REGES Online<\/span><\/li>\n<li><span style=\"font-family: 'times new roman', times, serif;\">Hotararea Guvernului nr. 1425\/2006 pentru aprobarea Normelor metodologice de aplicare a prevederilor Legii nr. 319\/14.07.2006 a securitatii si sanatatii in munca, actualizata, cu completarile si modificarile ulterioare;<\/span><\/li>\n<li><span style=\"font-family: 'times new roman', times, serif;\">Hotararea Guvernului ni. 250\/1992 privind concediul de odihna si alte concedii ale salariatilor din administratia publica, din regiile autonome cu specific deosebit si din unitatile bugetare, republicata, actualizata;<\/span><\/li>\n<li><span style=\"font-family: 'times new roman', times, serif;\">Legea 226\/2021 privind stabilirea masurilor de protectie sociala pentru consumatorul vulnerabil de energie ;<\/span><\/li>\n<li><span style=\"font-family: 'times new roman', times, serif;\">Legea Nr. 82\/1991 din 24 decembrie 1991 *** Republicat\u0103, Legea contabilit\u0103\u0163ii;<\/span><\/li>\n<li><span style=\"font-family: 'times new roman', times, serif;\">Legea nr. 487\/2002 legea s\u0103n\u0103t\u0103\u021bii mintale \u0219i a protec\u021biei persoanelor cu tulbur\u0103ri psihice republicat\u0103;<\/span><\/li>\n<li><span style=\"font-family: 'times new roman', times, serif;\">Legea 16\/1996 Legea Arhivelor Na\u021bionale;<\/span><\/li>\n<li><span style=\"font-family: 'times new roman', times, serif;\">Legea Nr. 52\/2003 din 21 ianuarie 2003 *** Republicata privind transparenta decizionala in administratia publica;<\/span><\/li>\n<li><span style=\"font-family: 'times new roman', times, serif;\">Legea nr.116\/2002 privind prevenirea \u0219i combaterea marginaliz\u0103rii sociale cu complet\u0103rile \u0219i modific\u0103rile ulterioare; a H.G. 1149\/2002 pentru aprobarea normelor metodologice de aplicare a Legii nr.116\/2002 cu complet\u0103rile \u0219i modific\u0103rile ulterioare;<\/span><\/li>\n<li><span style=\"font-family: 'times new roman', times, serif;\">Legea nr. 208\/1997 privind cantinele de ajutor social<\/span>;<\/li>\n<li><span style=\"font-family: 'times new roman', times, serif;\">Legea Nr. 76\/2002 din 16 ianuarie 2002 privind sistemul asigur\u0103rilor pentru \u015fomaj \u015fi stimularea ocup\u0103rii for\u0163ei de munc\u0103;<\/span><\/li>\n<li><span style=\"font-family: 'times new roman', times, serif;\">Legea nr. 17\/2000 privind asistenta sociala a persoanelor v\u00e2rstnice republicat\u0103;<\/span><\/li>\n<li><span style=\"font-family: 'times new roman', times, serif;\">Legea nr. 367\/2022 din 19 decembrie 2022 privind dialogul social;<\/span><\/li>\n<li><span style=\"font-family: 'times new roman', times, serif;\">Legea nr.\u00a0 554\/2004 Legea contenciosului administrativ cu complet\u0103rile \u0219i modific\u0103rile ulterioare;\u00a0<\/span><\/li>\n<li><span style=\"font-family: 'times new roman', times, serif;\">Legii 217\/2003 pentru prevenirea \u0219i combaterea violen\u021bei \u00een familie republicat\u0103 cu complet\u0103rile \u0219i modific\u0103rile ulterioare<\/span><\/li>\n<li><span style=\"font-family: 'times new roman', times, serif;\">Legea nr. 202\/2002 privind egalitatea de sanse intre femei si barbati, republicata, cu completarile si modificarile ulterioare;<\/span><\/li>\n<li><span style=\"font-family: 'times new roman', times, serif;\">Legea-cadru nr. 153\/2017 privind salarizarea personalului platit din fonduri publice, actualizata, cu completarile si modificarile ulterioare;<\/span><\/li>\n<li><span style=\"font-family: 'times new roman', times, serif;\">Legea 292\/2011 a Asistentei sociale, cu modificarile si completarile ulterioare;<\/span><\/li>\n<li><span style=\"font-family: 'times new roman', times, serif;\">Legea 272\/2004\u00a0 privind protectia si\u00a0 promovarea\u00a0 drepturilor copiilor;<\/span><\/li>\n<li><span style=\"font-family: 'times new roman', times, serif;\">Legea 196\/2016 privind venitul minim de incluziune;<\/span><\/li>\n<li><span style=\"font-family: 'times new roman', times, serif;\">Legea 61\/1993\u00a0 R, privind alocatia de stat pentru copii;<\/span><\/li>\n<li><span style=\"font-family: 'times new roman', times, serif;\">Lege\u00a0 Nr. 361\/2022 din 16 decembrie 2022 privind protectia avertizorilor in interes public;<\/span><\/li>\n<li><span style=\"font-family: 'times new roman', times, serif;\">Legea 448\/2006\u00a0 privind protectia si promovarea drepturilor persoanelor cu handicap, republicata, cu modificarile si completarile ulterioare;<\/span><\/li>\n<li><span style=\"font-family: 'times new roman', times, serif;\">Legea nr. 210\/1999, privind concediul paternal;<\/span><\/li>\n<li><span style=\"font-family: 'times new roman', times, serif;\">Legea nr. 319\/14.07.2006 a securitatii si sanatatii in munca, actualizata, cu completarile si modificarile ulterioare;<\/span><\/li>\n<li><span style=\"font-family: 'times new roman', times, serif;\">Legea \u00a0\u00a0Nr. 346\/2002 din\u00a0 5 iunie 2002\u00a0\u00a0\u00a0 *** Republicata, privind asigurarea pentru accidente de munca si boli profesionale;<\/span><\/li>\n<li><span style=\"font-family: 'times new roman', times, serif;\">Legea nr. 544\/12.10.2001 privind liberul acces la informatiile de interes public, actualizata, cu completarile si modificarile ulterioare;<\/span><\/li>\n<li><span style=\"font-family: 'times new roman', times, serif;\">Legea 226\/2021 privind stabilirea masurilor de protectie sociala pentru consumatorul vulnerabil de energie ;<\/span><\/li>\n<li><span style=\"font-family: 'times new roman', times, serif;\">Legea Nr. 52\/2003 din 21 ianuarie 2003 *** Republicata privind transparenta decizionala in administratia publica;<\/span><\/li>\n<li><span style=\"font-family: 'times new roman', times, serif;\">Legea nr. 101\/2016 privind remediile \u0219i c\u0103ile de atac \u00een materie de atribuire a contractelor de achizi\u021bie public\u0103, a contractelor sectoriale \u0219i a contractelor de concesiune de lucr\u0103ri \u0219i concesiune de servicii, precum \u0219i pentru organizarea \u0219i func\u021bionarea Consiliului Na\u021bional de Solu\u021bionare a Contesta\u021biilor;<\/span><\/li>\n<li><span style=\"font-family: 'times new roman', times, serif;\">Legea nr. 248 din 2015 privind stimularea particip\u0103rii \u00een \u00eenv\u0103\u021b\u0103m\u00e2ntul pre\u0219colar a copiilor provenind din familii defavorizate;<\/span><\/li>\n<li><span style=\"font-family: 'times new roman', times, serif;\">Legea\u00a0 nr. 98\/2016 privind achizitiile publice;<\/span><\/li>\n<li><span style=\"font-family: 'times new roman', times, serif;\">Legea Nr. 190\/2018 din 18 iulie 2018 privind m\u0103suri de punere \u00een aplicare a Regulamentului (UE) 2016\/679 al Parlamentului European \u015fi al Consiliului din 27 aprilie 2016 privind protec\u0163ia persoanelor fizice \u00een ceea ce prive\u015fte prelucrarea datelor cu caracter personal \u015fi privind libera circula\u0163ie a acestor date \u015fi de abrogare a Directivei 95\/46\/CE (Regulamentul general privind protec\u0163ia datelor);<\/span><\/li>\n<li><span style=\"font-family: 'times new roman', times, serif;\">Ordinul nr. 600\/20.04.2018, pentru aprobarea Codului controlului intern managerial al entitatilor publice, actualizat cu modificarile si completarile ulterioare, emis de Secretariatul General al Guvernului;<\/span><\/li>\n<li><span style=\"font-family: 'times new roman', times, serif;\">Ordinul nr. 29\/2019 din 3 ianuarie 2019 pentru aprobarea standardelor minime de calitate pentru acreditarea serviciilor sociale destinate persoanelor v\u00e2rstnice, persoanelor f\u0103r\u0103 ad\u0103post, tinerilor care au p\u0103r\u0103sit sistemul de protec\u0163ie a copilului \u015fi altor categorii de persoane adulte aflate \u00een dificultate, precum \u015fi a serviciilor acordate \u00een comunitate, serviciilor acordate \u00een sistem integrat \u015fi cantinele sociale;<\/span><\/li>\n<li><span style=\"font-family: 'times new roman', times, serif;\">Ordinul\u00a0 nr. 82\/2019 din 16 ianuarie 2019 privind aprobarea standardelor specifice minime de calitate obligatorii pentru serviciile sociale destinate persoanelor adulte cu dizabilit\u0103\u0163i;<\/span><\/li>\n<li style=\"text-align: justify;\"><span style=\"font-family: 'times new roman', times, serif;\">Ordonanta de Urgenta a Guvernului nr. 96\/2003 privind protectia maternitatii la locurile de munca, actualizata, cu completarile si modificarile ulterioare;<\/span><\/li>\n<li><span style=\"font-family: 'times new roman', times, serif;\">Ordonanta de Urgenta a Guvernului nr. 111\/2010 privind concediul si indemnizatia lunara pentru cresterea copiilor;<\/span><\/li>\n<li style=\"text-align: justify;\"><span style=\"font-family: 'times new roman', times, serif;\">Ordonanta de Urgenta a Guvernului nr. 148 din 3 noiembrie 2005 privind sustinerea familiei in vederea cresterii copilului, cu modificarile si completarile ulterioare;<\/span><\/li>\n<li style=\"text-align: justify;\"><span style=\"font-family: 'times new roman', times, serif;\">Ordonanta de Urgenta a Guvernului nr. 158 din 17 noiembrie 2005 privind concediile si indemnizatiile de asigurari sociale de sanatate, cu modificarile si completarile ulterioare;<\/span><\/li>\n<li style=\"text-align: justify;\"><span style=\"font-family: 'times new roman', times, serif;\">Ordonanta Guvernului nr. 137\/2000 R privind prevenirea si sanctionarea tuturor formelor de discriminare, cu completarile si modificarile ulterioare;<\/span><\/li>\n<li style=\"text-align: justify;\"><span style=\"font-family: 'times new roman', times, serif;\">Ordonanta \u00a0\u00a0nr. 137\/2000 din 31 august 2000\u00a0\u00a0\u00a0 *** republicata , privind prevenirea si sanctionarea tuturor formelor de discriminare**;cu modificarile si completarile ulterioare;<\/span><\/li>\n<li style=\"text-align: justify;\"><span style=\"font-family: 'times new roman', times, serif;\">Regulamentul general privind protectia datelor nr. 679 din 27 aprilie 2016 privind protectia persoanelor fizice in ceea ce priveste prelucrarea datelor cu caracter personal si privind libera circulatie a acestor date si de abrogare a Directivei 95\/46\/CE;<\/span><\/li>\n<li style=\"text-align: justify;\"><span style=\"font-family: 'times new roman', times, serif;\">Conventia privind eliminarea tuturor formelor de discriminare impotriva femeilor (CEDAW), 1979, adoptata in Romania in 1980 si ratificata in 1982;<\/span><\/li>\n<li style=\"text-align: justify;\"><span style=\"font-family: 'times new roman', times, serif;\">Codul de conduita al salariatilor DAS Turda<\/span><\/li>\n<li style=\"text-align: justify;\"><span style=\"font-family: 'times new roman', times, serif;\">HCL 39\/2005 privind infiintarea Serviciului Public de Asistenta Sociala, ca institutie publica cu personalitate juridica\u00a0<\/span><\/li>\n<li style=\"text-align: justify;\"><span style=\"font-family: 'times new roman', times, serif;\"> HCL 247\/2018 privind schimbarea denumirii din SPAS Turda in Directia de Asistenta Sociala Turda;<\/span><\/li>\n<li style=\"text-align: justify;\"><span style=\"font-family: 'times new roman', times, serif;\">Conventia Consiliului Europei privind prevenirea si combaterea violentei impotriva femeilor si a violentei domestice (Conventia de la Istanbul), in 2016;<\/span><\/li>\n<li><span style=\"font-family: 'times new roman', times, serif;\"><a href=\"http:\/\/primariaturda.ro\/portal\/cluj\/turda\/portal.nsf\/AllByUNID\/0000622A?OpenDocument\">Hot\u0103r\u00e2ri ale Consiliului Local Turda;<\/a><\/span><\/li>\n<\/ul>\n<p style=\"padding-left: 40px;\"><span style=\"font-family: 'times new roman', times, serif;\">Actele normative emise de c\u0103tre Guvernul Rom\u00e2niei\u00a0 pot fi consultate pe portalul <a href=\"http:\/\/legislatie.just.ro\">http:\/\/legislatie.just.ro<\/a><\/span><\/p>\n","protected":false},"excerpt":{"rendered":"<p>Constitutia Romaniei, republicata, cu modificarile si completarile ulterioare (Legea de revizuire a Constitutiei Romaniei nr. 429\/2003); Ordonanta de Urgenta a Guvernului nr. 57 din 3 iulie 2019 privind Codul administrativ, cu modificarile si completarile ulterioare; OUG 121\/2023 pentru modificarea si completarea Ordonantei de urgenta a Guvernului nr. 57\/2019 privind Codul administrativ, precum si pentru modificarea art. III din Ordonanta de urgenta a Guvernului nr. 191\/2022 pentru modificarea si completarea Ordonantei de urgenta a Guvernului nr. 57\/2019 privind Codul administrativ; Codul Penal, capitolul VI &#8211; Infractiuni contra libertatii persoanei, articolul 208 \u2013 Hartuirea \u2013 specifica sanctiunile care se aplica in cazuri de hartuire; Codul Civil al Romaniei\u00a0 si de procedura civila; Hotararea Guvernului 1154\/2022 privind aprobarea Normelor metodologice de aplicarea a Legii 196\/2016 privind venitul minim de incluziune; Hotararea 797\/2017 pentru aprobarearea regulamentelor de organizare si functionare ale serviciilor\u00a0 publice de asistenta sociala\u00a0 si a structurii orientative de personal cu modificarile si completarile ulterioare; HG 867\/2015 privind aprobarea Nomenclatorului serviciilor sociale cu complet\u0103rile \u0219i modific\u0103rile ulterioare, precum \u0219i a regulamentelor-cadru de organizare \u0219i func\u021bionare a serviciilor sociale; Hotararea\u00a0 Nr. 426\/2020 din 27 mai 2020 privind aprobarea standardelor de cost pentru\u00a0\u00a0\u00a0 serviciile sociale; Hotarare\u00a0 Nr. 302\/2022 din 2 martie 2022 pentru aprobarea normelor privind modul de constituire, organizare si functionare a comisiilor paritare, componenta, atributiile si procedura de lucru ale acestora, precum si a normelor privind incheierea si monitorizarea aplicarii acordurilor colective; Hotarare\u00a0 nr. 1336\/2022 din 28 octombrie 2022 pentru aprobarea regulamentului-cadru privind organizarea si dezvoltarea carierei personalului contractual din sectorul bugetar platit din fonduri publice; Hotararea nr. 970 din 12 octombrie 2023 Metodologie privind prevenirea si combaterea hartuirii pe criteriul de sex, precum si a hartuirii morale la locul de munca; Hotararea Guvernului nr. 1344\/2007 privind normele de organizare si functionare a comisiilor de disciplina, actualizata, cu completarile si modificarile ulterioare; Hotararea 295\/2025\u00a0 privind registrul general de evidenta a salariatilor REGES Online Hotararea Guvernului nr. 1425\/2006 pentru aprobarea Normelor metodologice de aplicare a prevederilor Legii nr. 319\/14.07.2006 a securitatii si sanatatii in munca, actualizata, cu completarile si modificarile ulterioare; Hotararea Guvernului ni. 250\/1992 privind concediul de odihna si alte concedii ale salariatilor din administratia publica, din regiile autonome cu specific deosebit si din unitatile bugetare, republicata, actualizata; Legea 226\/2021 privind stabilirea masurilor de protectie sociala pentru consumatorul vulnerabil de energie ; Legea Nr. 82\/1991 din 24 decembrie 1991 *** Republicat\u0103, Legea contabilit\u0103\u0163ii; Legea nr. 487\/2002 legea s\u0103n\u0103t\u0103\u021bii mintale \u0219i a protec\u021biei persoanelor cu tulbur\u0103ri psihice republicat\u0103; Legea 16\/1996 Legea Arhivelor Na\u021bionale; Legea Nr. 52\/2003 din 21 ianuarie 2003 *** Republicata privind transparenta decizionala in administratia publica; Legea nr.116\/2002 privind prevenirea \u0219i combaterea marginaliz\u0103rii sociale cu complet\u0103rile \u0219i modific\u0103rile ulterioare; a H.G. 1149\/2002 pentru aprobarea normelor metodologice de aplicare a Legii nr.116\/2002 cu complet\u0103rile \u0219i modific\u0103rile ulterioare; Legea nr. 208\/1997 privind cantinele de ajutor social; Legea Nr. 76\/2002 din 16 ianuarie 2002 privind sistemul asigur\u0103rilor pentru \u015fomaj \u015fi stimularea ocup\u0103rii for\u0163ei de munc\u0103; Legea nr. 17\/2000 privind asistenta sociala a persoanelor v\u00e2rstnice republicat\u0103; Legea nr. 367\/2022 din 19 decembrie 2022 privind dialogul social; Legea nr.\u00a0 554\/2004 Legea contenciosului administrativ cu complet\u0103rile \u0219i modific\u0103rile ulterioare;\u00a0 Legii 217\/2003 pentru prevenirea \u0219i combaterea violen\u021bei \u00een familie republicat\u0103 cu complet\u0103rile \u0219i modific\u0103rile ulterioare Legea nr. 202\/2002 privind egalitatea de sanse intre femei si barbati, republicata, cu completarile si modificarile ulterioare; Legea-cadru nr. 153\/2017 privind salarizarea personalului platit din fonduri publice, actualizata, cu completarile si modificarile ulterioare; Legea 292\/2011 a Asistentei sociale, cu modificarile si completarile ulterioare; Legea 272\/2004\u00a0 privind protectia si\u00a0 promovarea\u00a0 drepturilor copiilor; Legea 196\/2016 privind venitul minim de incluziune; Legea 61\/1993\u00a0 R, privind alocatia de stat pentru copii; Lege\u00a0 Nr. 361\/2022 din 16 decembrie 2022 privind protectia avertizorilor in interes public; Legea 448\/2006\u00a0 privind protectia si promovarea drepturilor persoanelor cu handicap, republicata, cu modificarile si completarile ulterioare; Legea nr. 210\/1999, privind concediul paternal; Legea nr. 319\/14.07.2006 a securitatii si sanatatii in munca, actualizata, cu completarile si modificarile ulterioare; Legea \u00a0\u00a0Nr. 346\/2002 din\u00a0 5 iunie 2002\u00a0\u00a0\u00a0 *** Republicata, privind asigurarea pentru accidente de munca si boli profesionale; Legea nr. 544\/12.10.2001 privind liberul acces la informatiile de interes public, actualizata, cu completarile si modificarile ulterioare; Legea 226\/2021 privind stabilirea masurilor de protectie sociala pentru consumatorul vulnerabil de energie ; Legea Nr. 52\/2003 din 21 ianuarie 2003 *** Republicata privind transparenta decizionala in administratia publica; Legea nr. 101\/2016 privind remediile \u0219i c\u0103ile de atac \u00een materie de atribuire a contractelor de achizi\u021bie public\u0103, a contractelor sectoriale \u0219i a contractelor de concesiune de lucr\u0103ri \u0219i concesiune de servicii, precum \u0219i pentru organizarea \u0219i func\u021bionarea Consiliului Na\u021bional de Solu\u021bionare a Contesta\u021biilor; Legea nr. 248 din 2015 privind stimularea particip\u0103rii \u00een \u00eenv\u0103\u021b\u0103m\u00e2ntul pre\u0219colar a copiilor provenind din familii defavorizate; Legea\u00a0 nr. 98\/2016 privind achizitiile publice; Legea Nr. 190\/2018 din 18 iulie 2018 privind m\u0103suri de punere \u00een aplicare a Regulamentului (UE) 2016\/679 al Parlamentului European \u015fi al Consiliului din 27 aprilie 2016 privind protec\u0163ia persoanelor fizice \u00een ceea ce prive\u015fte prelucrarea datelor cu caracter personal \u015fi privind libera circula\u0163ie a acestor date \u015fi de abrogare a Directivei 95\/46\/CE (Regulamentul general privind protec\u0163ia datelor); Ordinul nr. 600\/20.04.2018, pentru aprobarea Codului controlului intern managerial al entitatilor publice, actualizat cu modificarile si completarile ulterioare, emis de Secretariatul General al Guvernului; Ordinul nr. 29\/2019 din 3 ianuarie 2019 pentru aprobarea standardelor minime de calitate pentru acreditarea serviciilor sociale destinate persoanelor v\u00e2rstnice, persoanelor f\u0103r\u0103 ad\u0103post, tinerilor care au p\u0103r\u0103sit sistemul de protec\u0163ie a copilului \u015fi altor categorii de persoane adulte aflate \u00een dificultate, precum \u015fi a serviciilor acordate \u00een comunitate, serviciilor acordate \u00een sistem integrat \u015fi cantinele sociale; Ordinul\u00a0 nr. 82\/2019 din 16 ianuarie 2019 privind aprobarea standardelor specifice minime de calitate obligatorii pentru serviciile sociale destinate persoanelor adulte cu dizabilit\u0103\u0163i; Ordonanta de Urgenta a Guvernului nr. 96\/2003 privind protectia maternitatii la locurile de munca, actualizata, cu completarile si modificarile ulterioare; Ordonanta de Urgenta a Guvernului nr. 111\/2010 privind concediul si indemnizatia lunara pentru cresterea copiilor; Ordonanta de Urgenta a Guvernului nr. 148 din 3 noiembrie 2005 privind sustinerea familiei in vederea cresterii copilului, cu modificarile si completarile ulterioare; Ordonanta de Urgenta a Guvernului nr. 158 din 17 noiembrie 2005 privind concediile si indemnizatiile de asigurari sociale de sanatate, cu modificarile si completarile ulterioare; Ordonanta Guvernului nr. 137\/2000 R privind prevenirea si sanctionarea tuturor formelor de discriminare, cu completarile si modificarile ulterioare; Ordonanta \u00a0\u00a0nr. 137\/2000 din 31 august 2000\u00a0\u00a0\u00a0 *** republicata , privind prevenirea si sanctionarea tuturor formelor de discriminare**;cu modificarile si completarile ulterioare; Regulamentul general privind protectia datelor nr. 679 din 27 aprilie 2016 privind protectia persoanelor fizice in ceea ce priveste prelucrarea datelor cu caracter personal si privind libera circulatie a acestor date si de abrogare a Directivei 95\/46\/CE; Conventia privind eliminarea tuturor formelor de discriminare impotriva femeilor (CEDAW), 1979, adoptata in Romania in 1980 si ratificata in 1982; Codul de conduita al salariatilor DAS Turda HCL 39\/2005 privind infiintarea Serviciului Public de Asistenta Sociala, ca institutie publica cu personalitate juridica\u00a0 HCL 247\/2018 privind schimbarea denumirii din SPAS Turda in Directia de Asistenta Sociala Turda; Conventia Consiliului Europei privind prevenirea si combaterea violentei impotriva femeilor si a violentei domestice (Conventia de la Istanbul), in 2016; Hot\u0103r\u00e2ri ale Consiliului Local Turda; Actele normative emise de c\u0103tre Guvernul Rom\u00e2niei\u00a0 pot fi consultate pe portalul http:\/\/legislatie.just.ro<\/p>\n","protected":false},"author":1,"featured_media":0,"parent":0,"menu_order":11,"comment_status":"closed","ping_status":"closed","template":"","meta":{"footnotes":""},"class_list":["post-325","page","type-page","status-publish","hentry"],"aioseo_notices":[],"_links":{"self":[{"href":"http:\/\/asistentasocialaturda.ro\/index.php\/wp-json\/wp\/v2\/pages\/325","targetHints":{"allow":["GET"]}}],"collection":[{"href":"http:\/\/asistentasocialaturda.ro\/index.php\/wp-json\/wp\/v2\/pages"}],"about":[{"href":"http:\/\/asistentasocialaturda.ro\/index.php\/wp-json\/wp\/v2\/types\/page"}],"author":[{"embeddable":true,"href":"http:\/\/asistentasocialaturda.ro\/index.php\/wp-json\/wp\/v2\/users\/1"}],"replies":[{"embeddable":true,"href":"http:\/\/asistentasocialaturda.ro\/index.php\/wp-json\/wp\/v2\/comments?post=325"}],"version-history":[{"count":17,"href":"http:\/\/asistentasocialaturda.ro\/index.php\/wp-json\/wp\/v2\/pages\/325\/revisions"}],"predecessor-version":[{"id":4206,"href":"http:\/\/asistentasocialaturda.ro\/index.php\/wp-json\/wp\/v2\/pages\/325\/revisions\/4206"}],"wp:attachment":[{"href":"http:\/\/asistentasocialaturda.ro\/index.php\/wp-json\/wp\/v2\/media?parent=325"}],"curies":[{"name":"wp","href":"https:\/\/api.w.org\/{rel}","templated":true}]}}