{"id":2026,"date":"2022-11-09T14:40:47","date_gmt":"2022-11-09T12:40:47","guid":{"rendered":"https:\/\/asistentasocialaturda.ro\/?page_id=2026"},"modified":"2022-11-09T14:43:30","modified_gmt":"2022-11-09T12:43:30","slug":"program-public","status":"publish","type":"page","link":"http:\/\/asistentasocialaturda.ro\/index.php\/program-public\/","title":{"rendered":"Program cu publicul"},"content":{"rendered":"<p>Luni: <strong><span style=\"color: #0000ff;\">08<span style=\"text-decoration: underline;\"><sup>00<\/sup><\/span> &#8211; 13<span style=\"text-decoration: underline;\"><sup>00<\/sup><\/span><\/span><\/strong><\/p>\n<p>Mar\u021bi: <strong><span style=\"color: #0000ff;\">08<span style=\"text-decoration: underline;\"><sup>00<\/sup><\/span> &#8211; 18<sup><span style=\"text-decoration: underline;\">00<\/span><\/sup><\/span><\/strong><\/p>\n<p>Miercuri: <span style=\"color: #0000ff;\"><strong>08<span style=\"text-decoration: underline;\"><sup>00<\/sup><\/span> &#8211; 13<sup><span style=\"text-decoration: underline;\">00<\/span><\/sup><\/strong><\/span><\/p>\n<p>Joi: <span style=\"color: #0000ff;\"><strong>08<sup><span style=\"text-decoration: underline;\">00<\/span><\/sup> &#8211; 13<sup><span style=\"text-decoration: underline;\">00<\/span><\/sup><\/strong><\/span><\/p>\n<p>Vineri: <span style=\"color: #0000ff;\"><strong>08<sup><span style=\"text-decoration: underline;\">00<\/span><\/sup> &#8211; 12<sup><span style=\"text-decoration: underline;\">00<\/span><\/sup><\/strong><\/span><\/p>\n<p>S\u00e2mb\u0103t\u0103 &#8211; Duminic\u0103: <span style=\"color: #ff0000;\"><strong>\u00ceNCHIS<\/strong><\/span><\/p>\n","protected":false},"excerpt":{"rendered":"<p>Luni: 0800 &#8211; 1300 Mar\u021bi: 0800 &#8211; 1800 Miercuri: 0800 &#8211; 1300 Joi: 0800 &#8211; 1300 Vineri: 0800 &#8211; 1200 S\u00e2mb\u0103t\u0103 &#8211; Duminic\u0103: \u00ceNCHIS<\/p>\n","protected":false},"author":1,"featured_media":0,"parent":0,"menu_order":0,"comment_status":"closed","ping_status":"closed","template":"","meta":{"footnotes":""},"class_list":["post-2026","page","type-page","status-publish","hentry"],"aioseo_notices":[],"_links":{"self":[{"href":"http:\/\/asistentasocialaturda.ro\/index.php\/wp-json\/wp\/v2\/pages\/2026","targetHints":{"allow":["GET"]}}],"collection":[{"href":"http:\/\/asistentasocialaturda.ro\/index.php\/wp-json\/wp\/v2\/pages"}],"about":[{"href":"http:\/\/asistentasocialaturda.ro\/index.php\/wp-json\/wp\/v2\/types\/page"}],"author":[{"embeddable":true,"href":"http:\/\/asistentasocialaturda.ro\/index.php\/wp-json\/wp\/v2\/users\/1"}],"replies":[{"embeddable":true,"href":"http:\/\/asistentasocialaturda.ro\/index.php\/wp-json\/wp\/v2\/comments?post=2026"}],"version-history":[{"count":4,"href":"http:\/\/asistentasocialaturda.ro\/index.php\/wp-json\/wp\/v2\/pages\/2026\/revisions"}],"predecessor-version":[{"id":2030,"href":"http:\/\/asistentasocialaturda.ro\/index.php\/wp-json\/wp\/v2\/pages\/2026\/revisions\/2030"}],"wp:attachment":[{"href":"http:\/\/asistentasocialaturda.ro\/index.php\/wp-json\/wp\/v2\/media?parent=2026"}],"curies":[{"name":"wp","href":"https:\/\/api.w.org\/{rel}","templated":true}]}}