{"id":117,"date":"2016-11-17T14:37:29","date_gmt":"2016-11-17T12:37:29","guid":{"rendered":"http:\/\/spasturda.ro\/wordpress\/?page_id=117"},"modified":"2025-09-22T11:09:29","modified_gmt":"2025-09-22T08:09:29","slug":"asistenta-medicala","status":"publish","type":"page","link":"http:\/\/asistentasocialaturda.ro\/index.php\/asistenta-medicala\/","title":{"rendered":"Serviciul de asisten\u021b\u0103 medical\u0103"},"content":{"rendered":"<p style=\"text-align: justify;\">Asistenta medicala scolara este o parte componenta din cadrul Directiei de Asistenta Sociala Turda,avand ca obiect de activitate asigurarea asistentei medicale preventive, curative si de urgenta pentru anteprescolarii, prescolarii si elevi pe toata perioada in care isi desfasoara activitatea in unitatile de invatamant.<\/p>\n<p style=\"text-align: justify;\">Aceasta activitate\u00a0 se desfasoara prin reteaua \u00a0de cabinete de medicin\u0103 general\u0103 c\u00e2t \u0219i cabinete stomatologice .Oferim asisten\u021b\u0103 medical\u0103 gratuit\u0103 pentru anteprescolari, pre\u0219colari \u0219i elevi, contribuind astfel la prevenirea \u00eemboln\u0103virilor, depistarea timpurie a problemelor de s\u0103n\u0103tate \u0219i \u00eencurajarea unui stil de via\u021b\u0103 echilibrat \u0219i s\u0103n\u0103tos.<\/p>\n<p style=\"text-align: justify;\">Cabinetele func\u021bioneaz\u0103 \u00een cadrul mai multor unit\u0103\u021bi de \u00eenv\u0103\u021b\u0103m\u00e2nt din municipiul Turda, astfel \u00eenc\u00e2t s\u0103 apermita accesul cat mai rapid \u0219i u\u0219or la \u00eengrijire medical\u0103.<\/p>\n<p style=\"text-align: justify;\">Echipa noastr\u0103 este format\u0103 din medici \u0219colari, medici stomatologi si\u00a0 asisten\u021bi medicali dedica\u021bi \u00een totalitate s\u0103n\u0103t\u0103\u021bii copiilor.<\/p>\n<p style=\"text-align: justify;\"><strong>Atribu\u0163iile personalului medical<\/strong><\/p>\n<ul style=\"text-align: justify;\">\n<li>asigurarea s\u0103n\u0103t\u0103\u0163ii pacien\u0163ilor prin activit\u0103\u0163i de preven\u0163ie, diagnostic \u015fi tratament al maladiilor, pentru men\u0163inerea \u015fi recuperarea s\u0103n\u0103t\u0103\u0163ii pacien\u0163ilor sau a colectivit\u0103\u0163ii, cu respectarea codului deontologic medical;<\/li>\n<\/ul>\n<p style=\"text-align: justify;\"><strong>Asisten\u021ba medical\u0103 \u0219colar\u0103 asigur\u0103:<\/strong><\/p>\n<ul style=\"text-align: justify;\">\n<li>servicii de asigurare a unui mediu s\u0103n\u0103tos pentru comunitatea de anteprescolari pre\u015fcolari \u015fi\/sau elevi prin identificarea \u015fi managementul riscurilor pentru s\u0103n\u0103tatea colectivit\u0103\u0163ii, gestionarea circuitelor func\u0163ionale, verificarea respect\u0103rii reglement\u0103rilor de s\u0103n\u0103tate public\u0103;<\/li>\n<li>servicii de men\u0163inere a st\u0103rii de s\u0103n\u0103tate individuale \u015fi colective \u2013 imuniz\u0103ri, triaj epidemiologic;<\/li>\n<li>servicii de examinare a st\u0103rii de s\u0103n\u0103tate a elevilor \u2013 evaluarea st\u0103rii de s\u0103n\u0103tate, monitorizarea copiilor cu afec\u0163iuni cronice, eliberarea documentelor medicale necesare;<\/li>\n<li>servicii de asigurare a st\u0103rii de s\u0103n\u0103tate individuale \u2013 acordarea consultatii si \u00eengrijiri medicale pentru afec\u0163iuni curente<\/li>\n<li>servicii medicale de asigurare a st\u0103rii de s\u0103n\u0103tate \u2013 ac\u0163iuni medicale curative, acordarea de consulta\u0163ii medicale la cerere, eliberarea de bilete de trimitere,prescriptii medicale<\/li>\n<li>acordarea de prim ajutor \u00een caz de urgen\u0163\u0103;<\/li>\n<li>activit\u0103\u0163i de educa\u0163ie pentru s\u0103n\u0103tate \u015fi de promovare a unui stil de via\u0163\u0103 s\u0103n\u0103tos<\/li>\n<li>servicii de men\u021binere a s\u0103n\u0103t\u0103\u021bii orodentare\u00a0 prin efectuarea\u00a0 de consultatii si controale stomatologice periodice,tratamente profilactice(instructaj privind tehnica de periaj si mijloacele cele mai potrivite ,igienizari, profesionale,detartraje,fluorizari,sigilari depistarea si reconditionarea obiceiurilor vicioase,depistarea anomaliilor dento-maxilare,initierea tratamentelor interceptive ale anomaliilor dento-maxilare prin extractia dintilor temporari persistenti sau a slefuirilor selective a dintilor temporari ),tratamente curative(obturatii,tratamente radiculare si extractii).<\/li>\n<\/ul>\n<p style=\"text-align: justify;\">V\u0103 invit\u0103m s\u0103 ne descoperi\u021bi activitatea si prin instantanee din munca noastr\u0103 zilnic\u0103.<\/p>\n<p>&nbsp;<\/p>\n<div class=\"wp-block-image\"><img loading=\"lazy\" decoding=\"async\" class=\"wpa-warning wpa-image-missing-alt aligncenter size-full wp-image-4033\" src=\"http:\/\/asistentasocialaturda.ro\/wp-content\/uploads\/2025\/06\/Memorie-temporara-Clipboard_06-27-2025_08.jpg\" alt=\"\" width=\"566\" height=\"495\" data-warning=\"Missing alt text\" srcset=\"http:\/\/asistentasocialaturda.ro\/wp-content\/uploads\/2025\/06\/Memorie-temporara-Clipboard_06-27-2025_08.jpg 566w, http:\/\/asistentasocialaturda.ro\/wp-content\/uploads\/2025\/06\/Memorie-temporara-Clipboard_06-27-2025_08-300x262.jpg 300w\" sizes=\"auto, (max-width: 566px) 100vw, 566px\" \/><\/div>\n<div class=\"wp-block-image\"><img loading=\"lazy\" decoding=\"async\" class=\"wpa-warning wpa-image-missing-alt aligncenter size-full wp-image-4034\" src=\"http:\/\/asistentasocialaturda.ro\/wp-content\/uploads\/2025\/06\/Memorie-temporara-Clipboard_06-27-2025_07.jpg\" alt=\"\" width=\"529\" height=\"747\" data-warning=\"Missing alt text\" srcset=\"http:\/\/asistentasocialaturda.ro\/wp-content\/uploads\/2025\/06\/Memorie-temporara-Clipboard_06-27-2025_07.jpg 529w, http:\/\/asistentasocialaturda.ro\/wp-content\/uploads\/2025\/06\/Memorie-temporara-Clipboard_06-27-2025_07-212x300.jpg 212w\" sizes=\"auto, (max-width: 529px) 100vw, 529px\" \/><\/div>\n<div class=\"wp-block-image\"><img loading=\"lazy\" decoding=\"async\" class=\"wpa-warning wpa-image-missing-alt aligncenter size-full wp-image-4035\" src=\"http:\/\/asistentasocialaturda.ro\/wp-content\/uploads\/2025\/06\/Memorie-temporara-Clipboard_06-27-2025_06.jpg\" alt=\"\" width=\"562\" height=\"749\" data-warning=\"Missing alt text\" srcset=\"http:\/\/asistentasocialaturda.ro\/wp-content\/uploads\/2025\/06\/Memorie-temporara-Clipboard_06-27-2025_06.jpg 562w, http:\/\/asistentasocialaturda.ro\/wp-content\/uploads\/2025\/06\/Memorie-temporara-Clipboard_06-27-2025_06-225x300.jpg 225w\" sizes=\"auto, (max-width: 562px) 100vw, 562px\" \/><\/div>\n<div class=\"wp-block-image\"><img loading=\"lazy\" decoding=\"async\" class=\"wpa-warning wpa-image-missing-alt aligncenter size-full wp-image-4036\" src=\"http:\/\/asistentasocialaturda.ro\/wp-content\/uploads\/2025\/06\/Memorie-temporara-Clipboard_06-27-2025_05.jpg\" alt=\"\" width=\"508\" height=\"647\" data-warning=\"Missing alt text\" srcset=\"http:\/\/asistentasocialaturda.ro\/wp-content\/uploads\/2025\/06\/Memorie-temporara-Clipboard_06-27-2025_05.jpg 508w, http:\/\/asistentasocialaturda.ro\/wp-content\/uploads\/2025\/06\/Memorie-temporara-Clipboard_06-27-2025_05-236x300.jpg 236w\" sizes=\"auto, (max-width: 508px) 100vw, 508px\" \/><\/div>\n<div class=\"wp-block-image\"><img loading=\"lazy\" decoding=\"async\" class=\"wpa-warning wpa-image-missing-alt aligncenter size-full wp-image-4037\" src=\"http:\/\/asistentasocialaturda.ro\/wp-content\/uploads\/2025\/06\/Memorie-temporara-Clipboard_06-27-2025_04.jpg\" alt=\"\" width=\"527\" height=\"670\" data-warning=\"Missing alt text\" srcset=\"http:\/\/asistentasocialaturda.ro\/wp-content\/uploads\/2025\/06\/Memorie-temporara-Clipboard_06-27-2025_04.jpg 527w, http:\/\/asistentasocialaturda.ro\/wp-content\/uploads\/2025\/06\/Memorie-temporara-Clipboard_06-27-2025_04-236x300.jpg 236w\" sizes=\"auto, (max-width: 527px) 100vw, 527px\" \/><\/div>\n<div class=\"wp-block-image\"><img loading=\"lazy\" decoding=\"async\" class=\"wpa-warning wpa-image-missing-alt aligncenter size-full wp-image-4038\" src=\"http:\/\/asistentasocialaturda.ro\/wp-content\/uploads\/2025\/06\/Memorie-temporara-Clipboard_06-27-2025_03.jpg\" alt=\"\" width=\"475\" height=\"653\" data-warning=\"Missing alt text\" srcset=\"http:\/\/asistentasocialaturda.ro\/wp-content\/uploads\/2025\/06\/Memorie-temporara-Clipboard_06-27-2025_03.jpg 475w, http:\/\/asistentasocialaturda.ro\/wp-content\/uploads\/2025\/06\/Memorie-temporara-Clipboard_06-27-2025_03-218x300.jpg 218w\" sizes=\"auto, (max-width: 475px) 100vw, 475px\" \/><\/div>\n<div class=\"wp-block-image\"><img loading=\"lazy\" decoding=\"async\" class=\"wpa-warning wpa-image-missing-alt aligncenter size-full wp-image-4039\" src=\"http:\/\/asistentasocialaturda.ro\/wp-content\/uploads\/2025\/06\/Memorie-temporara-Clipboard_06-27-2025_02.jpg\" alt=\"\" width=\"568\" height=\"757\" data-warning=\"Missing alt text\" srcset=\"http:\/\/asistentasocialaturda.ro\/wp-content\/uploads\/2025\/06\/Memorie-temporara-Clipboard_06-27-2025_02.jpg 568w, http:\/\/asistentasocialaturda.ro\/wp-content\/uploads\/2025\/06\/Memorie-temporara-Clipboard_06-27-2025_02-225x300.jpg 225w\" sizes=\"auto, (max-width: 568px) 100vw, 568px\" \/><\/div>\n<div><\/div>\n<div><a href=\"http:\/\/asistentasocialaturda.ro\/wp-content\/uploads\/2025\/09\/SERVICIUL-DE-ASISTENTA-MEDICALA.pdf\">REGULAMENTUL DE ORGANIZARE \u0218I FUNC\u021aIONARE<\/a><\/div>\n","protected":false},"excerpt":{"rendered":"<p>Asistenta medicala scolara este o parte componenta din cadrul Directiei de Asistenta Sociala Turda,avand ca obiect de activitate asigurarea asistentei medicale preventive, curative si de urgenta pentru anteprescolarii, prescolarii si elevi pe toata perioada in care isi desfasoara activitatea in unitatile de invatamant. Aceasta activitate\u00a0 se desfasoara prin reteaua \u00a0de cabinete de medicin\u0103 general\u0103 c\u00e2t \u0219i cabinete stomatologice .Oferim asisten\u021b\u0103 medical\u0103 gratuit\u0103 pentru anteprescolari, pre\u0219colari \u0219i elevi, contribuind astfel la prevenirea \u00eemboln\u0103virilor, depistarea timpurie a problemelor de s\u0103n\u0103tate \u0219i \u00eencurajarea unui stil de via\u021b\u0103 echilibrat \u0219i s\u0103n\u0103tos. Cabinetele func\u021bioneaz\u0103 \u00een cadrul mai multor unit\u0103\u021bi de \u00eenv\u0103\u021b\u0103m\u00e2nt din municipiul Turda, astfel \u00eenc\u00e2t s\u0103 apermita accesul cat mai rapid \u0219i u\u0219or la \u00eengrijire medical\u0103. Echipa noastr\u0103 este format\u0103 din medici \u0219colari, medici stomatologi si\u00a0 asisten\u021bi medicali dedica\u021bi \u00een totalitate s\u0103n\u0103t\u0103\u021bii copiilor. Atribu\u0163iile personalului medical asigurarea s\u0103n\u0103t\u0103\u0163ii pacien\u0163ilor prin activit\u0103\u0163i de preven\u0163ie, diagnostic \u015fi tratament al maladiilor, pentru men\u0163inerea \u015fi recuperarea s\u0103n\u0103t\u0103\u0163ii pacien\u0163ilor sau a colectivit\u0103\u0163ii, cu respectarea codului deontologic medical; Asisten\u021ba medical\u0103 \u0219colar\u0103 asigur\u0103: servicii de asigurare a unui mediu s\u0103n\u0103tos pentru comunitatea de anteprescolari pre\u015fcolari \u015fi\/sau elevi prin identificarea \u015fi managementul riscurilor pentru s\u0103n\u0103tatea colectivit\u0103\u0163ii, gestionarea circuitelor func\u0163ionale, verificarea respect\u0103rii reglement\u0103rilor de s\u0103n\u0103tate public\u0103; servicii de men\u0163inere a st\u0103rii de s\u0103n\u0103tate individuale \u015fi colective \u2013 imuniz\u0103ri, triaj epidemiologic; servicii de examinare a st\u0103rii de s\u0103n\u0103tate a elevilor \u2013 evaluarea st\u0103rii de s\u0103n\u0103tate, monitorizarea copiilor cu afec\u0163iuni cronice, eliberarea documentelor medicale necesare; servicii de asigurare a st\u0103rii de s\u0103n\u0103tate individuale \u2013 acordarea consultatii si \u00eengrijiri medicale pentru afec\u0163iuni curente servicii medicale de asigurare a st\u0103rii de s\u0103n\u0103tate \u2013 ac\u0163iuni medicale curative, acordarea de consulta\u0163ii medicale la cerere, eliberarea de bilete de trimitere,prescriptii medicale acordarea de prim ajutor \u00een caz de urgen\u0163\u0103; activit\u0103\u0163i de educa\u0163ie pentru s\u0103n\u0103tate \u015fi de promovare a unui stil de via\u0163\u0103 s\u0103n\u0103tos servicii de men\u021binere a s\u0103n\u0103t\u0103\u021bii orodentare\u00a0 prin efectuarea\u00a0 de consultatii si controale stomatologice periodice,tratamente profilactice(instructaj privind tehnica de periaj si mijloacele cele mai potrivite ,igienizari, profesionale,detartraje,fluorizari,sigilari depistarea si reconditionarea obiceiurilor vicioase,depistarea anomaliilor dento-maxilare,initierea tratamentelor interceptive ale anomaliilor dento-maxilare prin extractia dintilor temporari persistenti sau a slefuirilor selective a dintilor temporari ),tratamente curative(obturatii,tratamente radiculare si extractii). V\u0103 invit\u0103m s\u0103 ne descoperi\u021bi activitatea si prin instantanee din munca noastr\u0103 zilnic\u0103. &nbsp; REGULAMENTUL DE ORGANIZARE \u0218I FUNC\u021aIONARE<\/p>\n","protected":false},"author":1,"featured_media":0,"parent":0,"menu_order":9,"comment_status":"closed","ping_status":"closed","template":"","meta":{"footnotes":""},"class_list":["post-117","page","type-page","status-publish","hentry"],"aioseo_notices":[],"_links":{"self":[{"href":"http:\/\/asistentasocialaturda.ro\/index.php\/wp-json\/wp\/v2\/pages\/117","targetHints":{"allow":["GET"]}}],"collection":[{"href":"http:\/\/asistentasocialaturda.ro\/index.php\/wp-json\/wp\/v2\/pages"}],"about":[{"href":"http:\/\/asistentasocialaturda.ro\/index.php\/wp-json\/wp\/v2\/types\/page"}],"author":[{"embeddable":true,"href":"http:\/\/asistentasocialaturda.ro\/index.php\/wp-json\/wp\/v2\/users\/1"}],"replies":[{"embeddable":true,"href":"http:\/\/asistentasocialaturda.ro\/index.php\/wp-json\/wp\/v2\/comments?post=117"}],"version-history":[{"count":11,"href":"http:\/\/asistentasocialaturda.ro\/index.php\/wp-json\/wp\/v2\/pages\/117\/revisions"}],"predecessor-version":[{"id":4536,"href":"http:\/\/asistentasocialaturda.ro\/index.php\/wp-json\/wp\/v2\/pages\/117\/revisions\/4536"}],"wp:attachment":[{"href":"http:\/\/asistentasocialaturda.ro\/index.php\/wp-json\/wp\/v2\/media?parent=117"}],"curies":[{"name":"wp","href":"https:\/\/api.w.org\/{rel}","templated":true}]}}