{"id":1045,"date":"2018-06-14T14:32:12","date_gmt":"2018-06-14T11:32:12","guid":{"rendered":"http:\/\/spasturda.ro\/?page_id=1045"},"modified":"2025-07-02T14:12:26","modified_gmt":"2025-07-02T11:12:26","slug":"date-cu-caracter-personal","status":"publish","type":"page","link":"http:\/\/asistentasocialaturda.ro\/index.php\/date-cu-caracter-personal\/","title":{"rendered":"Protec\u021bia datelor cu caracter personal"},"content":{"rendered":"<h1 style=\"text-align: center;\"><em>INFORMARE CU PRIVIRE LA PRELUCRAREA DATELOR CU CARACTER PERSONAL<\/em><\/h1>\n<p style=\"text-align: justify;\">Pentru implementarea Regulamentului Uniunii Europene nr. 2016\/679 din 27 aprilie 2016 privind protec\u0163ia persoanelor fizice \u00een ceea ce prive\u015fte prelucrarea datelor cu caracter personal \u015fi privind libera circula\u0163ie a acestor date \u015fi de abrogare a Directivei 95\/46\/CE (Regulamentul general privind protec\u0163ia datelor), aplicabil \u00eencep\u00e2nd cu data de 25 mai 2018, v\u0103 inform\u0103m c\u0103 prelucrarea datelor cu caracter personal este realizat\u0103 doar pentru scopuri legitime, <em>\u00een func\u0163ie de beneficiul de asisten\u0163\u0103 social\u0103 solicitat<\/em>,\u00a0 astfel:<\/p>\n<ul style=\"text-align: justify;\">\n<li><em>Ce date personale prelucr\u0103m?<\/em><\/li>\n<\/ul>\n<p style=\"text-align: justify;\">Datele personale pe care le prelucram sunt datele tale de identificare, financiare, demografice sau alte date personale pe care le colect\u0103m direct de la tine sau din alte surse atunci cand devii beneficiar de asisten\u0163\u0103 social\u0103.<\/p>\n<ul style=\"text-align: justify;\">\n<li><em>Cum prelucr\u0103m datele tale personale?<\/em><\/li>\n<\/ul>\n<p style=\"text-align: justify;\">Prelucrarea datelor cu caracter personal este realizat\u0103 doar prin procesarea datelor de identificare ale solicitantului sau beneficiarului dreptului de asisten\u0163a social\u0103 (nume\/prenume, CNP, domiciliu etc.)<\/p>\n<p style=\"text-align: justify;\">Parte din responsabilitatea noastra \u00een aceasta rela\u0163ie este \u015fi modul \u00een care avem grij\u0103 de datele tale personale pe care ni le-ai pus la dispozitie \u015fi cele ob\u0163inute din alte surse.<\/p>\n<ul style=\"text-align: justify;\">\n<li><em>Care este scopul prelucr\u0103rii datelor personale ?<\/em><\/li>\n<\/ul>\n<p style=\"text-align: justify;\">A\u015fa cum \u015ftii, prelucr\u0103m datele tale cu caracter personal \u00een scopul:<\/p>\n<ol style=\"text-align: justify;\">\n<li>verific\u0103rii \u015fi stabilirii \u00eendeplinirii sau ne\u00eendeplinirii condi\u0163iilor legale de eligibilitate pentru acordarea beneficiilor de asisten\u0163a social\u0103 solicitate;<\/li>\n<li>efectu\u0103rii pl\u0103\u0163ilor beneficiilor de asisten\u0163\u0103 social\u0103 realizat\u0103 prin unit\u0103\u0163i bancare, \u00een conturi bancare sau, dup\u0103 caz, prin numerar;<\/li>\n<li>asigur\u0103rii \u015fi gestion\u0103rii bazelor de date referitoare la sistemul de informa\u0163ii privind beneficiile de asisten\u0163\u0103 social\u0103;<\/li>\n<\/ol>\n<ul style=\"text-align: justify;\">\n<li><em>Cu ce institu\u0163ii colabor\u0103m pentru prelucrarea datelor tale personale?<\/em><\/li>\n<\/ul>\n<p style=\"text-align: justify;\">Comunic\u0103m aceste date c\u0103tre autorit\u0103\u0163i publice, operatori, ter\u0163i sau \u00eemputernici\u0163i, astfel:<\/p>\n<p style=\"text-align: justify;\"><span style=\"text-decoration: line-through;\">\u00a0<\/span>\u00a0Prim\u0103rii \u015fi servicii publice de asisten\u0163\u0103 social\u0103 din cadrul unit\u0103\u0163ilor administrativ -teritoriale \u00een care locui\u0163i;<\/p>\n<ul style=\"text-align: justify; list-style-type: circle;\">\n<li>Agen\u0163ia Na\u0163ional\u0103 pentru Ocuparea For\u0163ei de Munc\u0103 \u015fi structurile sale teritoriale, respectiv agen\u0163ia teritorial\u0103 pentru ocuparea for\u0163ei de munc\u0103\u00a0;<\/li>\n<li>Agen\u0163ia Na\u0163ional\u0103 de Administrare Fiscal\u0103, respectiv organul fiscal \u00een a c\u0103rui raz\u0103 teritorial\u0103 se afl\u0103 situat\u0103 prim\u0103ria\u00a0;<\/li>\n<li>Inspec\u0163ia Muncii, respectiv inspectoratul teritorial de munc\u0103,<\/li>\n<li>Ministerul S\u0103n\u0103t\u0103\u0163ii;<\/li>\n<li>Inspectoratele \u015fcolare;<\/li>\n<li>Furnizorii de energie electric\u0103\/termic\u0103\/ gaze naturale;<\/li>\n<li>Casa Na\u0163ional\u0103 de S\u0103n\u0103tate \u015fi structurile sale teritoriale, respectiv casele jude\u0163ene de s\u0103natate\u00a0;<\/li>\n<li>Autoritatea Na\u0163ional\u0103 pentru Persoanele cu Dizabilit\u0103\u0163i\u00a0;<\/li>\n<li>Directia pentru evidenta persoanelor \u015fi administrarea bazei de date;<\/li>\n<li>Inspectoratul General pentru Imigr\u0103ri;<\/li>\n<li>Compania Na\u0163ional\u0103 &#8222;Po\u015fta Rom\u00e2n\u0103&#8221; &#8211; S.A;<\/li>\n<li>Unit\u0103\u0163i bancare;<\/li>\n<li>Direc\u0163iile generale de asisten\u0163\u0103 social\u0103 \u015fi protec\u0163ia copilului<\/li>\n<li>Alte institu\u0163ii ale statului rom\u00e2n (ex. Politie, Judecatorie, etc) care pot furniza informa\u0163ii necesare pentru \u00eendeplinirea obliga\u0163iilor legale care \u00eei revin operatorului \u015fi care rezult\u0103 din exercitarea atribu\u0163iilor autorit\u0103\u0163ii publice.<\/li>\n<\/ul>\n<p>&nbsp;<\/p>\n<ul style=\"text-align: justify;\">\n<li><em>Care este perioada pentru care vor fi prelucrate datele tale?<\/em><\/li>\n<\/ul>\n<p style=\"text-align: justify;\">Mentionam ca pentru a determina perioada pentru care vor fi prelucrate datele, lu\u0103m \u00een calcul durata p\u00e2n\u0103 la \u00eencetarea dreptului de asisten\u0163\u0103 social\u0103 iar \u00een cazul beneficiilor ce asigur\u0103 stagiu de cotizare asimilat, datele cu caracter personal sunt p\u0103strate \u015fi stocate pe perioade mari de timp \u2013 minim 50 de ani.<\/p>\n<ul style=\"text-align: justify;\">\n<li><em>Care sunt drepturile tale?<\/em><\/li>\n<\/ul>\n<p style=\"text-align: justify;\">Regulamentul confer\u0103 mai multe drepturi persoanelor c\u0103rora li se prelucreaz\u0103 date personale astfel, pe lang\u0103 drepturile existente \u00een prezent, reg\u0103sim \u015fi alte drepturi noi.<\/p>\n<p style=\"text-align: justify;\"><em><u>Dreptul de a fi informat<\/u><\/em>&#8211; dreptul de a va fi furnizate informatii corecte de procesare, fiind asigurata transparenta in ceea ce priveste modul de utilizare a datelor cu caracter personal;<\/p>\n<p style=\"text-align: justify;\"><em><u>Dreptul de acces la date<\/u><\/em>&#8211; dreptul de a obtine o confirmare din partea noastra ca prelucram sau nu datele d-voastra, iar in caz afirmativ, dreptul de a avea acces la respectivele date;<\/p>\n<p style=\"text-align: justify;\"><em><u>Dreptul la rectificare<\/u><\/em>&#8211; dreptul de a fi rectificate, fara intarzieri nejustificate, datele personale inexacte;<\/p>\n<p style=\"text-align: justify;\"><em><u>Dreptul la stergerea datelor\u2018\u2019dreptul de a fi uitat\u2019\u2019<\/u><\/em>&#8211; dreptul de a va fi sterse datele, fara intarzieri nejustificate, daca acestea au fost prelucrate ilegal, fara consimtamantul d-voastra sau daca nu mai sunt necesare pentru indeplinirea scopurilor pentru care au fost colectate;<\/p>\n<p style=\"text-align: justify;\"><em><u>Dreptul la restrictionarea prelucrarii<\/u><\/em>&#8211; dreptul de a obtine restrictionarea prelucrarii datelor cu caracter personal;<\/p>\n<p style=\"text-align: justify;\"><em><u>Dreptul la portabilitatea datelor<\/u><\/em>&#8211; dreptul de a primi datele personale intr-un format structurat, care poate fi citit automat, precum si dreptul ca aceste date sa fie transmise direct altui operator;<\/p>\n<p style=\"text-align: justify;\"><em><u>Dreptul la opozitie<\/u><\/em>&#8211; dreptul de a va opune prelucrarii datelor cu caracter personal, inclusiv crearii de profiluri.<\/p>\n<p style=\"text-align: justify;\">La nivelul DAS TURDA a fost numit responsabilul cu protec\u0163ia datelor personale conform deciziei nr. 240\/24.05.2018.<\/p>\n<p style=\"text-align: justify;\">Responsabilul pentru Protec\u0163ia Datelor poate fi contactat daca exist\u0103 nelamuriri cu privire la orice aspect ce \u0163ine de protec\u0163ia datelor personale, prin transmiterea unei solicitari la sediul nostru din mun. Turda, str.Dacia , nr.1, jud.Cluj.<\/p>\n<p style=\"text-align: justify;\">Va asiguram ca informatiile inregistrate au un caracter confidential si vor fi utilizate exclusiv in scopurile necesare desfasurarii activitatii institutiei.<\/p>\n<p><a href=\"http:\/\/asistentasocialaturda.ro\/wp-content\/uploads\/2018\/06\/2018-04-GDPR-Infographic_V2-copy-830x613.jpg\"><img loading=\"lazy\" decoding=\"async\" class=\"aligncenter size-full wp-image-1054\" src=\"http:\/\/asistentasocialaturda.ro\/wp-content\/uploads\/2018\/06\/2018-04-GDPR-Infographic_V2-copy-830x613.jpg\" alt=\"\" width=\"830\" height=\"613\" srcset=\"http:\/\/asistentasocialaturda.ro\/wp-content\/uploads\/2018\/06\/2018-04-GDPR-Infographic_V2-copy-830x613.jpg 830w, http:\/\/asistentasocialaturda.ro\/wp-content\/uploads\/2018\/06\/2018-04-GDPR-Infographic_V2-copy-830x613-300x222.jpg 300w, http:\/\/asistentasocialaturda.ro\/wp-content\/uploads\/2018\/06\/2018-04-GDPR-Infographic_V2-copy-830x613-768x567.jpg 768w, http:\/\/asistentasocialaturda.ro\/wp-content\/uploads\/2018\/06\/2018-04-GDPR-Infographic_V2-copy-830x613-406x300.jpg 406w\" sizes=\"auto, (max-width: 830px) 100vw, 830px\" \/><\/a><\/p>\n<p><a href=\"http:\/\/asistentasocialaturda.ro\/wp-content\/uploads\/2025\/06\/Politica-cookie-www.asistentasocialaturda.ro-DAS-Turda.pdf\">Politica cookie &#8211; www.asistentasocialaturda.ro &#8211; DAS Turda<\/a><\/p>\n<p><a href=\"http:\/\/asistentasocialaturda.ro\/wp-content\/uploads\/2025\/06\/SKM_4050i25063012310.pdf\">Not\u0103 de informare privind prelucrarea datelor cu caracter personal<\/a><\/p>\n<p><a href=\"http:\/\/asistentasocialaturda.ro\/wp-content\/uploads\/2025\/07\/Politica-de-confidentialitate-www.asistentasocialaturda.ro-DAS.pdf\">http:\/\/asistentasocialaturda.ro\/wp-content\/uploads\/2025\/07\/Politica-de-confidentialitate-www.asistentasocialaturda.ro-DAS.pdf<\/a><\/p>\n<p>LEGISLATIE UE:<\/p>\n<p><a href=\"http:\/\/www.mmanpis.ro\/wp-content\/uploads\/2018\/05\/ghid_portabilitate_ro.pdf\">http:\/\/www.mmanpis.ro\/wp-content\/uploads\/2018\/05\/ghid_portabilitate_ro.pdf<\/a><\/p>\n<p><a href=\"http:\/\/www.mmanpis.ro\/wp-content\/uploads\/2018\/05\/DREPTURILE-PERSOANELOR-VIZATE.pdf\">http:\/\/www.mmanpis.ro\/wp-content\/uploads\/2018\/05\/DREPTURILE-PERSOANELOR-VIZATE.pdf<\/a><\/p>\n<p><a href=\"http:\/\/www.mmanpis.ro\/wp-content\/uploads\/2018\/05\/regulament_2016_679.pdf\">http:\/\/www.mmanpis.ro\/wp-content\/uploads\/2018\/05\/regulament_2016_679.pdf<\/a><\/p>\n<p><a href=\"https:\/\/legislatie.just.ro\/Public\/DetaliiDocument\/203151\">https:\/\/legislatie.just.ro\/Public\/DetaliiDocument\/203151<\/a><\/p>\n","protected":false},"excerpt":{"rendered":"<p>INFORMARE CU PRIVIRE LA PRELUCRAREA DATELOR CU CARACTER PERSONAL Pentru implementarea Regulamentului Uniunii Europene nr. 2016\/679 din 27 aprilie 2016 privind protec\u0163ia persoanelor fizice \u00een ceea ce prive\u015fte prelucrarea datelor cu caracter personal \u015fi privind libera circula\u0163ie a acestor date \u015fi de abrogare a Directivei 95\/46\/CE (Regulamentul general privind protec\u0163ia datelor), aplicabil \u00eencep\u00e2nd cu data de 25 mai 2018, v\u0103 inform\u0103m c\u0103 prelucrarea datelor cu caracter personal este realizat\u0103 doar pentru scopuri legitime, \u00een func\u0163ie de beneficiul de asisten\u0163\u0103 social\u0103 solicitat,\u00a0 astfel: Ce date personale prelucr\u0103m? Datele personale pe care le prelucram sunt datele tale de identificare, financiare, demografice sau alte date personale pe care le colect\u0103m direct de la tine sau din alte surse atunci cand devii beneficiar de asisten\u0163\u0103 social\u0103. Cum prelucr\u0103m datele tale personale? Prelucrarea datelor cu caracter personal este realizat\u0103 doar prin procesarea datelor de identificare ale solicitantului sau beneficiarului dreptului de asisten\u0163a social\u0103 (nume\/prenume, CNP, domiciliu etc.) Parte din responsabilitatea noastra \u00een aceasta rela\u0163ie este \u015fi modul \u00een care avem grij\u0103 de datele tale personale pe care ni le-ai pus la dispozitie \u015fi cele ob\u0163inute din alte surse. Care este scopul prelucr\u0103rii datelor personale ? A\u015fa cum \u015ftii, prelucr\u0103m datele tale cu caracter personal \u00een scopul: verific\u0103rii \u015fi stabilirii \u00eendeplinirii sau ne\u00eendeplinirii condi\u0163iilor legale de eligibilitate pentru acordarea beneficiilor de asisten\u0163a social\u0103 solicitate; efectu\u0103rii pl\u0103\u0163ilor beneficiilor de asisten\u0163\u0103 social\u0103 realizat\u0103 prin unit\u0103\u0163i bancare, \u00een conturi bancare sau, dup\u0103 caz, prin numerar; asigur\u0103rii \u015fi gestion\u0103rii bazelor de date referitoare la sistemul de informa\u0163ii privind beneficiile de asisten\u0163\u0103 social\u0103; Cu ce institu\u0163ii colabor\u0103m pentru prelucrarea datelor tale personale? Comunic\u0103m aceste date c\u0103tre autorit\u0103\u0163i publice, operatori, ter\u0163i sau \u00eemputernici\u0163i, astfel: \u00a0\u00a0Prim\u0103rii \u015fi servicii publice de asisten\u0163\u0103 social\u0103 din cadrul unit\u0103\u0163ilor administrativ -teritoriale \u00een care locui\u0163i; Agen\u0163ia Na\u0163ional\u0103 pentru Ocuparea For\u0163ei de Munc\u0103 \u015fi structurile sale teritoriale, respectiv agen\u0163ia teritorial\u0103 pentru ocuparea for\u0163ei de munc\u0103\u00a0; Agen\u0163ia Na\u0163ional\u0103 de Administrare Fiscal\u0103, respectiv organul fiscal \u00een a c\u0103rui raz\u0103 teritorial\u0103 se afl\u0103 situat\u0103 prim\u0103ria\u00a0; Inspec\u0163ia Muncii, respectiv inspectoratul teritorial de munc\u0103, Ministerul S\u0103n\u0103t\u0103\u0163ii; Inspectoratele \u015fcolare; Furnizorii de energie electric\u0103\/termic\u0103\/ gaze naturale; Casa Na\u0163ional\u0103 de S\u0103n\u0103tate \u015fi structurile sale teritoriale, respectiv casele jude\u0163ene de s\u0103natate\u00a0; Autoritatea Na\u0163ional\u0103 pentru Persoanele cu Dizabilit\u0103\u0163i\u00a0; Directia pentru evidenta persoanelor \u015fi administrarea bazei de date; Inspectoratul General pentru Imigr\u0103ri; Compania Na\u0163ional\u0103 &#8222;Po\u015fta Rom\u00e2n\u0103&#8221; &#8211; S.A; Unit\u0103\u0163i bancare; Direc\u0163iile generale de asisten\u0163\u0103 social\u0103 \u015fi protec\u0163ia copilului Alte institu\u0163ii ale statului rom\u00e2n (ex. Politie, Judecatorie, etc) care pot furniza informa\u0163ii necesare pentru \u00eendeplinirea obliga\u0163iilor legale care \u00eei revin operatorului \u015fi care rezult\u0103 din exercitarea atribu\u0163iilor autorit\u0103\u0163ii publice. &nbsp; Care este perioada pentru care vor fi prelucrate datele tale? Mentionam ca pentru a determina perioada pentru care vor fi prelucrate datele, lu\u0103m \u00een calcul durata p\u00e2n\u0103 la \u00eencetarea dreptului de asisten\u0163\u0103 social\u0103 iar \u00een cazul beneficiilor ce asigur\u0103 stagiu de cotizare asimilat, datele cu caracter personal sunt p\u0103strate \u015fi stocate pe perioade mari de timp \u2013 minim 50 de ani. Care sunt drepturile tale? Regulamentul confer\u0103 mai multe drepturi persoanelor c\u0103rora li se prelucreaz\u0103 date personale astfel, pe lang\u0103 drepturile existente \u00een prezent, reg\u0103sim \u015fi alte drepturi noi. Dreptul de a fi informat&#8211; dreptul de a va fi furnizate informatii corecte de procesare, fiind asigurata transparenta in ceea ce priveste modul de utilizare a datelor cu caracter personal; Dreptul de acces la date&#8211; dreptul de a obtine o confirmare din partea noastra ca prelucram sau nu datele d-voastra, iar in caz afirmativ, dreptul de a avea acces la respectivele date; Dreptul la rectificare&#8211; dreptul de a fi rectificate, fara intarzieri nejustificate, datele personale inexacte; Dreptul la stergerea datelor\u2018\u2019dreptul de a fi uitat\u2019\u2019&#8211; dreptul de a va fi sterse datele, fara intarzieri nejustificate, daca acestea au fost prelucrate ilegal, fara consimtamantul d-voastra sau daca nu mai sunt necesare pentru indeplinirea scopurilor pentru care au fost colectate; Dreptul la restrictionarea prelucrarii&#8211; dreptul de a obtine restrictionarea prelucrarii datelor cu caracter personal; Dreptul la portabilitatea datelor&#8211; dreptul de a primi datele personale intr-un format structurat, care poate fi citit automat, precum si dreptul ca aceste date sa fie transmise direct altui operator; Dreptul la opozitie&#8211; dreptul de a va opune prelucrarii datelor cu caracter personal, inclusiv crearii de profiluri. La nivelul DAS TURDA a fost numit responsabilul cu protec\u0163ia datelor personale conform deciziei nr. 240\/24.05.2018. Responsabilul pentru Protec\u0163ia Datelor poate fi contactat daca exist\u0103 nelamuriri cu privire la orice aspect ce \u0163ine de protec\u0163ia datelor personale, prin transmiterea unei solicitari la sediul nostru din mun. Turda, str.Dacia , nr.1, jud.Cluj. Va asiguram ca informatiile inregistrate au un caracter confidential si vor fi utilizate exclusiv in scopurile necesare desfasurarii activitatii institutiei. Politica cookie &#8211; www.asistentasocialaturda.ro &#8211; DAS Turda Not\u0103 de informare privind prelucrarea datelor cu caracter personal http:\/\/asistentasocialaturda.ro\/wp-content\/uploads\/2025\/07\/Politica-de-confidentialitate-www.asistentasocialaturda.ro-DAS.pdf LEGISLATIE UE: http:\/\/www.mmanpis.ro\/wp-content\/uploads\/2018\/05\/ghid_portabilitate_ro.pdf http:\/\/www.mmanpis.ro\/wp-content\/uploads\/2018\/05\/DREPTURILE-PERSOANELOR-VIZATE.pdf http:\/\/www.mmanpis.ro\/wp-content\/uploads\/2018\/05\/regulament_2016_679.pdf https:\/\/legislatie.just.ro\/Public\/DetaliiDocument\/203151<\/p>\n","protected":false},"author":1,"featured_media":0,"parent":0,"menu_order":0,"comment_status":"closed","ping_status":"closed","template":"","meta":{"footnotes":""},"class_list":["post-1045","page","type-page","status-publish","hentry"],"aioseo_notices":[],"_links":{"self":[{"href":"http:\/\/asistentasocialaturda.ro\/index.php\/wp-json\/wp\/v2\/pages\/1045","targetHints":{"allow":["GET"]}}],"collection":[{"href":"http:\/\/asistentasocialaturda.ro\/index.php\/wp-json\/wp\/v2\/pages"}],"about":[{"href":"http:\/\/asistentasocialaturda.ro\/index.php\/wp-json\/wp\/v2\/types\/page"}],"author":[{"embeddable":true,"href":"http:\/\/asistentasocialaturda.ro\/index.php\/wp-json\/wp\/v2\/users\/1"}],"replies":[{"embeddable":true,"href":"http:\/\/asistentasocialaturda.ro\/index.php\/wp-json\/wp\/v2\/comments?post=1045"}],"version-history":[{"count":12,"href":"http:\/\/asistentasocialaturda.ro\/index.php\/wp-json\/wp\/v2\/pages\/1045\/revisions"}],"predecessor-version":[{"id":4251,"href":"http:\/\/asistentasocialaturda.ro\/index.php\/wp-json\/wp\/v2\/pages\/1045\/revisions\/4251"}],"wp:attachment":[{"href":"http:\/\/asistentasocialaturda.ro\/index.php\/wp-json\/wp\/v2\/media?parent=1045"}],"curies":[{"name":"wp","href":"https:\/\/api.w.org\/{rel}","templated":true}]}}